{"id":109,"date":"2023-01-24T18:42:39","date_gmt":"2023-01-24T17:42:39","guid":{"rendered":"https:\/\/conslione.esteri.itchi-siamo\/il-console-generale\/"},"modified":"2025-11-17T13:10:55","modified_gmt":"2025-11-17T12:10:55","slug":"il-console-generale","status":"publish","type":"page","link":"https:\/\/conslione.esteri.it\/fr\/chi-siamo\/il-console-generale\/","title":{"rendered":"Le Consul G\u00e9n\u00e9ral"},"content":{"rendered":"<p><img loading=\"lazy\" decoding=\"async\" class=\"alignnone size-medium wp-image-4389 img-fluid\" src=\"https:\/\/conslione.esteri.it\/wp-content\/uploads\/2025\/11\/CG-PETRACCA-200x300.jpg\" alt=\"\" width=\"200\" height=\"300\" srcset=\"https:\/\/conslione.esteri.it\/wp-content\/uploads\/2025\/11\/CG-PETRACCA-200x300.jpg 200w, https:\/\/conslione.esteri.it\/wp-content\/uploads\/2025\/11\/CG-PETRACCA-682x1024.jpg 682w, https:\/\/conslione.esteri.it\/wp-content\/uploads\/2025\/11\/CG-PETRACCA-768x1153.jpg 768w, https:\/\/conslione.esteri.it\/wp-content\/uploads\/2025\/11\/CG-PETRACCA.jpg 1066w\" sizes=\"auto, (max-width: 200px) 100vw, 200px\" \/><\/p>\n<p><strong>Chiara PETRACCA<\/strong><\/p>\n<p>N\u00e9e \u00e0 Palerme, le 2 mars 1977.<br \/>\nDipl\u00f4m\u00e9e en Sciences Politiques \u00e0 l\u2019Universit\u00e9 de Palerme<\/p>\n<p>D\u00e9but de la carri\u00e8re diplomatique le 29 d\u00e9cembre 2003<\/p>\n<p>Nomm\u00e9e <strong>Secr\u00e9taire de l\u00e9gation<\/strong>, le 29 septembre 2004.<\/p>\n<p>\u00c1 la Direction g\u00e9n\u00e9rale Pays d&rsquo;Asie, d&rsquo;Oc\u00e9anie, du Pacifique et de l&rsquo;Antarctique, Bureau II, le 29 septembre 2004.<\/p>\n<p>Au Bureau III de la m\u00eame Direction g\u00e9n\u00e9rale, le 2 mai 2006.<\/p>\n<p>Consul au Consulat \u00e0 Manchester, 6 novembre 2006.<\/p>\n<p>Premi\u00e8re secr\u00e9taire \u00e0 Luxembourg, 1er octobre 2009.<\/p>\n<p>Premi\u00e8re secr\u00e9taire commerciale \u00e0 Khartoum, 28 mai 2012.<\/p>\n<p><strong>Conseill\u00e8re de l\u00e9gation<\/strong>, le 2 juillet 2014, \u00e0 la Direction g\u00e9n\u00e9rale Mondialisation et questions globales, Bureau XIII, le 27avril 2015.<\/p>\n<p>Charg\u00e9e d&rsquo;exercer les fonctions de chef du Bureau, Bureau XIII de la Direction g\u00e9n\u00e9rale Mondialisation et questions globales, le 24 mai 2016.<\/p>\n<p>Charg\u00e9e d&rsquo;exercer les fonctions de chef du Bureau, Bureau VI \u00e0 la Direction G\u00e9n\u00e9rale des ressources et de l&rsquo;innovation, 29 ao\u00fbt 2016.<\/p>\n<p>Charg\u00e9e d&rsquo;exercer les fonctions de chef du bureau, Bureau VI de la Direction G\u00e9n\u00e9rale Administration, informatique et communications, le 2 janvier 2017.<\/p>\n<p>Conseill\u00e8re \u00e0 New Delhi, le 8 septembre 2017, charg\u00e9e d&rsquo;exercer les fonctions de chef du bureau, Bureau V de la Direction G\u00e9n\u00e9rale des ressources et de l&rsquo;innovation, 19 novembre 2019.<\/p>\n<p><strong>Conseill\u00e8re d&rsquo;ambassade<\/strong>, 2 juillet 2021.<\/p>\n<p>Chef du Bureau V de la Direction G\u00e9n\u00e9rale des ressources et de l&rsquo;innovation, 15 septembre 2021.<\/p>\n<p><strong>Consul g\u00e9n\u00e9ral \u00e0 Lyon<\/strong>, 4 ao\u00fbt 2023.<\/p>\n<p><em>Chevalier de l&rsquo;Ordre du M\u00e9rite de la R\u00e9publique, 2020<\/em>.<\/p>\n","protected":false},"excerpt":{"rendered":"Chiara PETRACCA N\u00e9e \u00e0 Palerme, le 2 mars 1977. Dipl\u00f4m\u00e9e en Sciences Politiques \u00e0 l\u2019Universit\u00e9 de Palerme D\u00e9but de la carri\u00e8re diplomatique le 29 d\u00e9cembre 2003 Nomm\u00e9e Secr\u00e9taire de l\u00e9gation, le 29 septembre 2004. \u00c1 la Direction g\u00e9n\u00e9rale Pays d&rsquo;Asie, d&rsquo;Oc\u00e9anie, du Pacifique et de l&rsquo;Antarctique, Bureau II, le 29 septembre 2004. Au Bureau III [&hellip;]","protected":false},"author":3,"featured_media":0,"parent":35,"menu_order":0,"comment_status":"closed","ping_status":"closed","template":"","meta":{"footnotes":""},"class_list":["post-109","page","type-page","status-publish","hentry"],"_links":{"self":[{"href":"https:\/\/conslione.esteri.it\/fr\/wp-json\/wp\/v2\/pages\/109","targetHints":{"allow":["GET"]}}],"collection":[{"href":"https:\/\/conslione.esteri.it\/fr\/wp-json\/wp\/v2\/pages"}],"about":[{"href":"https:\/\/conslione.esteri.it\/fr\/wp-json\/wp\/v2\/types\/page"}],"author":[{"embeddable":true,"href":"https:\/\/conslione.esteri.it\/fr\/wp-json\/wp\/v2\/users\/3"}],"replies":[{"embeddable":true,"href":"https:\/\/conslione.esteri.it\/fr\/wp-json\/wp\/v2\/comments?post=109"}],"version-history":[{"count":1,"href":"https:\/\/conslione.esteri.it\/fr\/wp-json\/wp\/v2\/pages\/109\/revisions"}],"predecessor-version":[{"id":4428,"href":"https:\/\/conslione.esteri.it\/fr\/wp-json\/wp\/v2\/pages\/109\/revisions\/4428"}],"up":[{"embeddable":true,"href":"https:\/\/conslione.esteri.it\/fr\/wp-json\/wp\/v2\/pages\/35"}],"wp:attachment":[{"href":"https:\/\/conslione.esteri.it\/fr\/wp-json\/wp\/v2\/media?parent=109"}],"curies":[{"name":"wp","href":"https:\/\/api.w.org\/{rel}","templated":true}]}}