{"id":110,"date":"2023-01-24T18:42:55","date_gmt":"2023-01-24T17:42:55","guid":{"rendered":"https:\/\/conslione.esteri.itchi-siamo\/la-sede\/"},"modified":"2024-09-30T10:59:15","modified_gmt":"2024-09-30T08:59:15","slug":"la-sede","status":"publish","type":"page","link":"https:\/\/conslione.esteri.it\/fr\/chi-siamo\/la-sede\/","title":{"rendered":"Le si\u00e8ge"},"content":{"rendered":"<p>Pour les urgences, durant les fins de semaine et les jours f\u00e9ri\u00e9s sur service t\u00e9l\u00e9phonique est en service.<\/p>\n<p><strong>CONSULAT GENERAL D\u2019ITALIE A LYON<\/strong><\/p>\n<p>Le Consulat G\u00e9n\u00e9ral d\u2019Italie \u00e0 Lyon est comp\u00e9tent pour les d\u00e9partements suivants:<\/p>\n<ul>\n<li>Ain, Ard\u00e8che, Dr\u00f4me, Is\u00e8re, Loire, Rh\u00f4ne, Savoie et Haute Savoie (Rh\u00f4ne-Alpes)<\/li>\n<li>Allier, Cantal,Haute-Loire, Puy-de-D\u00f4me (Auvergne)<\/li>\n<li>Corr\u00e8ze, Creuse, Haute-Vienne (Limousin)<\/li>\n<li>Ni\u00e8vre, Sa\u00f4ne-et-Loire (Bourgogne)<\/li>\n<\/ul>\n<p>Adresse:<br \/>\n5, rue du Commandant Faurax \u2013 69006 Lyon 06<br \/>\nTel. 0033 (0) 4 78 93 00 17 \u2013 Fax 04 78 94 33 43<br \/>\nMessagerie \u00e9lectronique:\u00a0<a title=\"consolato.lione@esteri.it\" href=\"mailto:consolato.lione@esteri.it\">consolato.lione@esteri.it<\/a><\/p>\n<p>Horaires d\u2019ouverture au publique: du lundi au vendredi de 9 heures \u00e0 12 heures<br \/>\net le mardi apr\u00e8s-midi de 15h00 \u00e0 16h30.<\/p>\n<p>&gt;&gt;&gt;\u00a0<a href=\"https:\/\/conslione.esteri.it\/it\/chi-siamo\/gli-uffici\/festivita-2024\/\">CALENDRIER DES JOURS F\u00c9RI\u00c9S<\/a><\/p>\n","protected":false},"excerpt":{"rendered":"Pour les urgences, durant les fins de semaine et les jours f\u00e9ri\u00e9s sur service t\u00e9l\u00e9phonique est en service. CONSULAT GENERAL D\u2019ITALIE A LYON Le Consulat G\u00e9n\u00e9ral d\u2019Italie \u00e0 Lyon est comp\u00e9tent pour les d\u00e9partements suivants: Ain, Ard\u00e8che, Dr\u00f4me, Is\u00e8re, Loire, Rh\u00f4ne, Savoie et Haute Savoie (Rh\u00f4ne-Alpes) Allier, Cantal,Haute-Loire, Puy-de-D\u00f4me (Auvergne) Corr\u00e8ze, Creuse, Haute-Vienne (Limousin) Ni\u00e8vre, [&hellip;]","protected":false},"author":3,"featured_media":0,"parent":35,"menu_order":2,"comment_status":"closed","ping_status":"closed","template":"","meta":{"footnotes":""},"class_list":["post-110","page","type-page","status-publish","hentry"],"_links":{"self":[{"href":"https:\/\/conslione.esteri.it\/fr\/wp-json\/wp\/v2\/pages\/110","targetHints":{"allow":["GET"]}}],"collection":[{"href":"https:\/\/conslione.esteri.it\/fr\/wp-json\/wp\/v2\/pages"}],"about":[{"href":"https:\/\/conslione.esteri.it\/fr\/wp-json\/wp\/v2\/types\/page"}],"author":[{"embeddable":true,"href":"https:\/\/conslione.esteri.it\/fr\/wp-json\/wp\/v2\/users\/3"}],"replies":[{"embeddable":true,"href":"https:\/\/conslione.esteri.it\/fr\/wp-json\/wp\/v2\/comments?post=110"}],"version-history":[{"count":1,"href":"https:\/\/conslione.esteri.it\/fr\/wp-json\/wp\/v2\/pages\/110\/revisions"}],"predecessor-version":[{"id":2631,"href":"https:\/\/conslione.esteri.it\/fr\/wp-json\/wp\/v2\/pages\/110\/revisions\/2631"}],"up":[{"embeddable":true,"href":"https:\/\/conslione.esteri.it\/fr\/wp-json\/wp\/v2\/pages\/35"}],"wp:attachment":[{"href":"https:\/\/conslione.esteri.it\/fr\/wp-json\/wp\/v2\/media?parent=110"}],"curies":[{"name":"wp","href":"https:\/\/api.w.org\/{rel}","templated":true}]}}