{"id":112,"date":"2023-01-24T18:43:21","date_gmt":"2023-01-24T17:43:21","guid":{"rendered":"https:\/\/conslione.esteri.itchi-siamo\/contatti\/"},"modified":"2026-02-10T15:48:21","modified_gmt":"2026-02-10T14:48:21","slug":"contatti","status":"publish","type":"page","link":"https:\/\/conslione.esteri.it\/fr\/chi-siamo\/contatti\/","title":{"rendered":"Contacts"},"content":{"rendered":"<header class=\"entry-header\"><\/header>\n<div class=\"entry-content\">\n<p><em>mise \u00e0 jour : 04\/09\/2025<\/em><\/p>\n<p>&nbsp;<\/p>\n<p>ADRESSE : 5 rue Commandant Faurax \u2013 69006 Lyon<\/p>\n<p><u>\u00a0 \u00a0 \u00a0 \u00a0 \u00a0 \u00a0 \u00a0 \u00a0 \u00a0 \u00a0 \u00a0 \u00a0 \u00a0 \u00a0 \u00a0 \u00a0 \u00a0 \u00a0 \u00a0 \u00a0 \u00a0 \u00a0 \u00a0 \u00a0 \u00a0 \u00a0 \u00a0 \u00a0 \u00a0 \u00a0 \u00a0 \u00a0 \u00a0 \u00a0 \u00a0 \u00a0 \u00a0 \u00a0 \u00a0\u00a0<\/u><\/p>\n<p>Vous trouverez ci-dessous la liste des bureaux consulaires et leurs coordonn\u00e9es.<br \/>\n<strong>Avant de contacter les bureaux, il est recommand\u00e9 de lire les informations figurant sur les pages d\u00e9di\u00e9es aux diff\u00e9rents services (<a href=\"https:\/\/conslione.esteri.it\/fr\/\">https:\/\/conslione.esteri.it\/it\/<\/a>)<\/strong><\/p>\n<p>&nbsp;<\/p>\n<div class=\"responsive\">\n<table class=\"table table-bordered table-sm export-table\" width=\"792\">\n<tbody>\n<tr class=\"thead-light\">\n<td width=\"121\"><strong>BUREAU<\/strong><\/td>\n<td width=\"163\"><strong>COMPETENCES<\/strong><\/td>\n<td width=\"236\"><strong>ADRESSE E-MAIL<\/strong><\/td>\n<td width=\"123\"><strong>TELEPHONE<\/strong><\/td>\n<\/tr>\n<tr>\n<td width=\"121\">Accueil et standard<\/td>\n<td width=\"163\"><\/td>\n<td width=\"236\"><\/td>\n<td width=\"123\">04.78.93.00.17<\/td>\n<\/tr>\n<tr>\n<td width=\"121\">Secretariat du Consul G\u00e9n\u00e9ral<\/td>\n<td width=\"163\">Questions g\u00e9n\u00e9rales sur les services offerts par le Consulat et contacts avec le Consul G\u00e9n\u00e9ral<\/td>\n<td width=\"236\"><a href=\"mailto:segreteria.lione@esteri.it\">segreteria.lione@esteri.it<\/a><\/p>\n<p><a href=\"mailto:consolato.lione@esteri.it\">consolato.lione@esteri.it<\/a><\/td>\n<td width=\"123\">04.72.82.38.10<\/p>\n<p>04.78.93.81.01<\/td>\n<\/tr>\n<tr>\n<td width=\"121\">Vice-Consul<\/td>\n<td width=\"163\"><\/td>\n<td width=\"236\"><\/td>\n<td width=\"123\">04.72.82.38.10<\/td>\n<\/tr>\n<tr>\n<td width=\"121\">Comptabilit\u00e9<\/td>\n<td width=\"163\"><\/td>\n<td width=\"236\"><a href=\"mailto:amministrazione.lione@esteri.it\">amministrazione.lione@esteri.it<\/a><\/td>\n<td width=\"123\">04.72.82.38.25<\/td>\n<\/tr>\n<\/tbody>\n<\/table>\n<\/div>\n<p>&nbsp;<\/p>\n<p><strong>SERVICES AUX CITOYENS<\/strong><\/p>\n<div class=\"responsive\">\n<table class=\"table table-bordered table-sm export-table\" width=\"784\">\n<tbody>\n<tr class=\"thead-light\">\n<td><strong>BUREAU<\/strong><\/td>\n<td><strong>COMPETENCES<\/strong><\/td>\n<td><strong>ADRESSE E-MAIL<\/strong><\/td>\n<\/tr>\n<tr>\n<td><a href=\"https:\/\/conslione.esteri.it\/fr\/servizi-consolari-e-visti\/servizi-per-il-cittadino-italiano\/anagrafe-degli-italiani-residenti-allestero-aire\/\">AIRE<\/a><\/p>\n<p><a href=\"https:\/\/conslione.esteri.it\/fr\/servizi-consolari-e-visti\/servizi-per-il-cittadino-italiano\/stato-civile\/\">Etat Civil<\/a><\/td>\n<td>Inscription et mise \u00e0 jour de l&rsquo;AIRE (Registre des Italiens r\u00e9sidant \u00e0 l&rsquo;\u00e9tranger)<\/p>\n<p>Inscription des actes de naissance, d\u00e9c\u00e8, mariage et divorce<\/td>\n<td><a href=\"mailto:aire.lione@esteri.it\">aire.lione@esteri.it<\/a><\/p>\n<p><a href=\"mailto:consgenlione.statocivile@esteri.it\">consgenlione.statocivile@esteri.it<\/a><\/td>\n<\/tr>\n<tr>\n<td><a href=\"https:\/\/conslione.esteri.it\/fr\/servizi-consolari-e-visti\/servizi-per-il-cittadino-italiano\/carta-didentita-elettronica-cie\/\">Carte d&rsquo;identit\u00e9 \u00e9lectronique<\/a><\/td>\n<td>D\u00e9livrance\/renouvellement des cartes d&rsquo;identit\u00e9 \u00e9lectroniques<\/td>\n<td><a href=\"mailto:ci_conlion@esteri.it\">ci_conlion@esteri.it<\/a><\/td>\n<\/tr>\n<tr>\n<td><a href=\"https:\/\/conslione.esteri.it\/fr\/servizi-consolari-e-visti\/servizi-per-il-cittadino-straniero\/cittadinanza\/\">Nationalit\u00e9<\/a><\/td>\n<td>Acquisition, reconnaissance, renonciation \u00e0 la nationalit\u00e9 italienne<\/td>\n<td><a href=\"mailto:cittadinanza.lione@esteri.it\">cittadinanza.lione@esteri.it<\/a><\/td>\n<\/tr>\n<tr>\n<td><a href=\"https:\/\/conslione.esteri.it\/fr\/servizi-consolari-e-visti\/servizi-per-il-cittadino-straniero\/code-fiscal\/\">Code fiscal<\/a><\/td>\n<td>D\u00e9livrance du certificat d&rsquo;attribution du code fiscal<\/td>\n<td><a href=\"mailto:lione.codicefiscale@esteri.it\">lione.codicefiscale@esteri.it<\/a><\/td>\n<\/tr>\n<tr>\n<td><a href=\"https:\/\/conslione.esteri.it\/fr\/servizi-consolari-e-visti\/servizi-per-il-cittadino-italiano\/servizi-elettorali\/\">Services \u00e9lectoraux<\/a><\/td>\n<td>Gestion du vote \u00e0 l&rsquo;\u00e9tranger en cas de r\u00e9f\u00e9rendums ou d&rsquo;\u00e9lections<\/td>\n<td><a href=\"mailto:elettorale.lione@esteri.it\">elettorale.lione@esteri.it<\/a><\/td>\n<\/tr>\n<tr>\n<td><a href=\"https:\/\/conslione.esteri.it\/fr\/servizi-consolari-e-visti\/servizi-per-il-cittadino-italiano\/passaporti-e-carte-didentita\/\">Passeports<\/a><\/td>\n<td>D\u00e9livrer des passeports et des ETD<\/td>\n<td><a href=\"mailto:passaporti.lione@esteri.it\">passaporti.lione@esteri.it<\/a><\/td>\n<\/tr>\n<tr>\n<td><a href=\"https:\/\/conslione.esteri.it\/fr\/servizi-consolari-e-visti\/servizi-per-il-cittadino-italiano\/assistenza-ai-cittadini-allestero\/\">Assistance aux citoyens \u00e0 l&rsquo;\u00e9tranger<\/a><\/p>\n<p>Assistance aux d\u00e9tenus<\/p>\n<p><a href=\"https:\/\/conslione.esteri.it\/fr\/servizi-consolari-e-visti\/servizi-per-il-cittadino-italiano\/pensioni-e-sicurezza-sociale\/\">Retraite<\/a><\/p>\n<p><a href=\"https:\/\/conslione.esteri.it\/fr\/servizi-consolari-e-visti\/servizi-per-il-cittadino-italiano\/servizi-notarili\/\">Services notariaux<\/a><\/td>\n<td>Assistance aux ressortissants italiens, rapatriement<\/p>\n<p>&nbsp;<\/p>\n<p>&nbsp;<\/p>\n<p>&nbsp;<\/p>\n<p>Pesions et travail<\/p>\n<p>Authentification de signatures et de photographies, notifications<\/td>\n<td><a href=\"mailto:sociale.lione@esteri.it\">sociale.lione@esteri.it<\/a><\/p>\n<p><a href=\"mailto:pensioni.lione@esteri.it\">pensioni.lione@esteri.it<\/a><\/p>\n<p><u>notarile.lione@esteri.it<\/u><\/td>\n<\/tr>\n<tr>\n<td><a href=\"https:\/\/conslione.esteri.it\/fr\/servizi-consolari-e-visti\/servizi-per-il-cittadino-italiano\/studi\/\">Services scolaires<\/a><\/td>\n<td>D\u00e9livrance de d\u00e9clarations de valeur et d&rsquo;attestations consulaires. Informations g\u00e9n\u00e9rales sur l&rsquo;universit\u00e9 en Italie et sur les \u00e9coles et cours italiens dans la circonscription consulaire.<\/td>\n<td><a href=\"mailto:scuola.lione@esteri.it\">scuola.lione@esteri.it<\/a><\/td>\n<\/tr>\n<tr>\n<td>Archive<\/td>\n<td><\/td>\n<td><a href=\"mailto:archivio.lione@esteri.it\">archivio.lione@esteri.it<\/a><\/td>\n<\/tr>\n<tr>\n<td><a href=\"https:\/\/iiclione.esteri.it\/fr\/\">Institut Culturel Italien<\/a><\/td>\n<td><\/td>\n<td><a href=\"mailto:iiclione@esteri.it\">iiclione@esteri.it<\/a><\/td>\n<\/tr>\n<\/tbody>\n<\/table>\n<\/div>\n<\/div>\n","protected":false},"excerpt":{"rendered":"mise \u00e0 jour : 04\/09\/2025 &nbsp; ADRESSE : 5 rue Commandant Faurax \u2013 69006 Lyon \u00a0 \u00a0 \u00a0 \u00a0 \u00a0 \u00a0 \u00a0 \u00a0 \u00a0 \u00a0 \u00a0 \u00a0 \u00a0 \u00a0 \u00a0 \u00a0 \u00a0 \u00a0 \u00a0 \u00a0 \u00a0 \u00a0 \u00a0 \u00a0 \u00a0 \u00a0 \u00a0 \u00a0 \u00a0 \u00a0 \u00a0 \u00a0 \u00a0 \u00a0 \u00a0 \u00a0 \u00a0 \u00a0 \u00a0\u00a0 Vous [&hellip;]","protected":false},"author":3,"featured_media":0,"parent":35,"menu_order":6,"comment_status":"closed","ping_status":"closed","template":"","meta":{"footnotes":""},"class_list":["post-112","page","type-page","status-publish","hentry"],"_links":{"self":[{"href":"https:\/\/conslione.esteri.it\/fr\/wp-json\/wp\/v2\/pages\/112","targetHints":{"allow":["GET"]}}],"collection":[{"href":"https:\/\/conslione.esteri.it\/fr\/wp-json\/wp\/v2\/pages"}],"about":[{"href":"https:\/\/conslione.esteri.it\/fr\/wp-json\/wp\/v2\/types\/page"}],"author":[{"embeddable":true,"href":"https:\/\/conslione.esteri.it\/fr\/wp-json\/wp\/v2\/users\/3"}],"replies":[{"embeddable":true,"href":"https:\/\/conslione.esteri.it\/fr\/wp-json\/wp\/v2\/comments?post=112"}],"version-history":[{"count":7,"href":"https:\/\/conslione.esteri.it\/fr\/wp-json\/wp\/v2\/pages\/112\/revisions"}],"predecessor-version":[{"id":5048,"href":"https:\/\/conslione.esteri.it\/fr\/wp-json\/wp\/v2\/pages\/112\/revisions\/5048"}],"up":[{"embeddable":true,"href":"https:\/\/conslione.esteri.it\/fr\/wp-json\/wp\/v2\/pages\/35"}],"wp:attachment":[{"href":"https:\/\/conslione.esteri.it\/fr\/wp-json\/wp\/v2\/media?parent=112"}],"curies":[{"name":"wp","href":"https:\/\/api.w.org\/{rel}","templated":true}]}}