{"id":113,"date":"2023-01-24T18:43:33","date_gmt":"2023-01-24T17:43:33","guid":{"rendered":"https:\/\/conslione.esteri.itchi-siamo\/numeri-di-emergenza\/"},"modified":"2023-03-24T11:13:58","modified_gmt":"2023-03-24T10:13:58","slug":"numeri-di-emergenza","status":"publish","type":"page","link":"https:\/\/conslione.esteri.it\/fr\/chi-siamo\/numeri-di-emergenza\/","title":{"rendered":"Urgences consulaires"},"content":{"rendered":"<p><strong>NUM\u00c9RO D&rsquo;URGENCE DU CONSULAT G\u00c9N\u00c9RAL D&rsquo;ITALIE \u00c0 LYON<\/strong><\/p>\n<p>En cas de d\u00e9c\u00e8s, d&rsquo;accident grave ou d&rsquo;autres faits pr\u00e9sentant des risques pour la sant\u00e9 ou une situation de danger pour la s\u00e9curit\u00e9 personnelle des ressortissants italiens \u00e0 l&rsquo;\u00e9tranger et n\u00e9cessitant une intervention urgente des autorit\u00e9s consulaires, appelez le num\u00e9ro d&rsquo;urgence suivant : <strong>+33 6 63 63 05 53,<\/strong> actif exclusivement du lundi au jeudi de 18h30 \u00e0 22h, vendredi de 14h30 \u00e0 22h et samedi, dimanche et jours f\u00e9ri\u00e9s de 8h30 \u00e0 22h.<\/p>\n<p>Les appels pour des proc\u00e9dures consulaires ordinaires (passeports, visas, etc.) NE sont PAS pris en compte.<\/p>\n<p>De 22h00 \u00e0 8h30, heure fran\u00e7aise, il est possible d&rsquo;appeler (non pas pour des renseignements administratifs, mais uniquement en cas d&rsquo;urgence av\u00e9r\u00e9e) le fonctionnaire de garde du Minist\u00e8re des Affaires \u00e9trang\u00e8res (t\u00e9l. 0039 06 3691 2666) qui, en cas de besoin r\u00e9el, joindra rapidement les fonctionnaires du Consulat g\u00e9n\u00e9ral de Lyon.<\/p>\n<p><strong>NUM\u00c9RO UNIQUE EUROP\u00c9EN<\/strong> <strong>POUR LES URGENCES 112<\/strong><\/p>\n<p><strong>Police : <\/strong><\/p>\n<p><strong>Commissariat de Meyzieu, 8 Avenue du Dauphin\u00e9 &#8211; Meyzieu <\/strong><\/p>\n<p>T\u00e9l. + 33 472 45 12 30<\/p>\n<p><strong>Commissariat Central de Police, 40 rue Marius Berliet &#8211; Lyon 8\u00e8me <\/strong><\/p>\n<p>T\u00e9l. +33 4 78 78 40 40<\/p>\n<p><strong>Commissariat de Police, 47 rue Charit\u00e9 &#8211; Lyon 2\u00e8me <\/strong><\/p>\n<p>T\u00e9l. +33 4 78 42 26 56<\/p>\n<p><strong>Commissariat du Centre Commercial Part-Dieu Lyon 3\u00e8me <\/strong><\/p>\n<p>T\u00e9l. +33 4 72 82 15 00<\/p>\n<p><strong>Bureau de Police, 60 rue t\u00eate d&rsquo;Or, Lyon 6\u00e8me <\/strong><\/p>\n<p>T\u00e9l. +33 4 37 72 22 05<\/p>\n<p><strong>Urgences Sanitaires<\/strong><\/p>\n<p><strong>SOS MEDECINS LYON (24\/24 7\/7) +33 4 78 83 51 51 ou 36. 24 (\u20ac0.15\/min + prix de l&rsquo;appel) <\/strong><\/p>\n<p><strong>H\u00f4pitaux : <\/strong><\/p>\n<p><strong>H\u00f4pital Edouard Herriot <\/strong><\/p>\n<p>5 place d&rsquo;Arsonval &#8211; 69003 Lyon &#8211; urgences : +33 4 72 11 69 53<\/p>\n<p><strong>Centre Hospitalier Saint Joseph Saint Luc <\/strong><\/p>\n<p>10 rue Raullin &#8211; 69007 Lyon &#8211; urgences 24\/24 : +33 4 78 61 80 <strong>00 <\/strong><\/p>\n<p><strong>H\u00f4pital de la Croix-Rousse <\/strong><\/p>\n<p>103, grande rue de la Croix-Rousse &#8211; 69004 Lyon &#8211; urgences +33 4 26 10 90 81<\/p>\n<p><strong>Centre Hospitalier Lyon-Sud <\/strong><\/p>\n<p>Chemin Grand Revoyet &#8211; 69310 Pierre B\u00e9nite &#8211; urgences : +33 4 78 86 16 36<\/p>\n<p><strong><em>\u00c0 SAVOIR : Les prestations m\u00e9dicales urgentes sont couvertes par la carte d\u2019assurance maladie TEAM dans les \u00e9tablissements publics et priv\u00e9s (\u00e0 l&rsquo;exception de l&rsquo;ambulance qui fera l&rsquo;objet d&rsquo;une facturation s\u00e9par\u00e9e).<\/em><\/strong><\/p>\n","protected":false},"excerpt":{"rendered":"NUM\u00c9RO D&rsquo;URGENCE DU CONSULAT G\u00c9N\u00c9RAL D&rsquo;ITALIE \u00c0 LYON En cas de d\u00e9c\u00e8s, d&rsquo;accident grave ou d&rsquo;autres faits pr\u00e9sentant des risques pour la sant\u00e9 ou une situation de danger pour la s\u00e9curit\u00e9 personnelle des ressortissants italiens \u00e0 l&rsquo;\u00e9tranger et n\u00e9cessitant une intervention urgente des autorit\u00e9s consulaires, appelez le num\u00e9ro d&rsquo;urgence suivant : +33 6 63 63 [&hellip;]","protected":false},"author":3,"featured_media":0,"parent":35,"menu_order":8,"comment_status":"closed","ping_status":"closed","template":"","meta":{"footnotes":""},"class_list":["post-113","page","type-page","status-publish","hentry"],"_links":{"self":[{"href":"https:\/\/conslione.esteri.it\/fr\/wp-json\/wp\/v2\/pages\/113","targetHints":{"allow":["GET"]}}],"collection":[{"href":"https:\/\/conslione.esteri.it\/fr\/wp-json\/wp\/v2\/pages"}],"about":[{"href":"https:\/\/conslione.esteri.it\/fr\/wp-json\/wp\/v2\/types\/page"}],"author":[{"embeddable":true,"href":"https:\/\/conslione.esteri.it\/fr\/wp-json\/wp\/v2\/users\/3"}],"replies":[{"embeddable":true,"href":"https:\/\/conslione.esteri.it\/fr\/wp-json\/wp\/v2\/comments?post=113"}],"version-history":[{"count":0,"href":"https:\/\/conslione.esteri.it\/fr\/wp-json\/wp\/v2\/pages\/113\/revisions"}],"up":[{"embeddable":true,"href":"https:\/\/conslione.esteri.it\/fr\/wp-json\/wp\/v2\/pages\/35"}],"wp:attachment":[{"href":"https:\/\/conslione.esteri.it\/fr\/wp-json\/wp\/v2\/media?parent=113"}],"curies":[{"name":"wp","href":"https:\/\/api.w.org\/{rel}","templated":true}]}}