{"id":115,"date":"2023-01-24T18:43:59","date_gmt":"2023-01-24T17:43:59","guid":{"rendered":"https:\/\/conslione.esteri.ititalia-e-francia\/diplomazia-economica\/"},"modified":"2023-02-28T14:43:44","modified_gmt":"2023-02-28T13:43:44","slug":"diplomazia-economica","status":"publish","type":"page","link":"https:\/\/conslione.esteri.it\/fr\/italia-e-francia\/diplomazia-economica\/","title":{"rendered":"Diplomatie \u00e9conomique"},"content":{"rendered":"<p>Le cadre des relations \u00e9conomico-commerciales entre la France et l\u2019Italie est si vaste et si important qu\u2019il est pratiquement impossible de le d\u00e9crire en quelques lignes. L\u2019int\u00e9gration des deux \u00e9conomies\u00a0 refl\u00e8te\u00a0 leurs liens culturels et sociaux\u00a0 et place ces\u00a0 deux tr\u00e8s importants partenaires parmi les principaux acteurs de l\u2019\u00e9conomie internationale, avec des int\u00e9r\u00eats communs qui, dans la gouvernance de l\u2019\u00e9conomie europ\u00e9enne, co\u00efncident de plus en plus.<\/p>\n","protected":false},"excerpt":{"rendered":"Le cadre des relations \u00e9conomico-commerciales entre la France et l\u2019Italie est si vaste et si important qu\u2019il est pratiquement impossible de le d\u00e9crire en quelques lignes. L\u2019int\u00e9gration des deux \u00e9conomies\u00a0 refl\u00e8te\u00a0 leurs liens culturels et sociaux\u00a0 et place ces\u00a0 deux tr\u00e8s importants partenaires parmi les principaux acteurs de l\u2019\u00e9conomie internationale, avec des int\u00e9r\u00eats communs qui, [&hellip;]","protected":false},"author":3,"featured_media":0,"parent":33,"menu_order":0,"comment_status":"closed","ping_status":"closed","template":"","meta":{"footnotes":""},"class_list":["post-115","page","type-page","status-publish","hentry"],"_links":{"self":[{"href":"https:\/\/conslione.esteri.it\/fr\/wp-json\/wp\/v2\/pages\/115","targetHints":{"allow":["GET"]}}],"collection":[{"href":"https:\/\/conslione.esteri.it\/fr\/wp-json\/wp\/v2\/pages"}],"about":[{"href":"https:\/\/conslione.esteri.it\/fr\/wp-json\/wp\/v2\/types\/page"}],"author":[{"embeddable":true,"href":"https:\/\/conslione.esteri.it\/fr\/wp-json\/wp\/v2\/users\/3"}],"replies":[{"embeddable":true,"href":"https:\/\/conslione.esteri.it\/fr\/wp-json\/wp\/v2\/comments?post=115"}],"version-history":[{"count":0,"href":"https:\/\/conslione.esteri.it\/fr\/wp-json\/wp\/v2\/pages\/115\/revisions"}],"up":[{"embeddable":true,"href":"https:\/\/conslione.esteri.it\/fr\/wp-json\/wp\/v2\/pages\/33"}],"wp:attachment":[{"href":"https:\/\/conslione.esteri.it\/fr\/wp-json\/wp\/v2\/media?parent=115"}],"curies":[{"name":"wp","href":"https:\/\/api.w.org\/{rel}","templated":true}]}}