{"id":117,"date":"2023-01-24T18:44:22","date_gmt":"2023-01-24T17:44:22","guid":{"rendered":"https:\/\/conslione.esteri.ititalia-e-francia\/diplomazia-scientifica\/"},"modified":"2025-12-31T09:45:27","modified_gmt":"2025-12-31T08:45:27","slug":"diplomazia-scientifica","status":"publish","type":"page","link":"https:\/\/conslione.esteri.it\/fr\/italia-e-francia\/diplomazia-scientifica\/","title":{"rendered":"Diplomatie Scientifique"},"content":{"rendered":"<p>Il est pratiquement impossible de r\u00e9sumer en quelques lignes le cadre des relations scientifiques et de l&rsquo;enseignement sup\u00e9rieur entre l&rsquo;Italie et la France, tant leur intensit\u00e9 et leur ampleur sont grandes. L&rsquo;int\u00e9gration des deux syst\u00e8mes refl\u00e8te les liens culturels et sociaux tr\u00e8s \u00e9troits qui unissent les deux pays et contribue \u00e0 faire de ceux-ci des acteurs majeurs de la recherche internationale, ainsi que des partenaires tr\u00e8s importants, entre autres avec des int\u00e9r\u00eats de plus en plus convergents, au niveau europ\u00e9en.<\/p>\n<p>Il n&rsquo;existe aucun domaine disciplinaire dans lequel une forme quelconque de collaboration italo-fran\u00e7aise ne soit active. Dans les diff\u00e9rentes fiches, nous essayons de mettre en \u00e9vidence les outils les plus utiles et les th\u00e8mes pr\u00e9sentant le plus grand potentiel pour les relations bilat\u00e9rales.<\/p>\n<p>Quelques liens utiles vers les principaux instituts et organismes concern\u00e9s par la gestion de la recherche en France<\/p>\n<p>Minist\u00e8re de l&rsquo;\u00c9ducation nationale, de l&rsquo;Enseignement sup\u00e9rieur, de la Recherche et de l&rsquo;Innovation <a href=\"https:\/\/www.enseignementsup-recherche.gouv.fr\/fr\">MESRIMESRI<\/a><\/p>\n<p>Base de donn\u00e9es sur la recherche fran\u00e7aise <a href=\"https:\/\/scanr.enseignementsup-recherche.gouv.fr\/\">Portail de la recherche fran\u00e7aise<\/a><\/p>\n<p>Universit\u00e9 italo-fran\u00e7aise <a href=\"https:\/\/www.universite-franco-italienne.org\/\">UIF\/UFI<\/a><\/p>\n<p>Centre national de la recherche scientifique <a href=\"https:\/\/www.cnrs.fr\/fr\">CNRS<\/a><\/p>\n<p>Commissariat \u00e0 l&rsquo;\u00e9nergie atomique et aux \u00e9nergies alternatives <a href=\"https:\/\/www.cea.fr\/\">CEA<\/a><\/p>\n<p>Institut national de recherche en sciences et technologies du num\u00e9rique <a href=\"https:\/\/www.inria.fr\/fr\">INRIA<\/a><\/p>\n<p>Agence Nationale de la Recherche <a href=\"https:\/\/anr.fr\/\">ANR<\/a><\/p>\n<p>Agence Nationale Recherche Technologies <a href=\"https:\/\/www.anrt.asso.fr\/fr\/accueil-anrt\">ANRT<\/a><\/p>\n<p>Centre national d\u2019\u00e9tudes spatiales <a href=\"https:\/\/cnes.fr\/\">CNES<\/a><\/p>\n<p><a href=\"https:\/\/www.bpifrance.fr\/\">BPI France<\/a><\/p>\n<p><a href=\"https:\/\/www.ademe.fr\/\">ADEME<\/a><\/p>\n<p>Institut national de la recherche agronomique <a href=\"https:\/\/www.inrae.fr\/\">INRAE<\/a><\/p>\n<p>Association des grandes entreprises et administrations publiques fran\u00e7aises dans le Num\u00e9rique, le <a href=\"https:\/\/www.cigref.fr\/qui-sommes-nous\">Cigref<\/a><\/p>\n<p>R\u00e9seau des chercheurs italiens en France \u2013 <a href=\"https:\/\/recifsite.wordpress.com\/\">ReCIF<\/a><\/p>\n","protected":false},"excerpt":{"rendered":"Il est pratiquement impossible de r\u00e9sumer en quelques lignes le cadre des relations scientifiques et de l&rsquo;enseignement sup\u00e9rieur entre l&rsquo;Italie et la France, tant leur intensit\u00e9 et leur ampleur sont grandes. L&rsquo;int\u00e9gration des deux syst\u00e8mes refl\u00e8te les liens culturels et sociaux tr\u00e8s \u00e9troits qui unissent les deux pays et contribue \u00e0 faire de ceux-ci des [&hellip;]","protected":false},"author":3,"featured_media":0,"parent":33,"menu_order":4,"comment_status":"closed","ping_status":"closed","template":"","meta":{"footnotes":""},"class_list":["post-117","page","type-page","status-publish","hentry"],"_links":{"self":[{"href":"https:\/\/conslione.esteri.it\/fr\/wp-json\/wp\/v2\/pages\/117","targetHints":{"allow":["GET"]}}],"collection":[{"href":"https:\/\/conslione.esteri.it\/fr\/wp-json\/wp\/v2\/pages"}],"about":[{"href":"https:\/\/conslione.esteri.it\/fr\/wp-json\/wp\/v2\/types\/page"}],"author":[{"embeddable":true,"href":"https:\/\/conslione.esteri.it\/fr\/wp-json\/wp\/v2\/users\/3"}],"replies":[{"embeddable":true,"href":"https:\/\/conslione.esteri.it\/fr\/wp-json\/wp\/v2\/comments?post=117"}],"version-history":[{"count":3,"href":"https:\/\/conslione.esteri.it\/fr\/wp-json\/wp\/v2\/pages\/117\/revisions"}],"predecessor-version":[{"id":4684,"href":"https:\/\/conslione.esteri.it\/fr\/wp-json\/wp\/v2\/pages\/117\/revisions\/4684"}],"up":[{"embeddable":true,"href":"https:\/\/conslione.esteri.it\/fr\/wp-json\/wp\/v2\/pages\/33"}],"wp:attachment":[{"href":"https:\/\/conslione.esteri.it\/fr\/wp-json\/wp\/v2\/media?parent=117"}],"curies":[{"name":"wp","href":"https:\/\/api.w.org\/{rel}","templated":true}]}}