{"id":1321,"date":"2023-03-27T16:58:20","date_gmt":"2023-03-27T14:58:20","guid":{"rendered":"https:\/\/conslione.esteri.it\/servizi-consolari-e-visti\/servizi-per-il-cittadino-straniero\/regolamento-generale-per-la-protezione-dei-dati-personali-rgpd-ue-679-2016\/"},"modified":"2026-01-05T14:59:40","modified_gmt":"2026-01-05T13:59:40","slug":"regolamento-generale-per-la-protezione-dei-dati-personali-rgpd-ue-679-2016","status":"publish","type":"page","link":"https:\/\/conslione.esteri.it\/fr\/servizi-consolari-e-visti\/servizi-per-il-cittadino-straniero\/regolamento-generale-per-la-protezione-dei-dati-personali-rgpd-ue-679-2016\/","title":{"rendered":"R\u00e8glement g\u00e9n\u00e9ral sur la protection des donn\u00e9es personnelles (RGPD UE 679\/2016)"},"content":{"rendered":"<p>Cliquez <a href=\"https:\/\/conslione.esteri.it\/fr\/servizi-consolari-e-visti\/servizi-per-il-cittadino-italiano\/regolamento-generale-per-la-protezione-dei-dati-personali-rgpd-ue-679-2016\/\">ici<\/a> pour obtenir des informations sur le R\u00e8glement G\u00e9n\u00e9ral sur la protection des donn\u00e9es (RGPD UE 679\/2016) et le traitement des donn\u00e9es \u00e0 caract\u00e8re personnel aux fins des services consulaires.<\/p>\n<p>&nbsp;<\/p>\n","protected":false},"excerpt":{"rendered":"Cliquez ici pour obtenir des informations sur le R\u00e8glement G\u00e9n\u00e9ral sur la protection des donn\u00e9es (RGPD UE 679\/2016) et le traitement des donn\u00e9es \u00e0 caract\u00e8re personnel aux fins des services consulaires. &nbsp;","protected":false},"author":7,"featured_media":0,"parent":120,"menu_order":10,"comment_status":"closed","ping_status":"closed","template":"","meta":{"footnotes":""},"class_list":["post-1321","page","type-page","status-publish","hentry"],"_links":{"self":[{"href":"https:\/\/conslione.esteri.it\/fr\/wp-json\/wp\/v2\/pages\/1321","targetHints":{"allow":["GET"]}}],"collection":[{"href":"https:\/\/conslione.esteri.it\/fr\/wp-json\/wp\/v2\/pages"}],"about":[{"href":"https:\/\/conslione.esteri.it\/fr\/wp-json\/wp\/v2\/types\/page"}],"author":[{"embeddable":true,"href":"https:\/\/conslione.esteri.it\/fr\/wp-json\/wp\/v2\/users\/7"}],"replies":[{"embeddable":true,"href":"https:\/\/conslione.esteri.it\/fr\/wp-json\/wp\/v2\/comments?post=1321"}],"version-history":[{"count":4,"href":"https:\/\/conslione.esteri.it\/fr\/wp-json\/wp\/v2\/pages\/1321\/revisions"}],"predecessor-version":[{"id":4768,"href":"https:\/\/conslione.esteri.it\/fr\/wp-json\/wp\/v2\/pages\/1321\/revisions\/4768"}],"up":[{"embeddable":true,"href":"https:\/\/conslione.esteri.it\/fr\/wp-json\/wp\/v2\/pages\/120"}],"wp:attachment":[{"href":"https:\/\/conslione.esteri.it\/fr\/wp-json\/wp\/v2\/media?parent=1321"}],"curies":[{"name":"wp","href":"https:\/\/api.w.org\/{rel}","templated":true}]}}