{"id":192,"date":"2023-01-24T20:30:54","date_gmt":"2023-01-24T19:30:54","guid":{"rendered":"https:\/\/conslione.esteri.ititalia-e-francia\/diplomazia-economica\/fare-affari-in-francia\/"},"modified":"2026-01-05T16:28:12","modified_gmt":"2026-01-05T15:28:12","slug":"fare-affari-in-francia","status":"publish","type":"page","link":"https:\/\/conslione.esteri.it\/fr\/italia-e-francia\/diplomazia-economica\/fare-affari-in-francia\/","title":{"rendered":"Faire des affaires en France"},"content":{"rendered":"<p><strong>NEXUS &#8211; Assistance aux entreprises italiennes \u00e0 l&rsquo;\u00e9tranger<\/strong><\/p>\n<p>Le Minist\u00e8re des Affaires Etrang\u00e8res et de la Coop\u00e9ration Internationale a lanc\u00e9\u00a0un nouveau programme d&rsquo;assistance aux entreprises italiennes qui op\u00e9rent \u00e0 l&rsquo;\u00e9tranger. Celui-ci offre la possibilit\u00e9 aux entreprises de signaler on-line, par l&rsquo;interm\u00e9diaire du formulaire ci-joint, leur pr\u00e9sence dans le Pays afin de partager avec le r\u00e9seau diplomatique et consulaire,\u00a0les informations importantes sur leurs activit\u00e9s.<\/p>\n<p>Le lien pour acc\u00e9der au formulaire NEXUS:\u00a0<a href=\"http:\/\/nexus.esteri.it\/?sede=275\">http:\/\/nexus.esteri.it?sede=275<\/a><\/p>\n<p>&nbsp;<\/p>\n","protected":false},"excerpt":{"rendered":"NEXUS &#8211; Assistance aux entreprises italiennes \u00e0 l&rsquo;\u00e9tranger Le Minist\u00e8re des Affaires Etrang\u00e8res et de la Coop\u00e9ration Internationale a lanc\u00e9\u00a0un nouveau programme d&rsquo;assistance aux entreprises italiennes qui op\u00e9rent \u00e0 l&rsquo;\u00e9tranger. Celui-ci offre la possibilit\u00e9 aux entreprises de signaler on-line, par l&rsquo;interm\u00e9diaire du formulaire ci-joint, leur pr\u00e9sence dans le Pays afin de partager avec le r\u00e9seau [&hellip;]","protected":false},"author":3,"featured_media":0,"parent":115,"menu_order":0,"comment_status":"closed","ping_status":"closed","template":"","meta":{"footnotes":""},"class_list":["post-192","page","type-page","status-publish","hentry"],"_links":{"self":[{"href":"https:\/\/conslione.esteri.it\/fr\/wp-json\/wp\/v2\/pages\/192","targetHints":{"allow":["GET"]}}],"collection":[{"href":"https:\/\/conslione.esteri.it\/fr\/wp-json\/wp\/v2\/pages"}],"about":[{"href":"https:\/\/conslione.esteri.it\/fr\/wp-json\/wp\/v2\/types\/page"}],"author":[{"embeddable":true,"href":"https:\/\/conslione.esteri.it\/fr\/wp-json\/wp\/v2\/users\/3"}],"replies":[{"embeddable":true,"href":"https:\/\/conslione.esteri.it\/fr\/wp-json\/wp\/v2\/comments?post=192"}],"version-history":[{"count":1,"href":"https:\/\/conslione.esteri.it\/fr\/wp-json\/wp\/v2\/pages\/192\/revisions"}],"predecessor-version":[{"id":4781,"href":"https:\/\/conslione.esteri.it\/fr\/wp-json\/wp\/v2\/pages\/192\/revisions\/4781"}],"up":[{"embeddable":true,"href":"https:\/\/conslione.esteri.it\/fr\/wp-json\/wp\/v2\/pages\/115"}],"wp:attachment":[{"href":"https:\/\/conslione.esteri.it\/fr\/wp-json\/wp\/v2\/media?parent=192"}],"curies":[{"name":"wp","href":"https:\/\/api.w.org\/{rel}","templated":true}]}}