{"id":193,"date":"2023-01-24T20:33:08","date_gmt":"2023-01-24T19:33:08","guid":{"rendered":"https:\/\/conslione.esteri.ititalia-e-francia\/diplomazia-economica\/fare-affari-in-italia\/"},"modified":"2023-02-09T12:07:01","modified_gmt":"2023-02-09T11:07:01","slug":"fare-affari-in-italia","status":"publish","type":"page","link":"https:\/\/conslione.esteri.it\/fr\/italia-e-francia\/diplomazia-economica\/fare-affari-in-italia\/","title":{"rendered":"Faire des affaires en Italie"},"content":{"rendered":"<p><strong>Investir en Italie<\/strong><\/p>\n<p>L\u2019Italie est la 3\u00e8me puissance \u00e9conomique europ\u00e9enne de la zone euro apr\u00e8s l\u2019Allemagne et la France, et le 2\u00e8me partenaire \u00e9conomique de la France.<br \/>\nSi l\u2019industrie est le secteur qui a le plus souffert de la derni\u00e8re crise en Italie, la composante industrielle de l\u2019\u00e9conomie italienne repr\u00e9sente encore pr\u00e8s de 19% de la valeur ajout\u00e9e brute en 2015. Cette industrie est essentiellement manufacturi\u00e8re -l\u2019Italie est la 5\u00e8me puissance manufacturi\u00e8re mondiale- et bas\u00e9e sur la fabrication de machines et \u00e9quipements, la m\u00e9tallurgie, suivies par l\u2019industrie alimentaire et les secteurs phares du Made In Italy : textile, cuir et habillement. Le secteur du tourisme repr\u00e9sente par ailleurs environ 10% du PIB, faisant de l\u2019Italie la 5\u00e8me destination touristique mondiale. L\u2019agriculture contribue pour environ 2% au PIB.<br \/>\nL\u2019\u00e9conomie italienne repose principalement sur les PME et se caract\u00e9rise par un tissu entrepreneurial dynamique et particuli\u00e8rement dense (5,5 millions d\u2019entreprises contre 3,14 en France). 99% de ces entreprises sont des PME et 95% des micro-entreprises (moins de 10 salari\u00e9s) ; ces entreprises, la plupart expression d\u2019un capitalisme familial, sont souvent regroup\u00e9es en \u00ab districts industriels \u00bb qui permettent une ouverture au progr\u00e8s technique, une production cibl\u00e9e et sur mesure et consacre une part importante de leur activit\u00e9 \u00e0 l\u2019exportation. De plus, par rapport \u00e0 la moyenne europ\u00e9enne, les entreprises italiennes se caract\u00e9risent \u00e9galement par leur faible endettement (qui repr\u00e9sente 80% contre une moyenne de plus de 110% en Europe).<\/p>\n<p>&nbsp;<\/p>\n","protected":false},"excerpt":{"rendered":"Investir en Italie L\u2019Italie est la 3\u00e8me puissance \u00e9conomique europ\u00e9enne de la zone euro apr\u00e8s l\u2019Allemagne et la France, et le 2\u00e8me partenaire \u00e9conomique de la France. Si l\u2019industrie est le secteur qui a le plus souffert de la derni\u00e8re crise en Italie, la composante industrielle de l\u2019\u00e9conomie italienne repr\u00e9sente encore pr\u00e8s de 19% de [&hellip;]","protected":false},"author":3,"featured_media":0,"parent":115,"menu_order":2,"comment_status":"closed","ping_status":"closed","template":"","meta":{"footnotes":""},"class_list":["post-193","page","type-page","status-publish","hentry"],"_links":{"self":[{"href":"https:\/\/conslione.esteri.it\/fr\/wp-json\/wp\/v2\/pages\/193","targetHints":{"allow":["GET"]}}],"collection":[{"href":"https:\/\/conslione.esteri.it\/fr\/wp-json\/wp\/v2\/pages"}],"about":[{"href":"https:\/\/conslione.esteri.it\/fr\/wp-json\/wp\/v2\/types\/page"}],"author":[{"embeddable":true,"href":"https:\/\/conslione.esteri.it\/fr\/wp-json\/wp\/v2\/users\/3"}],"replies":[{"embeddable":true,"href":"https:\/\/conslione.esteri.it\/fr\/wp-json\/wp\/v2\/comments?post=193"}],"version-history":[{"count":0,"href":"https:\/\/conslione.esteri.it\/fr\/wp-json\/wp\/v2\/pages\/193\/revisions"}],"up":[{"embeddable":true,"href":"https:\/\/conslione.esteri.it\/fr\/wp-json\/wp\/v2\/pages\/115"}],"wp:attachment":[{"href":"https:\/\/conslione.esteri.it\/fr\/wp-json\/wp\/v2\/media?parent=193"}],"curies":[{"name":"wp","href":"https:\/\/api.w.org\/{rel}","templated":true}]}}