{"id":203,"date":"2023-01-24T20:48:57","date_gmt":"2023-01-24T19:48:57","guid":{"rendered":"https:\/\/conslione.esteri.itservizi-consolari-e-visti\/servizi-per-il-cittadino-italiano\/traduzione-e-legalizzazione-dei-documenti\/"},"modified":"2026-03-06T09:19:29","modified_gmt":"2026-03-06T08:19:29","slug":"traduzione-e-legalizzazione-dei-documenti","status":"publish","type":"page","link":"https:\/\/conslione.esteri.it\/fr\/servizi-consolari-e-visti\/servizi-per-il-cittadino-italiano\/listes-de-professionnels-et-dorganismes\/traduzione-e-legalizzazione-dei-documenti\/","title":{"rendered":"Traducteurs asserment\u00e9s"},"content":{"rendered":"<p><em>Ce Consulat General s&rsquo;est limit\u00e9 \u00e0 ins\u00e9rer dans cette liste les traducteurs qui en ont fait la demande et qui ont \u00e9t\u00e9 habilit\u00e9s par la Cour d&rsquo;Appel comp\u00e9tente ; il n&rsquo;est pas responsable des traductions effectu\u00e9es ni des tarifs pratiqu\u00e9s.<\/em><\/p>\n<p><strong>TRADUCTEURS ASSERMENTES DES COURS D&rsquo;APPEL<\/strong><\/p>\n<p><strong>LYON &#8211; RIOM &#8211; GRENOBLE &#8211; CHAMBERY<\/strong><\/p>\n<p><strong>ALIROL Anne<\/strong> &#8211; Valaugeires &#8211; 43260 SAINT-HOSTIEN<br \/>\nTel.: 06 10 45 75 16<br \/>\n<a href=\"mailto:aalirol@orange.fr\">aalirol@orange.fr<\/a><\/p>\n<p>&nbsp;<\/p>\n<p><strong>ALLARA Francesca<\/strong> &#8211; 380 Chemin des Arberons &#8211; 74400 CHAMONIX<br \/>\nTel. : 04 50 55 92 69<br \/>\nCell. :06 37 38 09 41<br \/>\n<a href=\"mailto:allarafra@gmail.com\">allarafra@gmail.com<\/a><\/p>\n<p>&nbsp;<\/p>\n<p><strong>BERETTONI Mario<\/strong> &#8211; 2 rue de la Fontaine &#8211; 73000 Barberaz<\/p>\n<p>Cell.: 06 25 36 68 29<\/p>\n<p>E-mail: <a href=\"mailto:mario.berettoni@gmail.com\">mario.berettoni@gmail.com<\/a><\/p>\n<p>&nbsp;<\/p>\n<p><strong>BIGLIOCCHI LEQUEUX<\/strong>\u00a0<strong>Antonella<\/strong>\u00a0&#8211; 193, rue Croix d\u2019Or &#8211; 73000 CHAMBERY<br \/>\nTel.: 04.79.70.30.67<br \/>\nCell.: 06.68.68.52.26<br \/>\n<a href=\"mailto:antonellalequeux@gmail.com\">antonellalequeux@gmail.com<\/a><\/p>\n<p>&nbsp;<\/p>\n<p><strong>CAPPELLARI Valentina<\/strong>\u00a0&#8211; 19, rue des Mouliniers &#8211; 42400 SAINT-CHAMOND<br \/>\nTel.: 07.68.21.80.29<br \/>\n<a href=\"mailto:valentine.tradit@gmail.com\">valentine.tradit@gmail.com<\/a><\/p>\n<p>&nbsp;<\/p>\n<p><strong>CHARVET Aur\u00e9lie<\/strong>\u00a0&#8211; 8 rue de la Madeleine &#8211; 69007 Lyon<br \/>\nTel.: 06 61 05 59 23<br \/>\n<a href=\"mailto:aurelie@actraductions.com\">aurelie@actraductions.com<\/a><\/p>\n<p>&nbsp;<\/p>\n<p><strong>CICCHI Monique<\/strong>\u00a0&#8211; 11, rue du Mar\u00e9chal Leclerc &#8211; 42350 LA TALAUDIERE<br \/>\nTel: 09 80 41 77 60<br \/>\nCell.: 06 10 88 08 68<br \/>\n<a href=\"mailto:Ariane@libertysurf.fr\">Ariane@libertysurf.fr<\/a><\/p>\n<p>&nbsp;<\/p>\n<p><strong>DE GRANDIS Alexandra<\/strong>\u00a0&#8211; 3 rue Aristide Briand &#8211; 74000 ANNECY<br \/>\nCell.: 06 17 14 21 67<br \/>\n<a href=\"mailto:medant@live.fr\">medant@live.fr<\/a><\/p>\n<p>&nbsp;<\/p>\n<p><strong>D&rsquo;ERRICO Sandra<\/strong>\u00a0&#8211; 4, rue Guillaume Fichet &#8211; 73000 CHAMBERY<br \/>\nCell.: 06 07 41 70 08<br \/>\n<a href=\"mailto:sandra.derrico@yahoo.fr\">sandra.derrico@yahoo.fr<\/a><\/p>\n<p>&nbsp;<\/p>\n<p><strong>DICHE Heidi<\/strong>\u00a0&#8211; 351 Chemin de la Peste &#8211; 74890 FESSY<br \/>\nTel. : 04 56 30 39 35<br \/>\nCell. : 06 86 72 32 71<br \/>\n<a href=\"mailto:heidi.diche@gmail.com\">heidi.diche@gmail.com<\/a><\/p>\n<p>&nbsp;<\/p>\n<p><strong>DONAZZOLO Marie-Paule<\/strong>\u00a0&#8211; 501 route de la For\u00eat &#8211; 73200 MERCURY<br \/>\nTel.: 06 16 92 59 02<br \/>\n<a href=\"mailto:donazzolomp@yahoo.fr\">donazzolomp@yahoo.fr<\/a><\/p>\n<p>&nbsp;<\/p>\n<p><strong>DOUDET Nathalie<\/strong>\u00a0&#8211; 540, chemin de l&rsquo;escadron &#8211; 38121 CHONAS L&rsquo;AMBALLAN<br \/>\nTel.: 06 51 44 72 45<br \/>\n<a href=\"mailto:traductionntdoudet@gmail.com\">traductionntdoudet@gmail.com<\/a><\/p>\n<p>&nbsp;<\/p>\n<p><strong>ELLOUMI Mona<\/strong>\u00a0&#8211; 2, rue Le Brix &#8211; 38100 GRENOBLE<br \/>\nTel.: 09.81.65.44.05<br \/>\nCell.: 06.50.38.48.09<br \/>\n<a href=\"mailto:krtek68@gmail.com\">krtek68@gmail.com<\/a><\/p>\n<p>&nbsp;<\/p>\n<p><strong>FIORESI SILVANA<\/strong> &#8211;\u00a0491 chemin des \u00e9rables &#8211;\u00a001600 St. Bernard<\/p>\n<p>Cell.: 07.88.21.03.08<\/p>\n<p><a href=\"mailto:fioresi.silvana@gmail.com\">fioresi.silvana@gmail.com<\/a><\/p>\n<p>&nbsp;<\/p>\n<p><strong>FOURNIER Sabine<\/strong>\u00a0&#8211; 1 Rue Vaubecour &#8211; BP 36155 &#8211; 69002 LYON<br \/>\nCell.: 06 75 86 24 98<br \/>\nTel.: 04 78 42 96 74<br \/>\n<a href=\"mailto:sabine.fournier@orange.fr\">sabine.fournier@orange.fr<\/a><\/p>\n<p>&nbsp;<\/p>\n<p><strong>FROEHLY Anne<\/strong>\u00a0&#8211; 2, place Noblat &#8211; 87400 ST LEONARD DE NOBLAT<br \/>\nCell. : 06 30 17 68 75<br \/>\n<a href=\"mailto:anne.frehly63@gmail.com\">anne.froehly63@gmail.com<\/a><\/p>\n<p>&nbsp;<\/p>\n<p><strong>GIOIA Franco<\/strong>\u00a0&#8211; 32, chemin de la Source &#8211; 63000 CLERMONT-FERRAND<br \/>\nTel.: 09 77 84 08 73<br \/>\nCell.: 06 99 73 09 07<br \/>\n<a href=\"mailto:gioia.fra@gmail.com\">gioia.fra@gmail.com<\/a><\/p>\n<p>&nbsp;<\/p>\n<p><strong>LAMI Ervin<\/strong>\u00a0&#8211; 7, rue des Chaumes &#8211; 63960 VEYRE-MOUTON<br \/>\nCell. 06 21 21 00 82<br \/>\n<a>ervinlami.trad@gmail.com<\/a><\/p>\n<p>&nbsp;<\/p>\n<p><strong>LATTARULO<\/strong>\u00a0Francesco &#8211; 299 avenue Jean Monnet &#8211; 69300 CALUIRE ET CUIRE<br \/>\nCell. 06.09.80.93.19<br \/>\n<a href=\"mailto:lattarulotrad@gmail.com\">lattarulotrad@gmail.com<\/a><\/p>\n<p>&nbsp;<\/p>\n<p><strong>LEMMA Bianca<\/strong>\u00a0&#8211; 133, all\u00e9e du Pr\u00e9 Corlet &#8211; 74370 VILLAZ<br \/>\nTel. : 04 50 60 66 18<br \/>\nCell. : 06 18 00 39 67<br \/>\n<a href=\"mailto:biancalemma@gmail.com\">biancalemma@gmail.com<\/a><\/p>\n<p>&nbsp;<\/p>\n<p><strong>LETAILLEUR-ROCCHETTI Graziella<\/strong>\u00a0<strong>(traducteur honoraire)<\/strong>\u00a0&#8211; 6 bis, Avenue Debrousse &#8211; 69005 LYON<br \/>\nTel.: 04 78 25 15 74<br \/>\nCell.: 06 80 25 88 10<br \/>\n<a href=\"mailto:graziella.letailleur@orange.fr\">graziella.letailleur@orange.fr<\/a><\/p>\n<p>&nbsp;<\/p>\n<p><strong>MORETTI Riccardo<\/strong>\u00a0&#8211; 49, rue de Gerland &#8211; 69007 LYON<br \/>\nTel.: 06.66.54.28.77<br \/>\n<a href=\"mailto:riccardomoretti75@yahoo.it\">riccardomoretti75@yahoo.it<\/a><\/p>\n<p>&nbsp;<\/p>\n<p><strong>PASSIRANI Anne Marie<\/strong>\u00a0&#8211; 12, rue du Grand Domaine &#8211; 03110 ESCUROLLES<br \/>\nTel.: 06 73 84 30 63<br \/>\n<a href=\"mailto:ami.passirani@wanadoo.fr\">am.passirani@wanadoo.fr<\/a><\/p>\n<p>&nbsp;<\/p>\n<p><strong>PLAZZOTTA Bruno<\/strong>\u00a0&#8211; 351 Chemin de la Peste &#8211; 74890 FESSY<br \/>\nTel. : 04 56 30 39 35<br \/>\nCell. 06 37 06 53 12<br \/>\n<a href=\"mailto:bruno.plazzotta@gmail.com\">bruno.plazzotta@gmail.com<\/a><\/p>\n<p>&nbsp;<\/p>\n<p><strong>RICCHI Claudia<\/strong>\u00a0&#8211; 21, impasse des Vignes Rouges &#8211; 74320 SEVRIER<br \/>\nTel. : 04 50 52 68 00<br \/>\n<a href=\"mailto:claudia.ricchi@laposte.net\">claudia.ricchi@laposte.net<\/a><\/p>\n<p>&nbsp;<\/p>\n<p><strong>RICCI Letizia<\/strong>\u00a0&#8211; 20, Rue Genissieu &#8211; 38000 GRENOBLE<br \/>\nTel.: 04 76 86 43 42<br \/>\nCell.: 06 07 94 55 56<br \/>\n<a>contact@letiziaricci.com<\/a><\/p>\n<p>&nbsp;<\/p>\n<p><strong>SECCHI C\u00e9line<\/strong>\u00a0&#8211;\u00a041, rue S\u00e9verine &#8211; 69100 VILLEURBANNE<br \/>\nTel.: 06.95.98.04.43<br \/>\n<a href=\"mailto:csecchitraduction@gmail.com\">csecchitraduction@gmail.com<\/a><\/p>\n<p>&nbsp;<\/p>\n<p><strong>TARADE BOGGIO Nadine<\/strong>\u00a0&#8211; 21, rue Jules Noriac &#8211; 87000 LIMOGES<br \/>\nCell. 06 61 36 05 06<br \/>\n<a href=\"mailto:audeladumot@orange.fr\">audeladumot@orange.fr<\/a><\/p>\n<p>&nbsp;<\/p>\n<p><strong>TOSINI BIGLIONE Francesca<\/strong>\u00a0&#8211; 43, rue Mar\u00e9chal Ney &#8211; 26000 VALENCE<br \/>\nCell.: 06 71 39 09 06<br \/>\n<a href=\"mailto:frtosini@hotmail.com\">frtosini@hotmail.com<\/a><\/p>\n<p>&nbsp;<\/p>\n<p><strong>VALENTE Emile<\/strong>\u00a0<strong>(traducteur honoraire)<\/strong>\u00a0&#8211; 5, Impasse de l\u2019Aqueduc, Les C\u00e8dres &#8211; 42800 SAINT MARTIN LA PLAINE<br \/>\nTel.: 04 77 75 69 51<br \/>\nCell.: 06 40 34 69 84<br \/>\n<a href=\"mailto:emile.valente@wanadoo.fr\">emile.valente@wanadoo.fr<\/a><\/p>\n<p>&nbsp;<\/p>\n<p><strong>WOIKE Christoph<\/strong>\u00a0&#8211; 296, Chemin de St. Laurent &#8211; 38121 CHONAS L\u2019AMBALLAN<br \/>\nCell.: 06 37 31 29 54<br \/>\n<a href=\"mailto:ch.woike@orange.fr\">ch.woike@orange.fr<\/a><\/p>\n","protected":false},"excerpt":{"rendered":"Ce Consulat General s&rsquo;est limit\u00e9 \u00e0 ins\u00e9rer dans cette liste les traducteurs qui en ont fait la demande et qui ont \u00e9t\u00e9 habilit\u00e9s par la Cour d&rsquo;Appel comp\u00e9tente ; il n&rsquo;est pas responsable des traductions effectu\u00e9es ni des tarifs pratiqu\u00e9s. TRADUCTEURS ASSERMENTES DES COURS D&rsquo;APPEL LYON &#8211; RIOM &#8211; GRENOBLE &#8211; CHAMBERY ALIROL Anne &#8211; [&hellip;]","protected":false},"author":3,"featured_media":0,"parent":4740,"menu_order":4,"comment_status":"closed","ping_status":"closed","template":"","meta":{"footnotes":""},"class_list":["post-203","page","type-page","status-publish","hentry"],"_links":{"self":[{"href":"https:\/\/conslione.esteri.it\/fr\/wp-json\/wp\/v2\/pages\/203","targetHints":{"allow":["GET"]}}],"collection":[{"href":"https:\/\/conslione.esteri.it\/fr\/wp-json\/wp\/v2\/pages"}],"about":[{"href":"https:\/\/conslione.esteri.it\/fr\/wp-json\/wp\/v2\/types\/page"}],"author":[{"embeddable":true,"href":"https:\/\/conslione.esteri.it\/fr\/wp-json\/wp\/v2\/users\/3"}],"replies":[{"embeddable":true,"href":"https:\/\/conslione.esteri.it\/fr\/wp-json\/wp\/v2\/comments?post=203"}],"version-history":[{"count":6,"href":"https:\/\/conslione.esteri.it\/fr\/wp-json\/wp\/v2\/pages\/203\/revisions"}],"predecessor-version":[{"id":5286,"href":"https:\/\/conslione.esteri.it\/fr\/wp-json\/wp\/v2\/pages\/203\/revisions\/5286"}],"up":[{"embeddable":true,"href":"https:\/\/conslione.esteri.it\/fr\/wp-json\/wp\/v2\/pages\/4740"}],"wp:attachment":[{"href":"https:\/\/conslione.esteri.it\/fr\/wp-json\/wp\/v2\/media?parent=203"}],"curies":[{"name":"wp","href":"https:\/\/api.w.org\/{rel}","templated":true}]}}