{"id":205,"date":"2023-01-24T20:49:56","date_gmt":"2023-01-24T19:49:56","guid":{"rendered":"https:\/\/conslione.esteri.itservizi-consolari-e-visti\/servizi-per-il-cittadino-italiano\/codice-fiscale\/"},"modified":"2025-07-03T15:53:33","modified_gmt":"2025-07-03T13:53:33","slug":"codice-fiscale","status":"publish","type":"page","link":"https:\/\/conslione.esteri.it\/fr\/servizi-consolari-e-visti\/servizi-per-il-cittadino-italiano\/codice-fiscale\/","title":{"rendered":"Code Fiscal"},"content":{"rendered":"<p>Le\u00a0<em>Codice fiscale<\/em>\u00a0est un code alphanum\u00e9rique utilis\u00e9 comme identifiant unique par les administrations italiennes pour les personnes vivant en Italie ou ayant des liens administratifs, financiers, fiscaux et juridiques avec l&rsquo;Italie.<\/p>\n<p>Le Code Fiscal est d\u00e9livr\u00e9 par l\u2019Agenzia delle Entrate aux personnes suivantes :<\/p>\n<ul>\n<li>Citoyens italiens<\/li>\n<li>Citoyens non italiens m\u00eame si r\u00e9sidents \u00e0 l\u2019\u00e9tranger<\/li>\n<li>Associations d\u00e9pourvues de \u00ab partita IVA \u00bb<\/li>\n<\/ul>\n<p>La demande de code fiscal, pour les personnes qui se trouvent hors du territoire national italien, peut \u00eatre adress\u00e9e au Bureau Consulaire comp\u00e9tent selon le lieu de r\u00e9sidence.<\/p>\n<p>Pour v\u00e9rifier quel est le Consulat comp\u00e9tent, vous pouvez consulter la page <a href=\"https:\/\/serviziconsolarionline.esteri.it\/ScoFE\/services\/consulate\/find-consulate.sco\">LINK<\/a><\/p>\n<p><strong>Les <span style=\"text-decoration: underline;\">citoyens italien inscrits \u00e0 l&rsquo;AIRE et r\u00e9sidant dans la circonscription consulaire<\/span> peuvent t\u00e9l\u00e9charger le certificat d&rsquo;attribution du code fiscal directement \u00e0 travers le portail <a href=\"https:\/\/serviziconsolari.esteri.it\/ScoFE\/index.sco\">Fast It<\/a><\/strong>.<br \/>\nLes proc\u00e9dures de demande \u00e0 travers le portail FAST IT sont expliqu\u00e9es sur le lien suivant <a href=\"https:\/\/conslione.esteri.it\/wp-content\/uploads\/2024\/07\/COME-CODICE-FISCALE-1.docx\">LINK<\/a><\/p>\n<p><strong>ATTENTION : seule l\u2019Agenzia delle Entrate est comp\u00e9tente pour la validation du code fiscal.\u00a0<\/strong>Aucun autre site internet proposant le calcul du code fiscal ne peut \u00eatre consid\u00e9r\u00e9 valide et fiable.<\/p>\n<p>La d\u00e9livrance du code fiscal sur support plastifi\u00e9 n\u2019est pas pr\u00e9vue, sauf exigences d\u00fbment motiv\u00e9es<strong>.<\/strong><\/p>\n<p>&nbsp;<\/p>\n<p>Pour les <span style=\"text-decoration: underline;\"><strong>citoyens \u00e9trangers r\u00e9sidant dans la cinconscription consulaire<\/strong><\/span>, la demande se fait par E-MAIL en envoyant \u00e0 l\u2019adresse: <a href=\"mailto:lione.codicefiscale@esteri.it\">lione.codicefiscale@esteri.it<\/a> :<\/p>\n<ul>\n<li>Formulaire de demande en <a href=\"https:\/\/conslione.esteri.it\/wp-content\/uploads\/2023\/08\/codice_fiscale.pdf\">italien<\/a> ou en <a href=\"https:\/\/conslione.esteri.it\/wp-content\/uploads\/2023\/08\/formulaire-code-fiscal-francais.pdf\">fran\u00e7ais<\/a><\/li>\n<li>Copie d\u2019un document d\u2019identit\u00e9 en cours de validit\u00e9 (passeport ou carte d\u2019identit\u00e9)<\/li>\n<li>Si en possession, copie de son propre code fiscal<\/li>\n<\/ul>\n<p>Aucune carte plastifi\u00e9e ne sera d\u00e9livr\u00e9e, sauf en cas de n\u00e9cessit\u00e9 av\u00e9r\u00e9e.<\/p>\n","protected":false},"excerpt":{"rendered":"Le\u00a0Codice fiscale\u00a0est un code alphanum\u00e9rique utilis\u00e9 comme identifiant unique par les administrations italiennes pour les personnes vivant en Italie ou ayant des liens administratifs, financiers, fiscaux et juridiques avec l&rsquo;Italie. Le Code Fiscal est d\u00e9livr\u00e9 par l\u2019Agenzia delle Entrate aux personnes suivantes : Citoyens italiens Citoyens non italiens m\u00eame si r\u00e9sidents \u00e0 l\u2019\u00e9tranger Associations d\u00e9pourvues [&hellip;]","protected":false},"author":3,"featured_media":0,"parent":119,"menu_order":28,"comment_status":"closed","ping_status":"closed","template":"","meta":{"footnotes":""},"class_list":["post-205","page","type-page","status-publish","hentry"],"_links":{"self":[{"href":"https:\/\/conslione.esteri.it\/fr\/wp-json\/wp\/v2\/pages\/205","targetHints":{"allow":["GET"]}}],"collection":[{"href":"https:\/\/conslione.esteri.it\/fr\/wp-json\/wp\/v2\/pages"}],"about":[{"href":"https:\/\/conslione.esteri.it\/fr\/wp-json\/wp\/v2\/types\/page"}],"author":[{"embeddable":true,"href":"https:\/\/conslione.esteri.it\/fr\/wp-json\/wp\/v2\/users\/3"}],"replies":[{"embeddable":true,"href":"https:\/\/conslione.esteri.it\/fr\/wp-json\/wp\/v2\/comments?post=205"}],"version-history":[{"count":6,"href":"https:\/\/conslione.esteri.it\/fr\/wp-json\/wp\/v2\/pages\/205\/revisions"}],"predecessor-version":[{"id":3884,"href":"https:\/\/conslione.esteri.it\/fr\/wp-json\/wp\/v2\/pages\/205\/revisions\/3884"}],"up":[{"embeddable":true,"href":"https:\/\/conslione.esteri.it\/fr\/wp-json\/wp\/v2\/pages\/119"}],"wp:attachment":[{"href":"https:\/\/conslione.esteri.it\/fr\/wp-json\/wp\/v2\/media?parent=205"}],"curies":[{"name":"wp","href":"https:\/\/api.w.org\/{rel}","templated":true}]}}