{"id":206,"date":"2023-01-24T20:52:08","date_gmt":"2023-01-24T19:52:08","guid":{"rendered":"https:\/\/conslione.esteri.itservizi-consolari-e-visti\/servizi-per-il-cittadino-italiano\/pensioni-e-sicurezza-sociale\/"},"modified":"2025-07-30T16:28:26","modified_gmt":"2025-07-30T14:28:26","slug":"pensioni-e-sicurezza-sociale","status":"publish","type":"page","link":"https:\/\/conslione.esteri.it\/fr\/servizi-consolari-e-visti\/servizi-per-il-cittadino-italiano\/listes-de-professionnels-et-dorganismes\/pensioni-e-sicurezza-sociale\/","title":{"rendered":"Retraite et s\u00e9curit\u00e9 sociale"},"content":{"rendered":"<p><strong>Patronati &#8211; Circonscription du Consulat G\u00e9n\u00e9ral de Lyon<\/strong><\/p>\n<p><em>La liste est fournie \u00e0 titre purement d&rsquo;information et n&rsquo;implique pas la responsabilit\u00e9 de ce Consulat G\u00e9n\u00e9ral<\/em><\/p>\n<p>(mise \u00e0 jour 2025)<\/p>\n<p>&nbsp;<\/p>\n<p><span style=\"text-decoration: underline;\"><strong>IL EST CONSEILL\u00c9 DE T\u00c9L\u00c9PHONER AUX BUREAUX DE PATRONAGE POUR AVOIR CONFIRMATION DES HORAIRES ET DES JOURS D&rsquo;OUVERTURE.<\/strong><\/span><\/p>\n<p><strong>PATRONATO INAS FRANCE <\/strong><\/p>\n<p><strong>Adresse <\/strong>: 77 rue Ambroise Croizat &#8211; 73000 CHAMBERY<\/p>\n<p><strong>Tel.<\/strong> 04 79 62 01 63<\/p>\n<p><strong>Fax.<\/strong> 04 79 62 91 47<\/p>\n<p><strong>e-mail<\/strong>:\u00a0<a href=\"chambery@inas.it\">chambery@inas.it<\/a><\/p>\n<p><strong>Permanences :<\/strong><\/p>\n<p>ALBERTVILLE : espace associatif &#8211; 21 rue des Fleurs (73200)<\/p>\n<p>BOURG EN BRESSE : c\/o CFDT &#8211; Maison des Syndicats &#8211; 3, impasse Alfred Chanut (01000)<\/p>\n<p>VILLEURBANNE (metro: Gratte-Ciel): Palais du Travail &#8211; 1\u00b0 piano &#8211; 9 Place Lazare Goujon (69100)<\/p>\n<p><strong>Responsable : Maria Grazia GABRIELE<\/strong><\/p>\n<p><strong>\u00a0<\/strong><\/p>\n<p><strong>PATRONATO INAS FRANCE <\/strong><\/p>\n<p><strong>Adresse <\/strong>: c\/o Syndicat FO &#8211; 32 Avenue de l\u2019Europe &#8211; 38000 GRENOBLE<\/p>\n<p><strong>Tel <\/strong>: 04 76 33 81 40<\/p>\n<p><strong>Fax. <\/strong>: 04 76 33 03 90<\/p>\n<p><strong>e-mail <\/strong>: <a href=\"mailto:grenoble@inas-atief.com\">grenoble@inas-atief.com<\/a><\/p>\n<p><strong>Permanence <\/strong>: Voiron (deuxi\u00e8me et quatri\u00e8me mardi de chaque mois).<\/p>\n<p><strong>Responsable : Federica GENTILE<\/strong><\/p>\n<p><strong>\u00a0<\/strong><\/p>\n<p><strong>PATRONATO INAS FRANCE <\/strong><\/p>\n<p><strong>Adresse <\/strong>: 19 rue du Grand Moulin &#8211; 42000 SAINT ETIENNE<\/p>\n<p><strong>Tel :<\/strong> 04 77 49 20 80<\/p>\n<p><strong>Fax<\/strong>. : 04 77 25 66 13<\/p>\n<p><strong>e-mail <\/strong>: <a href=\"mailto:saint-etienne@inas-atief.com\">saint-etienne@inas-atief.com<\/a><\/p>\n<p><strong>Permanence <\/strong>: Rive-de-Gier (lun.); Firminy (merc.); St Chamond (dernier mardi de chaque mois)<\/p>\n<p><strong>Responsable : Vincenzo LAURIA<\/strong><\/p>\n<p><strong>\u00a0<\/strong><\/p>\n<p><strong>PATRONATO INCA CGIL <\/strong><\/p>\n<p><strong>Adresse <\/strong>: c\/o Union Locale CGT &#8211; Bourse du Travail &#8211; 1\u00b0 \u00e9t. &#8211; bureau n. 106 &#8211; 32 Avenue de l\u2019Europe &#8211; 38030 GRENOBLE Cedex 2<\/p>\n<p><strong>Tel. <\/strong>: 04 76 09 92 92<\/p>\n<p><strong>e-mail <\/strong>: <a href=\"mailto:grenoble.francia@inca.it\">grenoble.francia@inca.it<\/a><\/p>\n<p><strong>Responsable : Giuseppina CAMPANELLA FALCONE<\/strong><\/p>\n<p><strong>\u00a0<\/strong><\/p>\n<p><strong>PATRONATO INCA CGIL <\/strong><\/p>\n<p><strong>Adresse <\/strong>: 126 Rue A. Mazenod\/Angle rue A. Philippe &#8211; 69003 LYON<\/p>\n<p><strong>Tel:<\/strong> 04 78 62 83 37<\/p>\n<p><strong>Fax<\/strong>: 04 72 61 14 82<\/p>\n<p><strong>e-mail <\/strong>: <a href=\"mailto:lione.francia@inca.it\">lione.francia@inca.it<\/a><\/p>\n<p><strong>Permanence <\/strong>: Saint Chamond; Autun; Digoin; Givors; Meyzieux.<\/p>\n<p><strong>Responsable : Calogera CAMPANELLA in CLABAUT<\/strong><\/p>\n<p><strong>\u00a0<\/strong><\/p>\n<p><strong>PATRONATO ITAL &#8211; UIL<\/strong><\/p>\n<p><strong>Adresse <\/strong>: c\/o FO- Avenue F\u00e9lix Faure &#8211; II piano 214 &#8211; 69003 LYON<\/p>\n<p><strong>Tel <\/strong>: 04 85 90 99 98<\/p>\n<p><strong>e-mail <\/strong>: <a href=\"mailto:lyon@pec.italuil.it\">lyon@pec.italuil.it<\/a><\/p>\n<p><strong>Responsable :<\/strong> <strong>Fanny TAVOLARO<\/strong><\/p>\n<p>&nbsp;<\/p>\n<p><strong>PATRONATO ITAL-UIL France<\/strong><\/p>\n<p><strong>Adresse <\/strong>: 11, rue Saint Henri &#8211; 71200 LE CREUSOT<\/p>\n<p><strong>Tel.<\/strong> : 03 85 38 22 51<\/p>\n<p><strong>Portable :<\/strong>\u00a006 32 15 30 09<\/p>\n<p><strong>e-mail <\/strong>: <a href=\"mailto:lecreusot@italuil-france.com\">lecreusot@italuil-france.com<\/a><\/p>\n<p><strong>Responsable : Fanny TAVOLARO<\/strong><\/p>\n<p>&nbsp;<\/p>\n<p><strong>PATRONATO ITAL-UIL <\/strong><\/p>\n<p><strong>Adresse <\/strong>: Place Carnot &#8211; 71000 MACON<\/p>\n<p><strong>Tel <\/strong>: 03 85 38 22 51<\/p>\n<p><strong>Portable <\/strong>: 06 32 15 30 09<\/p>\n<p><strong>e-mail <\/strong>: <a href=\"mailto:macon@italuil-france.com\">macon@italuil-france.com<\/a><\/p>\n<p><strong>B\u00e9n\u00e9vole : Luigi MALANDRINO<\/strong><\/p>\n<p><strong>\u00a0<\/strong><\/p>\n<p><strong>PATRONATO ITAL UIL FRANCE <\/strong><\/p>\n<p><strong>Adresse <\/strong>: 1, rue Burgonde &#8211; 74000 ANNECY<\/p>\n<p><strong>Tel <\/strong>: 09 56 47 04 50<\/p>\n<p><strong>e-mail <\/strong>: <a href=\"mailto:annecy@italuil-france.com\">annecy@italuil-france.com<\/a><\/p>\n<p><strong>Responsable : Gabriella CHIERA<\/strong><\/p>\n<p>&nbsp;<\/p>\n<p><strong>Pensions de retraite italiennes INPS<\/strong><br \/>\nToute personne qui peut faire valoir vis \u00e0 vis de la\u00a0<a href=\"http:\/\/www.inps.it\/\" target=\"_blank\" rel=\"noopener\"><strong><em>S\u00e9curit\u00e9 Sociale italienne<\/em><\/strong><\/a>\u00a0un minimum de cotisations de 52 semaines \u00e9quivalant \u00e0 une ann\u00e9e de travail ininterrompue (en tant que salari\u00e9 ou pour service militaire effectu\u00e9 en Italie) et qui totalise, au moins un nombre minimal de vingt annuit\u00e9s, obtenues \u00e9galement avec des cotisations vers\u00e9es dans un autre pays de la Communaut\u00e9 Europ\u00e9enne, a le droit de pr\u00e9senter une demande de pension communautaire.<\/p>\n<p>La totalisation des p\u00e9riodes d\u2019assurance (accomplies en Italie et dans un autre Pays de la Communaut\u00e9 Europ\u00e9enne) a pour but de v\u00e9rifier le droit \u00e0 la retraite en cumulant les p\u00e9riodes de cotisations italiennes et communautaires mais ne comporte pas le transfert des cotisations des autres Pays.<\/p>\n<p>Les travailleurs assur\u00e9s r\u00e9sidant en France devront pr\u00e9senter la demande de retraite italienne \u00e0 l\u2019institution de S\u00e9curit\u00e9 Sociale comp\u00e9tente par territoire, par activit\u00e9 exerc\u00e9e ou par type de pension demand\u00e9e.<\/p>\n<p>Dans ce but, ils peuvent b\u00e9n\u00e9ficier de l\u2019assistance gratuite des \u00abPatronati\u00bb.<\/p>\n<p>Les services consulaires offrent les services suivants:<\/p>\n<ul>\n<li>demande pour le transfert du paiement des retraites italiennes en France;<\/li>\n<li>demande de formulaire E 121 pour b\u00e9n\u00e9ficier de l&rsquo;assurance maladie en France;<\/li>\n<li>demande du Livret militaire aux Circonscriptions militaires;<\/li>\n<li>demande de num\u00e9ro du code fiscal;<\/li>\n<li>certification conforme du Livret militaire, du carnet de travail, etc.<\/li>\n<\/ul>\n<p>Au bureau des pensions du Consulat, on peut s\u2019adresser pour :<br \/>\n&#8211; obtenir des informations sur la l\u00e9gislation italienne sur les retraites;<br \/>\n&#8211; explications et assistance relative \u00e0 toute documentation provenant\u00a0des Caisses de retraite\u00a0<a href=\"http:\/\/www.inps.it\/\" target=\"_blank\" rel=\"noopener\"><strong>INPS<\/strong><\/a>;<br \/>\n&#8211; interventions aupr\u00e8s des Caisses de retraite\u00a0<a href=\"http:\/\/www.inps.it\/\" target=\"_blank\" rel=\"noopener\"><strong>INPS<\/strong><\/a>\u00a0afin d\u2019activer le\u00a0traitement des dossiers de retraite et leur liquidation.<\/p>\n<p><strong>Pensions de Guerre<\/strong><br \/>\nLe bureau des pensions du Consulat d\u2019Italie instruit les dossiers de liquidation des pensions de guerre (orphelins de guerre, r\u00e9version), pay\u00e9es par le\u00a0<a href=\"https:\/\/www.dt.mef.gov.it\/it\/\" target=\"_blank\" rel=\"noopener\"><strong><em>Minist\u00e8re de l&rsquo;Economie et des Finances<\/em><\/strong><\/a>.<br \/>\nIl instruit \u00e9galement les demandes de r\u00e9\u00e9valuation de la retraite en cas d\u2019aggravation de l\u2019\u00e9tat de sant\u00e9.<\/p>\n<p><strong>Certificat de Vie<\/strong><br \/>\nLe Consulat G\u00e9n\u00e9ral d\u00e9livre, aussi bien pour les pensions de guerre que pour les retraites pay\u00e9es par l\u2019<a href=\"http:\/\/www.inps.it\/\" target=\"_blank\" rel=\"noopener\"><strong>INPS<\/strong><\/a>\u00a0ou\u00a0<a href=\"http:\/\/www.inail.it\/\" target=\"_blank\" rel=\"noopener\"><strong>INAIL<\/strong>\u00a0<\/a>, les certificats de vie. Dans le cas o\u00f9 l\u2019int\u00e9ress\u00e9 n\u2019aurait pas la possibilit\u00e9 de se pr\u00e9senter aupr\u00e8s des bureaux consulaires, il peut demander \u00e0 sa Mairie de r\u00e9sidence la d\u00e9livrance d\u2019un certificat de vie, ou, en se pr\u00e9valant du d\u00e9cret portant simplification de formalit\u00e9s administratives (loi Bassanini) il peut pr\u00e9senter une attestation sur l\u2019honneur, accompagn\u00e9e d\u2019une photocopie d\u2019un document d\u2019identit\u00e9 en cours de validit\u00e9.<br \/>\nPour les pensions de guerre le certificat de vie doit \u00eatre envoy\u00e9 au Consulat G\u00e9n\u00e9ral, du\u00a0<strong>1\u00b0<\/strong>\u00a0au\u00a0<strong>15<\/strong>\u00a0<strong>janvier<\/strong>, et du\u00a0<strong>1\u00b0<\/strong>\u00a0au\u00a0<strong>15 juillet<\/strong>.<\/p>\n<p>&nbsp;<\/p>\n<p><strong>Contacts bureau pour les affaires sociales \/ notariales \/ retraite<\/strong><\/p>\n<p>E-mail : sociale.lione@esteri.it<\/p>\n<p>T\u00e9l\u00e9phone : 04 72 82 38 24<\/p>\n","protected":false},"excerpt":{"rendered":"Patronati &#8211; Circonscription du Consulat G\u00e9n\u00e9ral de Lyon La liste est fournie \u00e0 titre purement d&rsquo;information et n&rsquo;implique pas la responsabilit\u00e9 de ce Consulat G\u00e9n\u00e9ral (mise \u00e0 jour 2025) &nbsp; IL EST CONSEILL\u00c9 DE T\u00c9L\u00c9PHONER AUX BUREAUX DE PATRONAGE POUR AVOIR CONFIRMATION DES HORAIRES ET DES JOURS D&rsquo;OUVERTURE. PATRONATO INAS FRANCE Adresse : 77 rue [&hellip;]","protected":false},"author":3,"featured_media":0,"parent":4740,"menu_order":6,"comment_status":"closed","ping_status":"closed","template":"","meta":{"footnotes":""},"class_list":["post-206","page","type-page","status-publish","hentry"],"_links":{"self":[{"href":"https:\/\/conslione.esteri.it\/fr\/wp-json\/wp\/v2\/pages\/206","targetHints":{"allow":["GET"]}}],"collection":[{"href":"https:\/\/conslione.esteri.it\/fr\/wp-json\/wp\/v2\/pages"}],"about":[{"href":"https:\/\/conslione.esteri.it\/fr\/wp-json\/wp\/v2\/types\/page"}],"author":[{"embeddable":true,"href":"https:\/\/conslione.esteri.it\/fr\/wp-json\/wp\/v2\/users\/3"}],"replies":[{"embeddable":true,"href":"https:\/\/conslione.esteri.it\/fr\/wp-json\/wp\/v2\/comments?post=206"}],"version-history":[{"count":5,"href":"https:\/\/conslione.esteri.it\/fr\/wp-json\/wp\/v2\/pages\/206\/revisions"}],"predecessor-version":[{"id":4074,"href":"https:\/\/conslione.esteri.it\/fr\/wp-json\/wp\/v2\/pages\/206\/revisions\/4074"}],"up":[{"embeddable":true,"href":"https:\/\/conslione.esteri.it\/fr\/wp-json\/wp\/v2\/pages\/4740"}],"wp:attachment":[{"href":"https:\/\/conslione.esteri.it\/fr\/wp-json\/wp\/v2\/media?parent=206"}],"curies":[{"name":"wp","href":"https:\/\/api.w.org\/{rel}","templated":true}]}}