{"id":208,"date":"2023-01-24T20:52:55","date_gmt":"2023-01-24T19:52:55","guid":{"rendered":"https:\/\/conslione.esteri.itservizi-consolari-e-visti\/servizi-per-il-cittadino-straniero\/visti\/"},"modified":"2023-01-24T21:13:26","modified_gmt":"2023-01-24T20:13:26","slug":"visti","status":"publish","type":"page","link":"https:\/\/conslione.esteri.it\/fr\/servizi-consolari-e-visti\/servizi-per-il-cittadino-straniero\/visti\/","title":{"rendered":"Visas"},"content":{"rendered":"<p>Le visa d\u2019entr\u00e9e en Italie concerne\u00a0les ressortissants membres de pays extra-communautaires r\u00e9sidents en France.<br \/>\nLe Consulat G\u00e9n\u00e9ral \u00e0 Paris est la seule institution diplomatique consulaire italienne comp\u00e9tente en France pour la d\u00e9livrance de visas d\u2019entr\u00e9e en Italie. Pour plus de renseignements veuillez consulter le lien suivant\u00a0:<\/p>\n<p><a href=\"http:\/\/www.consparigi.esteri.it\/consolato_parigi\/it\/i_servizi\/per_chi_si_reca_in_italia\/\" target=\"_blank\" rel=\"noopener\">http:\/\/www.consparigi.esteri.it\/consolato_parigi\/it\/i_servizi\/per_chi_si_reca_in_italia\/<\/a><\/p>\n","protected":false},"excerpt":{"rendered":"Le visa d\u2019entr\u00e9e en Italie concerne\u00a0les ressortissants membres de pays extra-communautaires r\u00e9sidents en France. Le Consulat G\u00e9n\u00e9ral \u00e0 Paris est la seule institution diplomatique consulaire italienne comp\u00e9tente en France pour la d\u00e9livrance de visas d\u2019entr\u00e9e en Italie. Pour plus de renseignements veuillez consulter le lien suivant\u00a0: http:\/\/www.consparigi.esteri.it\/consolato_parigi\/it\/i_servizi\/per_chi_si_reca_in_italia\/","protected":false},"author":3,"featured_media":0,"parent":120,"menu_order":0,"comment_status":"closed","ping_status":"closed","template":"","meta":{"footnotes":""},"class_list":["post-208","page","type-page","status-publish","hentry"],"_links":{"self":[{"href":"https:\/\/conslione.esteri.it\/fr\/wp-json\/wp\/v2\/pages\/208","targetHints":{"allow":["GET"]}}],"collection":[{"href":"https:\/\/conslione.esteri.it\/fr\/wp-json\/wp\/v2\/pages"}],"about":[{"href":"https:\/\/conslione.esteri.it\/fr\/wp-json\/wp\/v2\/types\/page"}],"author":[{"embeddable":true,"href":"https:\/\/conslione.esteri.it\/fr\/wp-json\/wp\/v2\/users\/3"}],"replies":[{"embeddable":true,"href":"https:\/\/conslione.esteri.it\/fr\/wp-json\/wp\/v2\/comments?post=208"}],"version-history":[{"count":0,"href":"https:\/\/conslione.esteri.it\/fr\/wp-json\/wp\/v2\/pages\/208\/revisions"}],"up":[{"embeddable":true,"href":"https:\/\/conslione.esteri.it\/fr\/wp-json\/wp\/v2\/pages\/120"}],"wp:attachment":[{"href":"https:\/\/conslione.esteri.it\/fr\/wp-json\/wp\/v2\/media?parent=208"}],"curies":[{"name":"wp","href":"https:\/\/api.w.org\/{rel}","templated":true}]}}