{"id":2440,"date":"2024-09-04T14:16:44","date_gmt":"2024-09-04T12:16:44","guid":{"rendered":"https:\/\/conslione.esteri.it\/servizi-consolari-e-visti\/servizi-per-il-cittadino-italiano\/stato-civile\/morte\/"},"modified":"2026-02-10T15:59:25","modified_gmt":"2026-02-10T14:59:25","slug":"morte","status":"publish","type":"page","link":"https:\/\/conslione.esteri.it\/fr\/servizi-consolari-e-visti\/servizi-per-il-cittadino-italiano\/stato-civile\/morte\/","title":{"rendered":"Deces"},"content":{"rendered":"<p>En cas de d\u00e9c\u00e8s \u00e0 l\u2019\u00e9tranger d\u2019un citoyen italien, sa famille est tenue d\u2019envoyer au Consulat G\u00e9n\u00e9ral,\u00a0<strong>l\u2019extrait de l\u2019acte de d\u00e9c\u00e8s sur formulaire plurilingue, d\u00e9livr\u00e9 par la mairie fran\u00e7aise<\/strong>.<\/p>\n<p>Le Consulat G\u00e9n\u00e9ral se chargera de le transmettre \u00e0 la Commune italienne pour transcription.<\/p>\n<p>&nbsp;<\/p>\n<p><strong>Contacts bureau Etat Civil<\/strong><\/p>\n<p>E-mail : <a href=\"mailto:consgenlione.statocivile@esteri.it\">consgenlione.statocivile@esteri.it<\/a><\/p>\n<p>T\u00e9l. : 04 72 82 13 08<\/p>\n<p>(Le bureau r\u00e9pond du lundi au jeudi de 12h00 \u00e0 13h00 et de 15h00 \u00e0 16h00, le vendredi de 12h00 \u00e0 13h00)<\/p>\n","protected":false},"excerpt":{"rendered":"En cas de d\u00e9c\u00e8s \u00e0 l\u2019\u00e9tranger d\u2019un citoyen italien, sa famille est tenue d\u2019envoyer au Consulat G\u00e9n\u00e9ral,\u00a0l\u2019extrait de l\u2019acte de d\u00e9c\u00e8s sur formulaire plurilingue, d\u00e9livr\u00e9 par la mairie fran\u00e7aise. Le Consulat G\u00e9n\u00e9ral se chargera de le transmettre \u00e0 la Commune italienne pour transcription. &nbsp; Contacts bureau Etat Civil E-mail : consgenlione.statocivile@esteri.it T\u00e9l. : 04 72 [&hellip;]","protected":false},"author":7,"featured_media":0,"parent":199,"menu_order":12,"comment_status":"closed","ping_status":"closed","template":"","meta":{"footnotes":""},"class_list":["post-2440","page","type-page","status-publish","hentry"],"_links":{"self":[{"href":"https:\/\/conslione.esteri.it\/fr\/wp-json\/wp\/v2\/pages\/2440","targetHints":{"allow":["GET"]}}],"collection":[{"href":"https:\/\/conslione.esteri.it\/fr\/wp-json\/wp\/v2\/pages"}],"about":[{"href":"https:\/\/conslione.esteri.it\/fr\/wp-json\/wp\/v2\/types\/page"}],"author":[{"embeddable":true,"href":"https:\/\/conslione.esteri.it\/fr\/wp-json\/wp\/v2\/users\/7"}],"replies":[{"embeddable":true,"href":"https:\/\/conslione.esteri.it\/fr\/wp-json\/wp\/v2\/comments?post=2440"}],"version-history":[{"count":4,"href":"https:\/\/conslione.esteri.it\/fr\/wp-json\/wp\/v2\/pages\/2440\/revisions"}],"predecessor-version":[{"id":5090,"href":"https:\/\/conslione.esteri.it\/fr\/wp-json\/wp\/v2\/pages\/2440\/revisions\/5090"}],"up":[{"embeddable":true,"href":"https:\/\/conslione.esteri.it\/fr\/wp-json\/wp\/v2\/pages\/199"}],"wp:attachment":[{"href":"https:\/\/conslione.esteri.it\/fr\/wp-json\/wp\/v2\/media?parent=2440"}],"curies":[{"name":"wp","href":"https:\/\/api.w.org\/{rel}","templated":true}]}}