{"id":2665,"date":"2024-09-02T15:59:06","date_gmt":"2024-09-02T13:59:06","guid":{"rendered":"https:\/\/conslione.esteri.it\/servizi-consolari-e-visti\/servizi-per-il-cittadino-italiano\/anagrafe-degli-italiani-residenti-allestero-aire\/come-iscriversi-allaire-fast-it\/"},"modified":"2026-03-24T14:50:28","modified_gmt":"2026-03-24T13:50:28","slug":"come-iscriversi-allaire-fast-it","status":"publish","type":"page","link":"https:\/\/conslione.esteri.it\/fr\/servizi-consolari-e-visti\/servizi-per-il-cittadino-italiano\/anagrafe-degli-italiani-residenti-allestero-aire\/come-iscriversi-allaire-fast-it\/","title":{"rendered":"Comment s&rsquo;inscrire \u00e0 l&rsquo;AIRE &#8211; FAST IT"},"content":{"rendered":"<p>L&rsquo;inscription A.I.R.E. se demande par le biais du <a href=\"https:\/\/serviziconsolari.esteri.it\/ScoFE\/index.sco\"><strong>portail FAST IT<\/strong><\/a> (Farnesina Servizi Telematici per Italiani all&rsquo;estero) apr\u00e8s s&rsquo;\u00eatre enregistr\u00e9 dans le syst\u00e8me. <strong><em>La proc\u00e9dure est illustr\u00e9e dans un <\/em><\/strong><a href=\"https:\/\/www.instagram.com\/reel\/C2-Mai-ChU7\/?igsh=MWNobzBwMTNrc2kxOQ%3D%3D\"><strong><em>tutoriel vid\u00e9o<\/em><\/strong><\/a><strong><em>.<\/em><\/strong><\/p>\n<p><strong>La cr\u00e9ation d&rsquo;un compte sur le portail FAST IT<\/strong> (la proc\u00e9dure est illustr\u00e9e dans le <a href=\"https:\/\/www.instagram.com\/reel\/C1ZD9h8I4hj\/?igsh=MXA1anJvaGozeWM5OA%3D%3D\"><strong>tutoriel vid\u00e9o<\/strong><\/a> suivant) <strong>n&rsquo;implique pas l&rsquo;inscription \u00e0 l&rsquo;A.I.R.E<\/strong>. Une fois le compte cr\u00e9\u00e9, il est n\u00e9cessaire de d\u00e9clencher la proc\u00e9dure en s\u00e9lectionnant \u00ab Anagrafe Consolare e A.I.R.E. \u00bb (ic\u00f4ne de stylo) et de cliquer ensuite sur \u00ab Richiedere l\u2019iscrizione all\u2019Anagrafe degli Italiani all\u2019Estero \u00bb.<\/p>\n<p>Cette proc\u00e9dure permet au citoyen de demander l&rsquo;inscription en remplissant en ligne le formulaire correspondant, qui doit toutefois \u00eatre <strong>sign\u00e9 \u00e0 la main<\/strong>, en joignant un document d&rsquo;identit\u00e9 et un justificatif de domicile au format \u00e9lectronique, de pr\u00e9f\u00e9rence PDF.<\/p>\n<p><strong>IMPORTANT\u00a0: l&rsquo;enregistrement du compte FAST IT doit \u00eatre effectu\u00e9 avec le nom et le pr\u00e9nom figurant sur le document d&rsquo;identit\u00e9 italien, sous peine de refus de la demande. Aucune partie du nom ou du pr\u00e9nom ne doit donc \u00eatre omise ou ajout\u00e9e.<\/strong><\/p>\n<p><strong>FAST IT : DOCUMENTS REQUIS POUR L&rsquo;INSCRIPTION A.I.R.E.<\/strong><\/p>\n<p>L&rsquo;inscription est consid\u00e9r\u00e9e comme compl\u00e8te lorsque <strong>les trois documents requis<\/strong> sont t\u00e9l\u00e9charg\u00e9s sur la plateforme FAST IT et que vous soumettez votre demande, laquelle doit avoir comme statut \u00ab Presentata \u00bb. L&rsquo;absence d&rsquo;un des trois documents entra\u00eenera le <strong>rejet<\/strong> de la demande d&rsquo;A.I.R.E. et il sera n\u00e9cessaire de soumettre une nouvelle demande d&rsquo;A.I.R.E. compl\u00e8te. Pour conna\u00eetre le format \u00e0 utiliser pour ces documents, veuillez lire les conseils d&rsquo;utilisation de la plateforme ci-dessous.<\/p>\n<ol>\n<li><strong><u>Formulaire de demande<\/u><\/strong><\/li>\n<\/ol>\n<p>Le formulaire de demande se compl\u00e8te en ligne et est automatiquement g\u00e9n\u00e9r\u00e9 par le syst\u00e8me \u00e0 l&rsquo;\u00e9tape 6. Il y a deux possibilit\u00e9s pour signer le formulaire<\/p>\n<ol>\n<li>Imprimer la demande sur papier, la <strong>signer \u00e0 la main<\/strong>, et ensuite la scanner au format PDF<\/li>\n<li>Signer le formulaire &#8211; sans l&rsquo;imprimer &#8211; avec la <strong>signature num\u00e9rique<\/strong> <strong>SPID<\/strong> ;<\/li>\n<\/ol>\n<p>Chaque membre majeur du foyer devra signer le formulaire de demande.<\/p>\n<p>En cas d&rsquo;enfants mineurs, le formulaire devra \u00eatre sign\u00e9 par les deux parents.<\/p>\n<ol start=\"2\">\n<li><strong><u>Document d&rsquo;identit\u00e9<\/u><\/strong><\/li>\n<\/ol>\n<p>Photocopie du passeport italien (uniquement les pages indiquant les coordonn\u00e9es et l&rsquo;organisme \u00e9metteur) et\/ou de la carte d&rsquo;identit\u00e9 italienne (recto et verso du document). En l&rsquo;absence de documents italiens, un document d&rsquo;identit\u00e9 \u00e9tranger complet sera accept\u00e9. S&rsquo;il y a plus d&rsquo;un membre dans le foyer, les documents d&rsquo;identit\u00e9 de tous les membres, italiens et \u00e9trangers, doivent \u00eatre joints.<\/p>\n<p><strong>**UNIQUEMENT pour les citoyens n\u00e9s hors d&rsquo;Italie<\/strong> : joindre \u00e9galement une photocopie de l&rsquo;acte de naissance d\u00e9livr\u00e9 par la Commune italienne concern\u00e9e, ou de la carte d&rsquo;identit\u00e9 avec les informations de transcription.<\/p>\n<ol start=\"3\">\n<li><strong><u>Justificatif de domicile<\/u><\/strong><\/li>\n<\/ol>\n<p>Document r\u00e9cent prouvant la r\u00e9sidence des int\u00e9ress\u00e9s dans la circonscription consulaire de Lyon (lettre re\u00e7ue par la poste en votre nom de la part des organismes suivants : Assurance maladie, Mutuelle, Caf, Banque, Assurance, Tr\u00e9sor Public, France Travail ou Organismes g\u00e9rant les fournitures d&rsquo;\u00e9lectricit\u00e9, de gaz, de t\u00e9l\u00e9phone). Les auto-certifications et\/ou les d\u00e9clarations d&rsquo;h\u00e9bergement ne seront PAS accept\u00e9es. La nouvelle adresse doit \u00eatre clairement indiqu\u00e9e dans le champ du destinataire de la lettre (et pas seulement dans le corps de celle-ci).<\/p>\n<p>Si vous n&rsquo;\u00eates pas en possession d&rsquo;au moins une des preuves mentionn\u00e9es ci-dessus, vous ne pourrez pas proc\u00e9der \u00e0 l&rsquo;inscription \u00e0 l&rsquo;A.I.R.E. : <strong>la pr\u00e9sentation de cette preuve est en effet obligatoire<\/strong>.<\/p>\n<p><span style=\"text-decoration: underline;\"><span style=\"color: #ff0000;\"><strong>En pr\u00e9sence d\u2019enfants mineurs, le formulaire devra \u00eatre sign\u00e9 par les deux parents (\u00e0 d\u00e9faut il est obligatoire de joindre la copie du jugement du Tribunal qui d\u00e9l\u00e8gue l\u2019autorit\u00e9 parentale exclusive \u00e0 un parent)<\/strong><\/span><\/span><\/p>\n<p>Le Consulat, apr\u00e8s avoir v\u00e9rifi\u00e9 la validit\u00e9 des documents re\u00e7us, se chargera d&rsquo;ins\u00e9rer les donn\u00e9es dans ses registres consulaires et de les communiquer \u00e0 la Commune italienne comp\u00e9tente (commune de la derni\u00e8re r\u00e9sidence de l&rsquo;int\u00e9ress\u00e9 ou, en cas de naissance et de r\u00e9sidence continue \u00e0 l&rsquo;\u00e9tranger, commune de la derni\u00e8re r\u00e9sidence des parents ou des ascendants).<\/p>\n<p><strong><u>Il appartiendra \u00e0 la municipalit\u00e9 italienne de notifier directement aux int\u00e9ress\u00e9s leur bonne inscription dans leur registre AIRE.<\/u><\/strong><\/p>\n<p><strong><u>En cas de non-r\u00e9ception de la notification, si le statut de la demande d\u00e9pos\u00e9e via Fast-it indique \u00ab Trasmessa al Comune di\u2026 \u00bb, le ressortissant pourra contacter la Commune indiqu\u00e9e afin d&rsquo;obtenir des informations relatives \u00e0 la conclusion de la proc\u00e9dure d&rsquo;inscription. <\/u><\/strong><\/p>\n<p><strong><u>\u00a0<\/u><\/strong><\/p>\n<ul>\n<li><em>En cas de difficult\u00e9s, il est possible de nous faire parvenir le <\/em><a href=\"https:\/\/conslione.esteri.it\/wp-content\/uploads\/2023\/10\/MODULO-AIRE-ISCRIZIONE.pdf\"><em>formulaire de demande<\/em><\/a><em> et tous les documents n\u00e9cessaires par voie postale<\/em><\/li>\n<\/ul>\n<p>&nbsp;<\/p>\n<p><strong>Contacts bureau AIRE<\/strong><\/p>\n<p>E-mail : aire.lione@esteri.it<\/p>\n<p>T\u00e9l. : 04 72 82 38 22<\/p>\n<p>(Le bureau r\u00e9pond du lundi au jeudi de 12h00 \u00e0 13h00 et de 15h00 \u00e0 16h00, le vendredi de 12h00 \u00e0 13h00)<\/p>\n","protected":false},"excerpt":{"rendered":"L&rsquo;inscription A.I.R.E. se demande par le biais du portail FAST IT (Farnesina Servizi Telematici per Italiani all&rsquo;estero) apr\u00e8s s&rsquo;\u00eatre enregistr\u00e9 dans le syst\u00e8me. La proc\u00e9dure est illustr\u00e9e dans un tutoriel vid\u00e9o. La cr\u00e9ation d&rsquo;un compte sur le portail FAST IT (la proc\u00e9dure est illustr\u00e9e dans le tutoriel vid\u00e9o suivant) n&rsquo;implique pas l&rsquo;inscription \u00e0 l&rsquo;A.I.R.E. Une [&hellip;]","protected":false},"author":7,"featured_media":0,"parent":198,"menu_order":2,"comment_status":"closed","ping_status":"closed","template":"","meta":{"footnotes":""},"class_list":["post-2665","page","type-page","status-publish","hentry"],"_links":{"self":[{"href":"https:\/\/conslione.esteri.it\/fr\/wp-json\/wp\/v2\/pages\/2665","targetHints":{"allow":["GET"]}}],"collection":[{"href":"https:\/\/conslione.esteri.it\/fr\/wp-json\/wp\/v2\/pages"}],"about":[{"href":"https:\/\/conslione.esteri.it\/fr\/wp-json\/wp\/v2\/types\/page"}],"author":[{"embeddable":true,"href":"https:\/\/conslione.esteri.it\/fr\/wp-json\/wp\/v2\/users\/7"}],"replies":[{"embeddable":true,"href":"https:\/\/conslione.esteri.it\/fr\/wp-json\/wp\/v2\/comments?post=2665"}],"version-history":[{"count":6,"href":"https:\/\/conslione.esteri.it\/fr\/wp-json\/wp\/v2\/pages\/2665\/revisions"}],"predecessor-version":[{"id":5386,"href":"https:\/\/conslione.esteri.it\/fr\/wp-json\/wp\/v2\/pages\/2665\/revisions\/5386"}],"up":[{"embeddable":true,"href":"https:\/\/conslione.esteri.it\/fr\/wp-json\/wp\/v2\/pages\/198"}],"wp:attachment":[{"href":"https:\/\/conslione.esteri.it\/fr\/wp-json\/wp\/v2\/media?parent=2665"}],"curies":[{"name":"wp","href":"https:\/\/api.w.org\/{rel}","templated":true}]}}