{"id":2694,"date":"2024-09-02T16:27:25","date_gmt":"2024-09-02T14:27:25","guid":{"rendered":"https:\/\/conslione.esteri.it\/servizi-consolari-e-visti\/servizi-per-il-cittadino-italiano\/anagrafe-degli-italiani-residenti-allestero-aire\/iscrizione-aire-minori\/"},"modified":"2024-11-07T12:18:25","modified_gmt":"2024-11-07T11:18:25","slug":"iscrizione-aire-minori","status":"publish","type":"page","link":"https:\/\/conslione.esteri.it\/fr\/servizi-consolari-e-visti\/servizi-per-il-cittadino-italiano\/anagrafe-degli-italiani-residenti-allestero-aire\/iscrizione-aire-minori\/","title":{"rendered":"Inscription AIRE mineurs"},"content":{"rendered":"<p><strong><u>ENREGISTREMENT AIRE D&rsquo;UN MINEUR N\u00c9 EN FRANCE DE PARENTS D\u00c9J\u00c0 INSCRITS AIRE<\/u><\/strong><\/p>\n<p>Pour demander l&rsquo;inscription AIRE d&rsquo;un mineur \u00e0 la suite de sa naissance, les parents d\u00e9j\u00e0 inscrits \u00e0 l&rsquo;AIRE dans la circonscription de Lyon devront d\u00e9clarer la naissance de leur enfant en suivant les indications report\u00e9es ci-dessous\u00a0:<\/p>\n<p><a href=\"https:\/\/conslione.esteri.it\/fr\/servizi-consolari-e-visti\/servizi-per-il-cittadino-italiano\/stato-civile\/\">Etat Civil \u2013 Consolato Generale d&rsquo;Italia a Lione (esteri.it)<\/a><\/p>\n<p>La demande d&rsquo;enregistrement AIRE du mineur sera envoy\u00e9e par le bureau de l&rsquo;\u00e9tat civil en Italie, accompagn\u00e9e de l&rsquo;acte de naissance.<\/p>\n<p>La notification de l\u2019inscription sera communiqu\u00e9e directement aux parents par la Commune italienne.<\/p>\n<p>&nbsp;<\/p>\n<p><strong><u>INSCRIPTION\/CHANGEMENT D&rsquo;ADRESSE AIRE D&rsquo;UN MINEUR ACCOMPAGN\u00c9 D\u2019UN SEUL PARENT ITALIEN <\/u><\/strong><\/p>\n<p>Dans le cas de mineurs qui d\u00e9m\u00e9nagent \u00e0 l&rsquo;\u00e9tranger \u00e0 la suite du transfert d\u2019un seul <strong>parent italien<\/strong>, pour l&rsquo;inscription \u00e0 AIRE\/changement d&rsquo;adresse, il faudra \u00e9galement joindre une d\u00e9claration avec signature manuscrite dans laquelle l\u2019autre parent consent au transfert de l&rsquo;enfant \u00e0 l&rsquo;\u00e9tranger, accompagn\u00e9e du document d&rsquo;identit\u00e9 du parent pour prouver l&rsquo;authenticit\u00e9 de la signature.<\/p>\n<p><u>\u00a0<\/u><\/p>\n<p><strong><u>INSCRIPTION\/CHANGEMENT D&rsquo;ADRESSE AIRE D&rsquo;UN MINEUR ACCOMPAGN\u00c9 PAR LE SEUL PARENT \u00c9TRANGER<\/u><\/strong><\/p>\n<p>La demande d&rsquo;inscription AIRE d&rsquo;un mineur qui transf\u00e8re sa r\u00e9sidence \u00e0 l&rsquo;\u00e9tranger \u00e0 la suite du transfert du seul <strong><u>parent \u00e9tranger<\/u><\/strong> ne peut pas \u00eatre effectu\u00e9e via le portail Fast-it.<\/p>\n<p>La demande doit \u00eatre soumise par mail \u00e0\u00a0: \u00a0<a href=\"mailto:aire.lione@esteri.it\">aire.lione@esteri.it<\/a><\/p>\n<p>Documents demand\u00e9s:<\/p>\n<ul>\n<li><a href=\"https:\/\/conslione.esteri.it\/wp-content\/uploads\/2023\/10\/MODULO-AIRE-ISCRIZIONE.pdf\">Formulaire de demande<\/a> sign\u00e9 par les deux parents<\/li>\n<li>Document d&rsquo;identit\u00e9 du mineur (en l&rsquo;absence d&rsquo;un document italien, veuillez fournir l&rsquo;acte de naissance du mineur d\u00e9livr\u00e9 par la commune italienne qui l&rsquo;a enregistr\u00e9)<\/li>\n<li>Documents d&rsquo;identit\u00e9 des deux parents<\/li>\n<li>Justificatif de domicile du parent vivant avec l\u2019enfant<\/li>\n<\/ul>\n","protected":false},"excerpt":{"rendered":"ENREGISTREMENT AIRE D&rsquo;UN MINEUR N\u00c9 EN FRANCE DE PARENTS D\u00c9J\u00c0 INSCRITS AIRE Pour demander l&rsquo;inscription AIRE d&rsquo;un mineur \u00e0 la suite de sa naissance, les parents d\u00e9j\u00e0 inscrits \u00e0 l&rsquo;AIRE dans la circonscription de Lyon devront d\u00e9clarer la naissance de leur enfant en suivant les indications report\u00e9es ci-dessous\u00a0: Etat Civil \u2013 Consolato Generale d&rsquo;Italia a [&hellip;]","protected":false},"author":7,"featured_media":0,"parent":198,"menu_order":3,"comment_status":"closed","ping_status":"closed","template":"","meta":{"footnotes":""},"class_list":["post-2694","page","type-page","status-publish","hentry"],"_links":{"self":[{"href":"https:\/\/conslione.esteri.it\/fr\/wp-json\/wp\/v2\/pages\/2694","targetHints":{"allow":["GET"]}}],"collection":[{"href":"https:\/\/conslione.esteri.it\/fr\/wp-json\/wp\/v2\/pages"}],"about":[{"href":"https:\/\/conslione.esteri.it\/fr\/wp-json\/wp\/v2\/types\/page"}],"author":[{"embeddable":true,"href":"https:\/\/conslione.esteri.it\/fr\/wp-json\/wp\/v2\/users\/7"}],"replies":[{"embeddable":true,"href":"https:\/\/conslione.esteri.it\/fr\/wp-json\/wp\/v2\/comments?post=2694"}],"version-history":[{"count":1,"href":"https:\/\/conslione.esteri.it\/fr\/wp-json\/wp\/v2\/pages\/2694\/revisions"}],"predecessor-version":[{"id":2696,"href":"https:\/\/conslione.esteri.it\/fr\/wp-json\/wp\/v2\/pages\/2694\/revisions\/2696"}],"up":[{"embeddable":true,"href":"https:\/\/conslione.esteri.it\/fr\/wp-json\/wp\/v2\/pages\/198"}],"wp:attachment":[{"href":"https:\/\/conslione.esteri.it\/fr\/wp-json\/wp\/v2\/media?parent=2694"}],"curies":[{"name":"wp","href":"https:\/\/api.w.org\/{rel}","templated":true}]}}