{"id":2853,"date":"2024-11-18T15:36:24","date_gmt":"2024-11-18T14:36:24","guid":{"rendered":"https:\/\/conslione.esteri.it\/servizi-consolari-e-visti\/servizi-per-il-cittadino-italiano\/passaporti-e-carte-didentita\/passaporti-minori-da-12-a-17-anni\/"},"modified":"2026-03-10T10:42:28","modified_gmt":"2026-03-10T09:42:28","slug":"passaporti-minori-da-12-a-17-anni","status":"publish","type":"page","link":"https:\/\/conslione.esteri.it\/fr\/servizi-consolari-e-visti\/servizi-per-il-cittadino-italiano\/passaporti-e-carte-didentita\/passaporti-minori-da-12-a-17-anni\/","title":{"rendered":"Passeports mineurs de 12 \u00e0 17 ans"},"content":{"rendered":"<p>La demande d\u2019un nouveau passeport peut \u00eatre pr\u00e9sent\u00e9e \u00e0 partir de 6 mois avant l&rsquo;expiration du pr\u00e9c\u00e9dent.<\/p>\n<p><span style=\"color: #3366ff;\"><strong>RENDEZ-VOUS<\/strong><\/span><\/p>\n<p>La prise de rendez-vous pour la d\u00e9livrance du passeport doit \u00eatre effectu\u00e9e via le portail <a href=\"https:\/\/prenotami.esteri.it\/\">Prenot@mi<\/a>. Le syst\u00e8me vous permet de demander un rendez-vous (en s\u00e9lectionnant \u00ab r\u00e9servation unique \u00bb) ou deux rendez-vous (en s\u00e9lectionnant \u00ab r\u00e9servation multiple \u00bb). Le rendez-vous peut \u00eatre pris avec le profil d&rsquo;un parent et dans le champ \u00ab notes \u00bb vous pouvez sp\u00e9cifier le nom du mineur pour lequel vous prenez le rendez-vous.<\/p>\n<p>Le rendez-vous pour la d\u00e9livrance d&rsquo;un passeport peut \u00eatre pris aupr\u00e8s:<\/p>\n<ul>\n<li>du Consulat g\u00e9n\u00e9ral de Lyon<\/li>\n<li>de la Permanence \u00e0 Grenoble<\/li>\n<li>de la Permanence \u00e0 Chamb\u00e9ry.<\/li>\n<\/ul>\n<p>Dans la rubrique <em>Mes rendez-vous<\/em> du Portail <a href=\"https:\/\/prenotami.esteri.it\/\">Prenot@mi<\/a>, vous pouvez consulter tous vos rendez-vous pris et v\u00e9rifier l&rsquo;\u00e9tat de votre r\u00e9servation.<\/p>\n<p><span style=\"color: #ff0000;\"><strong>\u00c0 PARTIR DU 10\u00c8ME ET JUSQU&rsquo;AU 3\u00c8ME JOUR AVANT LA DATE DU RENDEZ-VOUS, LE CITOYEN DOIT OBLIGATOIREMENT CONFIRMER LA R\u00c9SERVATION DEMAND\u00c9E, SOUS PEINE DE D\u00c9CH\u00c9ANCE.<\/strong><\/span><\/p>\n<p><strong>Le jour du rendez-vous au Consulat, la pr\u00e9sence du mineur, accompagn\u00e9 d&rsquo;au moins un de ses parents, est requise.<\/strong><\/p>\n<p><strong>\u00a0<\/strong><\/p>\n<p><span style=\"color: #3366ff;\"><strong>DOCUMENTATION \u00c0 SOUMETTRE EN FORMAT PAPIER LE JOUR DU RENDEZ-VOUS<\/strong><\/span><\/p>\n<ul>\n<li>Pr\u00e9c\u00e9dent passeport italien du mineur, s&rsquo;il en a possession ;<\/li>\n<li>D\u00e9claration de perte ou de vol du document d\u00e9livr\u00e9e par les autorit\u00e9s locales de police ( pour plus d&rsquo;informations sur les modalit\u00e9s de d\u00e9p\u00f4t d&rsquo;une plainte en France : <a href=\"https:\/\/www.service-public.gouv.fr\/particuliers\/vosdroits\/R13630\" target=\"_blank\" rel=\"noopener\">https:\/\/www.service-public.gouv.fr\/particuliers\/vosdroits\/R13630<\/a> ). <u>Seulement en cas d&rsquo;impossibilit\u00e9 objective<\/u> de d\u00e9poser plainte aupr\u00e8s des autorit\u00e9s locales comp\u00e9tentes, le ressortissant peut pr\u00e9senter une d\u00e9claration de perte ou vol du document aupr\u00e8s du Consulat G\u00e9n\u00e9ral (<a href=\"https:\/\/conslione.esteri.it\/wp-content\/uploads\/2026\/03\/denuncia-furto-smarrimento-passaporto.doc\" target=\"_blank\" rel=\"noopener\">formulaire<\/a>), avant la d\u00e9livrance d&rsquo;un nouveau document.<\/li>\n<li>En cas de possession, photocopie du passeport de l&rsquo;enfant (page avec photo et donn\u00e9es personnelles) ou photocopie recto-verso de la carte d&rsquo;identit\u00e9 ;<\/li>\n<li>Justificatif de domicile r\u00e9cente (moins de 3 mois), par exemple\u00a0: facture d&rsquo;\u00e9lectricit\u00e9, de gaz, de t\u00e9l\u00e9phone, avis d&rsquo;imposition, etc. au nom de l&rsquo;un des deux parents ;<\/li>\n<li>Copie d&rsquo;une pi\u00e8ce d&rsquo;identit\u00e9 des parents ;<\/li>\n<li>Une photographie r\u00e9cente, de face, en couleur, sur fond clair (voir <a href=\"https:\/\/conslione.esteri.it\/wp-content\/uploads\/2023\/02\/normes-pour-les-photos.pdf\">d\u00e9tails<\/a>) ;<\/li>\n<li>(Si le paiement a \u00e9t\u00e9 effectu\u00e9 par virement bancaire) attestation bancaire\/r\u00e9ception du virement.<\/li>\n<li>Si l&rsquo;un des deux parents ne peut pas \u00eatre pr\u00e9sent au rendez-vous, il doit remplir le formulaire de consentement, qui doit \u00eatre pr\u00e9sent\u00e9 en original le jour du rendez-vous.<\/li>\n<\/ul>\n<p>&nbsp;<\/p>\n<p>Dans le cas o\u00f9 l&rsquo;un des parents n&rsquo;est pas citoyen de l&rsquo;Union europ\u00e9enne, sa signature doit \u00eatre authentifi\u00e9e par le greffier consulaire au si\u00e8ge ou \u00e0 la Mairie de r\u00e9sidence. Dans ce cas, il est pr\u00e9f\u00e9rable de t\u00e9l\u00e9charger <a href=\"https:\/\/conslione.esteri.it\/wp-content\/uploads\/2023\/02\/Atto-di-assenso-per-lemissione-in-favore-di-persona-con-figli-minori.pdf\">l&rsquo;acte d&rsquo;assentiment<\/a> \u00e0 signer devant l&rsquo;autorit\u00e9 fran\u00e7aise. Si le parent susmentionn\u00e9 se trouve en Italie, sa signature doit \u00eatre authentifi\u00e9e aupr\u00e8s de la <em>Questura<\/em> ; s&rsquo;il se trouve \u00e0 l&rsquo;\u00e9tranger, dans une autre circonscription consulaire, aupr\u00e8s du bureau consulaire italien de r\u00e9f\u00e9rence.<\/p>\n<p>En cas de d\u00e9c\u00e8s de l&rsquo;un des parents, une copie de l&rsquo;acte de d\u00e9c\u00e8s original doit \u00eatre pr\u00e9sent\u00e9e.<\/p>\n<p>&nbsp;<\/p>\n<p><strong>Dans le cas o\u00f9 il n&rsquo;est pas possible d&rsquo;obtenir le consentement de l&rsquo;autre parent, il est possible de demander au Consul g\u00e9n\u00e9ral<\/strong> <strong>la d\u00e9livrance d&rsquo;un d\u00e9cret d&rsquo;autorisation<\/strong> (voir <a href=\"https:\/\/conslione.esteri.it\/wp-content\/uploads\/2023\/02\/Istanza-al-giudice-tutelare.doc\">demande aupr\u00e8s du juge tut\u00e9laire<\/a> ).<\/p>\n<p>Pour plus d&rsquo;informations sur la proc\u00e9dure, veuillez contacter le bureau passeports \u00e0 l&rsquo;adresse suivante : <a href=\"mailto:passaporti.lione@esteri.it\">passaporti.lione@esteri.it<\/a><\/p>\n<p><strong>\u00a0<\/strong><\/p>\n<p><span style=\"color: #3366ff;\"><strong>MODALIT<\/strong><strong>\u00c9<\/strong><\/span><strong><span style=\"color: #3366ff;\">S DE PAIEMENT<\/span>\u00a0<\/strong><\/p>\n<p><a href=\"https:\/\/conslione.esteri.it\/fr\/servizi-consolari-e-visti\/servizi-per-il-cittadino-italiano\/passaporti-e-carte-didentita\/tariffa-consolare-consegna-ritiro-passaporti\/\">Modalit\u00e9s de paiement \u2013 Consolato Generale d&rsquo;Italia a Lione (esteri.it)<\/a><\/p>\n<p><span style=\"color: #3366ff;\"><strong>PERMANENCES CONSULAIRES<\/strong><\/span><\/p>\n<p>Le rendez-vous aux permanences consulaires de Grenoble et Chamb\u00e9ry permet de d\u00e9poser la demande de passeport et les donn\u00e9es biom\u00e9triques. Le nouveau passeport sera ensuite envoy\u00e9 par courrier recommand\u00e9 \u00e0 l&rsquo;adresse de r\u00e9sidence. Le paiement peut \u00eatre effectu\u00e9 par virement bancaire, dont le re\u00e7u doit \u00eatre fourni le jour du rendez-vous, ou par ch\u00e8que de banque. Le paiement en esp\u00e8ces ou par carte de cr\u00e9dit n\u2019est pas accept\u00e9.<\/p>\n<p>Pour plus d&rsquo;informations, veuillez consulter la section appropri\u00e9e <a href=\"https:\/\/conslione.esteri.it\/fr\/servizi-consolari-e-visti\/servizi-per-il-cittadino-italiano\/passaporti-e-carte-didentita\/permanenze-consolari\/\">Permanences Consulaires \u2013 Consolato Generale d&rsquo;Italia a Lione (esteri.it)<\/a><\/p>\n","protected":false},"excerpt":{"rendered":"La demande d\u2019un nouveau passeport peut \u00eatre pr\u00e9sent\u00e9e \u00e0 partir de 6 mois avant l&rsquo;expiration du pr\u00e9c\u00e9dent. RENDEZ-VOUS La prise de rendez-vous pour la d\u00e9livrance du passeport doit \u00eatre effectu\u00e9e via le portail Prenot@mi. Le syst\u00e8me vous permet de demander un rendez-vous (en s\u00e9lectionnant \u00ab r\u00e9servation unique \u00bb) ou deux rendez-vous (en s\u00e9lectionnant \u00ab r\u00e9servation [&hellip;]","protected":false},"author":7,"featured_media":0,"parent":196,"menu_order":6,"comment_status":"closed","ping_status":"closed","template":"","meta":{"footnotes":""},"class_list":["post-2853","page","type-page","status-publish","hentry"],"_links":{"self":[{"href":"https:\/\/conslione.esteri.it\/fr\/wp-json\/wp\/v2\/pages\/2853","targetHints":{"allow":["GET"]}}],"collection":[{"href":"https:\/\/conslione.esteri.it\/fr\/wp-json\/wp\/v2\/pages"}],"about":[{"href":"https:\/\/conslione.esteri.it\/fr\/wp-json\/wp\/v2\/types\/page"}],"author":[{"embeddable":true,"href":"https:\/\/conslione.esteri.it\/fr\/wp-json\/wp\/v2\/users\/7"}],"replies":[{"embeddable":true,"href":"https:\/\/conslione.esteri.it\/fr\/wp-json\/wp\/v2\/comments?post=2853"}],"version-history":[{"count":7,"href":"https:\/\/conslione.esteri.it\/fr\/wp-json\/wp\/v2\/pages\/2853\/revisions"}],"predecessor-version":[{"id":5339,"href":"https:\/\/conslione.esteri.it\/fr\/wp-json\/wp\/v2\/pages\/2853\/revisions\/5339"}],"up":[{"embeddable":true,"href":"https:\/\/conslione.esteri.it\/fr\/wp-json\/wp\/v2\/pages\/196"}],"wp:attachment":[{"href":"https:\/\/conslione.esteri.it\/fr\/wp-json\/wp\/v2\/media?parent=2853"}],"curies":[{"name":"wp","href":"https:\/\/api.w.org\/{rel}","templated":true}]}}