{"id":293,"date":"2023-01-31T12:43:41","date_gmt":"2023-01-31T11:43:41","guid":{"rendered":"https:\/\/conslione.esteri.itservizi-consolari-e-visti\/servizi-per-il-cittadino-italiano\/spid-sistema-pubblico-di-identita-digitale\/"},"modified":"2023-01-31T13:58:16","modified_gmt":"2023-01-31T12:58:16","slug":"spid-sistema-pubblico-di-identita-digitale","status":"publish","type":"page","link":"https:\/\/conslione.esteri.it\/fr\/servizi-consolari-e-visti\/servizi-per-il-cittadino-italiano\/spid-sistema-pubblico-di-identita-digitale\/","title":{"rendered":"SPID &#8211; Sistema Pubblico di Identit\u00e0 Digitale"},"content":{"rendered":"<article id=\"articolo_centro\" class=\"col-md-15 col-sm-15 padding_articolo item-page\" role=\"main\" aria-label=\"articolo\">\n<div>\n<div>\n<p><strong>SPID, il Sistema Pubblico di Identit\u00e0 Digitale<\/strong>, \u00e8 la soluzione che permette di accedere ai servizi online della Pubblica Amministrazione e dei soggetti privati aderenti con un\u2019unica Identit\u00e0 Digitale (username e password) utilizzabile da computer, tablet e smartphone.<\/p>\n<p><strong>L\u2019utilizzo dello SPID \u00e8 gratuito.<\/strong><\/p>\n<p>Anche richiedere SPID \u00e8 gratuito, ma alcune forme di riconoscimento da parte degli operatori potrebbero essere a pagamento.<\/p>\n<p><strong>SPID \u00e8 semplice<\/strong>: prenotazioni sanitarie, iscrizioni scolastiche, accesso alla rete Wi-Fi pubblica, pratiche d\u2019impresa ecc. sempre con le stesse credenziali.<\/p>\n<p><strong>SPID \u00e8 sicuro<\/strong>: il sistema SPID assicura la piena protezione dei tuoi dati personali e non \u00e8 consentito alcun tipo di profilazione; la tua privacy \u00e8 garantita.<\/p>\n<p><strong>SPID \u00e8 veloce<\/strong>: \u00e8 possibile accedere velocemente ai servizi online della Pubblica Amministrazione e dei soggetti privati aderenti ovunque ti trovi e da qualsiasi dispositivo.<\/p>\n<p>Richiedi SPID:<\/p>\n<p>Per richiedere e ottenere le tue credenziali SPID, il Sistema Pubblico di Identit\u00e0 Digitale, devi esser maggiorenne.<\/p>\n<p>Avrai bisogno di:<\/p>\n<p>un indirizzo e-mail;il numero di telefono del cellulare che usi normalmente (anche straniero);un documento di identit\u00e0 italiano valido (uno tra carta di identit\u00e0, passaporto, patente). Durante la registrazione pu\u00f2 esser necessario fotografarli e allegarli al formulario che compilerai;il codice fiscale (in assenza di codice fiscale, \u00e8 possibile farne richiesta all\u2019Ufficio consolare, a breve anche tramite la piattaforma FastIT. Far\u00e0 fede il foglio dell\u2019Agenzia delle Entrate vidimate dall\u2019Ufficio consolare).<\/p>\n<p>&nbsp;<\/p>\n<p><strong>Cosa fare per ottenere SPID<\/strong><\/p>\n<p>Scegli uno tra gli Identity Provider (<a href=\"https:\/\/www.spid.gov.it\/cos-e-spid\/come-attivare-spid\/\">https:\/\/www.spid.gov.it\/cos-e-spid\/come-attivare-spid\/<\/a>\u00a0) e registrati sul loro sito.<br \/>\nLa registrazione consiste in 3 step:<\/p>\n<p>Inserisci i dati anagrafici; Crea le tue credenziali SPID;Effettua il riconoscimento a scelta tra le seguenti modalit\u00e0: di persona \/ da remoto via webcam\/ tramite CIE, CNS, passaporto o firma digitale \/audio-video con bonifico bancario (bonifico da un c\/c con IBAN italiano).<\/p>\n<p>I tempi di rilascio dell\u2019identit\u00e0 digitale dipendono dai singoli Identity Provider.<\/p>\n<p>&nbsp;<\/p>\n<p><strong>Come scegliere tra i diversi Identity Provider<\/strong><\/p>\n<p>Gli Identity Provider forniscono diverse modalit\u00e0 di registrazione gratuitamente o a pagamento e i rispettivi SPID hanno diversi livelli di sicurezza.<\/p>\n<p>La tabella qui riportata (\u00a0<a href=\"https:\/\/www.spid.gov.it\/cos-e-spid\/come-scegliere-tra-gli-idp\">https:\/\/www.spid.gov.it\/cos-e-spid\/come-scegliere-tra-gli-idp<\/a>\u00a0) fornisce un quadro aggiornato della situazione.<\/p>\n<p>In particolare, si consiglia di soffermarsi sui seguenti parametri:<\/p>\n<p>scegli la modalit\u00e0 di riconoscimento che ti risulta pi\u00f9 comoda:di persona in Italia o presso le Sedi consolari accreditate come RAO (al momento solo Tel Aviv e Gerusalemme), tramite Carta d\u2019Identit\u00e0 Elettronica (CIE), Carta Nazionale dei Servizi (CNS), Passaporto biometrico, Firma Digitale o tramite webcam;scegli sulla base del livello di sicurezza di SPID che ti serve;se sei un cittadino italiano residente all\u2019estero, fai attenzione a chi offre il servizio per l\u2019estero: scegli l\u2019Identity Provider che mostra l\u2019icona \u201cMondo\u201d o \u201cEU\u201d;<\/p>\n<p>Ricorda che anche usando la CIE, la CNS, il Passaporto biometrico e la firma digitale puoi ottenere SPID da remoto (a distanza). Visita i siti dei diversi gestori per verificare le condizioni di rilascio e scegliere quella pi\u00f9 utile per te.<\/p>\n<p>&nbsp;<\/p>\n<p><strong>Dove si pu\u00f2 usare SPID<\/strong><\/p>\n<p>A questo link puoi cercare tra i servizi abilitati SPID di oltre 4000 Amministrazioni e trovare l\u2019elenco dei fornitori di servizi privati. Puoi accedere al portale \u201cFast It\u201d della Farnesina dedicato ai servizi consolari con le credenziali SPID.<\/p>\n<p>Domande frequenti:\u00a0<a href=\"https:\/\/www.spid.gov.it\/domande-frequenti\">https:\/\/www.spid.gov.it\/domande-frequenti<\/a><\/p>\n<p>[Fonte delle informazioni riportate su questa pagina:\u00a0<a href=\"http:\/\/www.spid.gov.it\/\">www.spid.gov.it<\/a>\u00a0, cui si rimanda per aggiornamenti ed approfondimenti]<\/p>\n<p>Per ulteriori informazioni visita\u00a0<a href=\"https:\/\/www.esteri.it\/it\/servizi-consolari-e-visti\/italiani-all-estero\/spid\/\">https:\/\/www.esteri.it\/it\/servizi-consolari-e-visti\/italiani-all-estero\/spid\/<\/a><\/p>\n<\/div>\n<\/div>\n<hr \/>\n<div class=\"row\"><\/div>\n<\/article>\n<aside id=\"articolo_dx\" class=\"col-md-4 col-sm-4 col-xs-24\" role=\"complementary\" aria-label=\"approfondimenti\">\u00a0<\/aside>\n","protected":false},"excerpt":{"rendered":"SPID, il Sistema Pubblico di Identit\u00e0 Digitale, \u00e8 la soluzione che permette di accedere ai servizi online della Pubblica Amministrazione e dei soggetti privati aderenti con un\u2019unica Identit\u00e0 Digitale (username e password) utilizzabile da computer, tablet e smartphone. L\u2019utilizzo dello SPID \u00e8 gratuito. Anche richiedere SPID \u00e8 gratuito, ma alcune forme di riconoscimento da parte [&hellip;]","protected":false},"author":7,"featured_media":0,"parent":119,"menu_order":32,"comment_status":"closed","ping_status":"closed","template":"","meta":{"footnotes":""},"class_list":["post-293","page","type-page","status-publish","hentry"],"_links":{"self":[{"href":"https:\/\/conslione.esteri.it\/fr\/wp-json\/wp\/v2\/pages\/293","targetHints":{"allow":["GET"]}}],"collection":[{"href":"https:\/\/conslione.esteri.it\/fr\/wp-json\/wp\/v2\/pages"}],"about":[{"href":"https:\/\/conslione.esteri.it\/fr\/wp-json\/wp\/v2\/types\/page"}],"author":[{"embeddable":true,"href":"https:\/\/conslione.esteri.it\/fr\/wp-json\/wp\/v2\/users\/7"}],"replies":[{"embeddable":true,"href":"https:\/\/conslione.esteri.it\/fr\/wp-json\/wp\/v2\/comments?post=293"}],"version-history":[{"count":0,"href":"https:\/\/conslione.esteri.it\/fr\/wp-json\/wp\/v2\/pages\/293\/revisions"}],"up":[{"embeddable":true,"href":"https:\/\/conslione.esteri.it\/fr\/wp-json\/wp\/v2\/pages\/119"}],"wp:attachment":[{"href":"https:\/\/conslione.esteri.it\/fr\/wp-json\/wp\/v2\/media?parent=293"}],"curies":[{"name":"wp","href":"https:\/\/api.w.org\/{rel}","templated":true}]}}