{"id":329,"date":"2023-02-01T10:21:00","date_gmt":"2023-02-01T09:21:00","guid":{"rendered":"https:\/\/conslione.esteri.itchi-siamo\/il-console-generale\/benvenuto\/"},"modified":"2023-10-02T15:39:47","modified_gmt":"2023-10-02T13:39:47","slug":"benvenuto","status":"publish","type":"page","link":"https:\/\/conslione.esteri.it\/fr\/chi-siamo\/il-console-generale\/benvenuto\/","title":{"rendered":"Bienvenue"},"content":{"rendered":"<p>Chers compatriotes, chers visiteurs<\/p>\n<p>Je vous souhaite la bienvenue sur le site Internet du Consulat G\u00e9n\u00e9ral d&rsquo;Italie \u00e0 Lyon, qui, je l&rsquo;esp\u00e8re, sera pour vous tous un instrument utile pour conna\u00eetre le Consulat G\u00e9n\u00e9ral lui-m\u00eame et la mani\u00e8re dont les services consulaires sont fournis.<\/p>\n<p>Au moment de prendre mes fonctions de Consul G\u00e9n\u00e9ral, je vous salue tous chaleureusement. C&rsquo;est un grand honneur pour moi de pouvoir servir notre pays dans une r\u00e9gion o\u00f9 la communaut\u00e9 italienne est en plein essor et tr\u00e8s active sur le territoire.<\/p>\n<p>Je m&rsquo;acquitterai de mes fonctions avec enthousiasme, en garantissant \u00e9galement le plus grand engagement de mes collaborateurs, afin que les services fournis par le consulat soient toujours plus efficaces et puissent mieux r\u00e9pondre \u00e0 vos besoins.<\/p>\n<p>Je profite \u00e9galement de l&rsquo;occasion pour saluer les autorit\u00e9s locales fran\u00e7aises avec lesquelles il existe des liens de coop\u00e9ration et d&rsquo;amiti\u00e9 profonds, qui, je l&rsquo;esp\u00e8re, pourront se consolider dans les ann\u00e9es \u00e0 venir.<\/p>\n<p>Chiara Petracca<\/p>\n","protected":false},"excerpt":{"rendered":"Chers compatriotes, chers visiteurs Je vous souhaite la bienvenue sur le site Internet du Consulat G\u00e9n\u00e9ral d&rsquo;Italie \u00e0 Lyon, qui, je l&rsquo;esp\u00e8re, sera pour vous tous un instrument utile pour conna\u00eetre le Consulat G\u00e9n\u00e9ral lui-m\u00eame et la mani\u00e8re dont les services consulaires sont fournis. Au moment de prendre mes fonctions de Consul G\u00e9n\u00e9ral, je vous [&hellip;]","protected":false},"author":7,"featured_media":0,"parent":109,"menu_order":0,"comment_status":"closed","ping_status":"closed","template":"","meta":{"footnotes":""},"class_list":["post-329","page","type-page","status-publish","hentry"],"_links":{"self":[{"href":"https:\/\/conslione.esteri.it\/fr\/wp-json\/wp\/v2\/pages\/329","targetHints":{"allow":["GET"]}}],"collection":[{"href":"https:\/\/conslione.esteri.it\/fr\/wp-json\/wp\/v2\/pages"}],"about":[{"href":"https:\/\/conslione.esteri.it\/fr\/wp-json\/wp\/v2\/types\/page"}],"author":[{"embeddable":true,"href":"https:\/\/conslione.esteri.it\/fr\/wp-json\/wp\/v2\/users\/7"}],"replies":[{"embeddable":true,"href":"https:\/\/conslione.esteri.it\/fr\/wp-json\/wp\/v2\/comments?post=329"}],"version-history":[{"count":2,"href":"https:\/\/conslione.esteri.it\/fr\/wp-json\/wp\/v2\/pages\/329\/revisions"}],"predecessor-version":[{"id":1627,"href":"https:\/\/conslione.esteri.it\/fr\/wp-json\/wp\/v2\/pages\/329\/revisions\/1627"}],"up":[{"embeddable":true,"href":"https:\/\/conslione.esteri.it\/fr\/wp-json\/wp\/v2\/pages\/109"}],"wp:attachment":[{"href":"https:\/\/conslione.esteri.it\/fr\/wp-json\/wp\/v2\/media?parent=329"}],"curies":[{"name":"wp","href":"https:\/\/api.w.org\/{rel}","templated":true}]}}