{"id":34,"date":"2023-01-24T12:55:48","date_gmt":"2023-01-24T11:55:48","guid":{"rendered":"https:\/\/conslione.esteri.itservizi-consolari-e-visti\/"},"modified":"2023-03-27T15:07:37","modified_gmt":"2023-03-27T13:07:37","slug":"servizi-consolari-e-visti","status":"publish","type":"page","link":"https:\/\/conslione.esteri.it\/fr\/servizi-consolari-e-visti\/","title":{"rendered":"Services consulaires et visas"},"content":{"rendered":"<p>Bienvenue dans la section consacr\u00e9e aux services consulaires.<\/p>\n<p>&nbsp;<\/p>\n<p>Afin faciliter la navigation, nous avons divis\u00e9 les diff\u00e9rents services offerts en deux sections, ceux destin\u00e9s au <a href=\"https:\/\/conslione.esteri.it\/fr\/servizi-consolari-e-visti\/servizi-per-il-cittadino-italiano\/\">ressortissant italien<\/a> et ceux destin\u00e9s au <a href=\"https:\/\/conslione.esteri.it\/fr\/servizi-consolari-e-visti\/servizi-per-il-cittadino-straniero\/\">ressortissant \u00e9tranger<\/a>.<\/p>\n<p>&nbsp;<\/p>\n<p>Chaque rubrique du menu contient des informations utiles pour demander des services sp\u00e9cifiques.<\/p>\n<p>&nbsp;<\/p>\n<p>Une rubrique sp\u00e9cifique concerne les publications sur le <a href=\"https:\/\/conslione.esteri.it\/fr\/servizi-consolari-e-visti\/servizi-per-il-cittadino-italiano\/altri-servizi\/albo-consolare\/\">Registre consulaire<\/a>.<\/p>\n<p>&nbsp;<\/p>\n<p>Pour toute information compl\u00e9mentaire, veuillez nous contacter \u00e0 l&rsquo;adresse mail <a href=\"mailto:consolato.lione@esteri.it\">consolato.lione@esteri.it\u00a0<\/a><\/p>\n<p>Bonne consultation !<\/p>\n","protected":false},"excerpt":{"rendered":"Bienvenue dans la section consacr\u00e9e aux services consulaires. &nbsp; Afin faciliter la navigation, nous avons divis\u00e9 les diff\u00e9rents services offerts en deux sections, ceux destin\u00e9s au ressortissant italien et ceux destin\u00e9s au ressortissant \u00e9tranger. &nbsp; Chaque rubrique du menu contient des informations utiles pour demander des services sp\u00e9cifiques. &nbsp; Une rubrique sp\u00e9cifique concerne les publications [&hellip;]","protected":false},"author":1,"featured_media":0,"parent":0,"menu_order":6,"comment_status":"closed","ping_status":"closed","template":"","meta":{"footnotes":""},"class_list":["post-34","page","type-page","status-publish","hentry"],"_links":{"self":[{"href":"https:\/\/conslione.esteri.it\/fr\/wp-json\/wp\/v2\/pages\/34","targetHints":{"allow":["GET"]}}],"collection":[{"href":"https:\/\/conslione.esteri.it\/fr\/wp-json\/wp\/v2\/pages"}],"about":[{"href":"https:\/\/conslione.esteri.it\/fr\/wp-json\/wp\/v2\/types\/page"}],"author":[{"embeddable":true,"href":"https:\/\/conslione.esteri.it\/fr\/wp-json\/wp\/v2\/users\/1"}],"replies":[{"embeddable":true,"href":"https:\/\/conslione.esteri.it\/fr\/wp-json\/wp\/v2\/comments?post=34"}],"version-history":[{"count":0,"href":"https:\/\/conslione.esteri.it\/fr\/wp-json\/wp\/v2\/pages\/34\/revisions"}],"wp:attachment":[{"href":"https:\/\/conslione.esteri.it\/fr\/wp-json\/wp\/v2\/media?parent=34"}],"curies":[{"name":"wp","href":"https:\/\/api.w.org\/{rel}","templated":true}]}}