{"id":35,"date":"2023-01-24T12:55:33","date_gmt":"2023-01-24T11:55:33","guid":{"rendered":"https:\/\/conslione.esteri.itchi-siamo\/"},"modified":"2023-04-24T12:18:11","modified_gmt":"2023-04-24T10:18:11","slug":"chi-siamo","status":"publish","type":"page","link":"https:\/\/conslione.esteri.it\/fr\/chi-siamo\/","title":{"rendered":"Qui sommes-nous?"},"content":{"rendered":"<p><strong>CONSULAT GENERAL D\u2019ITALIE A LYON<\/strong><\/p>\n<p>5, rue du Commandant Faurax \u2013 69006 Lyon 06<br \/>\n<strong>Tel.<\/strong>\u00a0\u00a0\u00a0\u00a0\u00a00033 (0) 4 78 93 00 17<br \/>\n<strong>Fax<\/strong>\u00a0\u00a0\u00a0\u00a0\u00a004 78 94 33 43<\/p>\n<p><strong>Messagerie \u00e9lectronique:<\/strong>\u00a0<a href=\"mailto:consolato.lione@esteri.it\">consolato.lione@esteri.it<\/a><\/p>\n<p><strong>Horaires d\u2019ouverture au publique:<\/strong> du lundi au vendredi de 9 heures \u00e0 12 heures;<br \/>\nle mardi apr\u00e8s-midi \u00e9galement de 15h00 \u00e0 16h30.<\/p>\n","protected":false},"excerpt":{"rendered":"CONSULAT GENERAL D\u2019ITALIE A LYON 5, rue du Commandant Faurax \u2013 69006 Lyon 06 Tel.\u00a0\u00a0\u00a0\u00a0\u00a00033 (0) 4 78 93 00 17 Fax\u00a0\u00a0\u00a0\u00a0\u00a004 78 94 33 43 Messagerie \u00e9lectronique:\u00a0consolato.lione@esteri.it Horaires d\u2019ouverture au publique: du lundi au vendredi de 9 heures \u00e0 12 heures; le mardi apr\u00e8s-midi \u00e9galement de 15h00 \u00e0 16h30.","protected":false},"author":1,"featured_media":0,"parent":0,"menu_order":2,"comment_status":"closed","ping_status":"closed","template":"","meta":{"footnotes":""},"class_list":["post-35","page","type-page","status-publish","hentry"],"_links":{"self":[{"href":"https:\/\/conslione.esteri.it\/fr\/wp-json\/wp\/v2\/pages\/35","targetHints":{"allow":["GET"]}}],"collection":[{"href":"https:\/\/conslione.esteri.it\/fr\/wp-json\/wp\/v2\/pages"}],"about":[{"href":"https:\/\/conslione.esteri.it\/fr\/wp-json\/wp\/v2\/types\/page"}],"author":[{"embeddable":true,"href":"https:\/\/conslione.esteri.it\/fr\/wp-json\/wp\/v2\/users\/1"}],"replies":[{"embeddable":true,"href":"https:\/\/conslione.esteri.it\/fr\/wp-json\/wp\/v2\/comments?post=35"}],"version-history":[{"count":0,"href":"https:\/\/conslione.esteri.it\/fr\/wp-json\/wp\/v2\/pages\/35\/revisions"}],"wp:attachment":[{"href":"https:\/\/conslione.esteri.it\/fr\/wp-json\/wp\/v2\/media?parent=35"}],"curies":[{"name":"wp","href":"https:\/\/api.w.org\/{rel}","templated":true}]}}