{"id":393,"date":"2023-02-01T11:24:07","date_gmt":"2023-02-01T10:24:07","guid":{"rendered":"https:\/\/conslione.esteri.itservizi-consolari-e-visti\/servizi-per-il-cittadino-italiano\/altri-servizi\/modulistica\/"},"modified":"2026-01-27T10:24:22","modified_gmt":"2026-01-27T09:24:22","slug":"modulistica","status":"publish","type":"page","link":"https:\/\/conslione.esteri.it\/fr\/servizi-consolari-e-visti\/servizi-per-il-cittadino-italiano\/altri-servizi\/modulistica\/","title":{"rendered":"Formulaires"},"content":{"rendered":"<p><a href=\"http:\/\/www.conslione.esteri.it\/consolato_lione\/fr\/i_servizi\/per_i_cittadini\/stato_civile\/\">ETAT CIVIL\u00a0<img loading=\"lazy\" decoding=\"async\" src=\"https:\/\/conslione.esteri.it\/wp-content\/uploads\/2023\/01\/ico_info.png\" alt=\"ico info\" width=\"20\" height=\"20\" \/><\/a><\/p>\n<ul>\n<li style=\"list-style-type: none;\">\n<ul>\n<li><a href=\"https:\/\/conslione.esteri.it\/wp-content\/uploads\/2023\/02\/Richiesta-atto-di-stato-civile-internazionale-copia-integrale-a-un-comune-in-Italia.doc\">Demande des actes d\u2019\u00e9tat civil int\u00e9rnationaux\/copie int\u00e9grale \u00e0 une commune italienne<\/a><\/li>\n<li><a href=\"https:\/\/conslione.esteri.it\/wp-content\/uploads\/2025\/07\/2025-07-16-Modulo-nuovo.docx\">Demande de transmission en Italie, d&rsquo;un acte de naissance<\/a><\/li>\n<li><a href=\"https:\/\/conslione.esteri.it\/wp-content\/uploads\/2023\/02\/Autocertificazione-Stato-Libero-\u2013-Dichiarazione-sostitutiva-per-matrimonio-e-PACS.pdf\">D\u00e9claration sur l\u2019honneur de c\u00e9libat \u2013 D\u00e9claration substitutive pour mariage<\/a>\u00a0et PACS<\/li>\n<li><a href=\"https:\/\/conslione.esteri.it\/wp-content\/uploads\/2023\/02\/Istanza-di-trascrizione-sentenza-di-adozione.doc\">Demande de transcription du jugement d\u2019adoption<\/a><a tabindex=\"-1\" href=\"https:\/\/conslione.esteri.it\/wp-content\/uploads\/2023\/02\/Richiesta-atto-di-stato-civile-internazionale-copia-integrale-a-un-comune-in-Italia.doc\" target=\"_blank\" rel=\"noopener\">conslione.esteri.it\/\u2026\/Richiesta-atto-di-stato-civile-internazionale-copia-integrale-a-un-comune-in-Italia.doc<\/a><\/li>\n<\/ul>\n<\/li>\n<\/ul>\n<p><a href=\"https:\/\/conslione.esteri.it\/fr\/servizi-consolari-e-visti\/servizi-per-il-cittadino-italiano\/stato-civile\/divorzio\/\"><strong>TRASCRIZIONE DELLE SENTENZE DI DIVORZIO<\/strong><\/a><\/p>\n<p>1.\u00a0<a class=\"\" href=\"https:\/\/conslione.esteri.it\/wp-content\/uploads\/2024\/09\/ISTANZA-DI-TRASCRIZIONE-DI-SENTENZA-STRANIERA-prima-21marzo2001-1.pdf\" data-focus-mouse=\"false\">Istanza divorzio giudiziale prima del 01\/03\/2001<\/a><br \/>\n2.\u00a0<a class=\"\" href=\"https:\/\/conslione.esteri.it\/wp-content\/uploads\/2024\/09\/ISTANZA-DI-TRASCRIZIONE-DI-SENTENZA-STRANIERA-ai-sensi-del-Regolamento-CE-n2201-DOPO-2.pdf\" data-focus-mouse=\"false\">Istanza divorzio giudiziale dopo il 01\/03\/2001<\/a><br \/>\n3.\u00a0<a class=\"focus--mouse\" href=\"https:\/\/conslione.esteri.it\/wp-content\/uploads\/2024\/09\/istanza_trascrizione_divorzio_giudiziale_dal_1_agosto_2022-1.pdf\" data-focus-mouse=\"true\">Istanza divorzio giudiziale dopo il 01\/08\/2022<\/a><br \/>\n4.\u00a0<a class=\"\" href=\"https:\/\/conslione.esteri.it\/wp-content\/uploads\/2024\/09\/divorzio_consensuale_pronunciato_dal__notaio_in_francia_dal_1_gennaio_2017-1.pdf\" data-focus-mouse=\"false\">Istanza divorzio consensuale notaio dopo il 01\/01\/2017<\/a><br \/>\n5.\u00a0<a class=\"\" href=\"https:\/\/conslione.esteri.it\/wp-content\/uploads\/2024\/09\/istanza_trascrizione_divorzio_consensuale_notaio_dal_1_agosto_2022-1.pdf\" data-focus-mouse=\"false\">Istanza divorzio consensuale notaio dopo il 01\/08\/2022<\/a><br \/>\n6.\u00a0<a class=\"\" href=\"https:\/\/conslione.esteri.it\/wp-content\/uploads\/2024\/09\/ISTANZA-DI-TRASCRIZIONE-DI-SENTENZA-STRANIERA-prima-21marzo2001-2.pdf\" data-focus-mouse=\"false\">Istanza divorzio pronunciato in un Paese extra-UE<\/a><\/p>\n<p>&nbsp;<\/p>\n<p><a href=\"https:\/\/conslione.esteri.it\/fr\/servizi-consolari-e-visti\/servizi-per-il-cittadino-straniero\/cittadinanza\/\">NATIONALITE\u00a0<img loading=\"lazy\" decoding=\"async\" src=\"https:\/\/conslione.esteri.it\/wp-content\/uploads\/2023\/01\/ico_info.png\" alt=\"ico info\" width=\"20\" height=\"20\" \/><\/a><\/p>\n<p><strong>Reconnaissance de la nationalit\u00e9 italienne<\/strong><\/p>\n<ul>\n<li><a href=\"https:\/\/conslione.esteri.it\/wp-content\/uploads\/2023\/02\/Istanza-per-la-donna-che-ha-perduto-la-cittadinanza-italiana.doc\" target=\"_blank\" rel=\"noopener\">Instance pour l\u2019\u00e9pouse qui a perdu la nationalit\u00e9 italienne<\/a><\/li>\n<li><a href=\"https:\/\/conslione.esteri.it\/wp-content\/uploads\/2023\/02\/Istanza-per-i-figli-di-una-donna-che-ha-perduto-la-cittadinanza-italiana.doc\" target=\"_blank\" rel=\"noopener\">Instance pour les enfants d\u2019une femme qui a perdu la nationalit\u00e9 italienne<\/a><\/li>\n<li><a href=\"http:\/\/www.archives-judiciaires.justice.gouv.fr\/index.php?rubrique=10844&amp;article=15590\">Demande de cartificat de naturalisation fran\u00e7aise<\/a><\/li>\n<li><a href=\"https:\/\/conslione.esteri.it\/wp-content\/uploads\/2025\/08\/Albero-genealogico-.xls\" target=\"_blank\" rel=\"noopener\">Arbre g\u00e9n\u00e9alogique<\/a><\/li>\n<\/ul>\n<p><strong>Demande de la nationalit\u00e9 italienne par mariage<\/strong><\/p>\n<ul>\n<li><a href=\"http:\/\/www.interno.gov.it\/it\/temi\/cittadinanza-e-altri-diritti-civili\/cittadinanza\/cittadinanza-invia-tua-domanda\">Formulaire en ligne pour la demande de nationalit\u00e9 par mariage (art.5, L.91\/1992)<\/a><\/li>\n<li><a href=\"https:\/\/casier-judiciaire.justice.gouv.fr\/pages\/accueil.xhtml\">Demande du casier judiciaire fran\u00e7ais<\/a><\/li>\n<\/ul>\n<p><strong>Demande de certificat de nationalit\u00e9 italienne<\/strong><\/p>\n<ul>\n<li><a href=\"https:\/\/conslione.esteri.it\/wp-content\/uploads\/2024\/11\/modulo_richiesta_certificati_istruzioni.docx\">Nationalit\u00e9 Italienne<\/a><\/li>\n<\/ul>\n<p>&nbsp;<\/p>\n<p><a href=\"https:\/\/conslione.esteri.it\/fr\/servizi-consolari-e-visti\/servizi-per-il-cittadino-italiano\/passaporti-e-carte-didentita\/\">PASSEPORTS\u00a0<img loading=\"lazy\" decoding=\"async\" src=\"https:\/\/conslione.esteri.it\/wp-content\/uploads\/2023\/01\/ico_info.png\" alt=\"ico info\" width=\"20\" height=\"20\" \/><\/a><\/p>\n<ul>\n<li><a title=\"NORMES POUR LES PHOTOS\" href=\"https:\/\/conslione.esteri.it\/wp-content\/uploads\/2023\/02\/normes-pour-les-photos.pdf\">NORMES POUR LES PHOTOS<\/a><\/li>\n<li><a href=\"https:\/\/conslione.esteri.it\/wp-content\/uploads\/2023\/02\/formulario-domanda-passaporto-minori-di-12-anni.pdf\">DEMANDE DE PASSEPORT POUR MINEUR\u00a0<\/a><\/li>\n<li><a href=\"https:\/\/conslione.esteri.it\/wp-content\/uploads\/2023\/08\/Passaporti-Maggiorenni.pdf\">DEMANDE DE PASSEPORT POUR PERSONNE MAJEURE<\/a><\/li>\n<li><a href=\"https:\/\/conslione.esteri.it\/wp-content\/uploads\/2023\/02\/CIE_Atto-di-Assenso-per-lemissione-in-favore-di-persona-con-figli-minori.pdf\">DECLARATION DE CONSENTEMENT<\/a><\/li>\n<li><a href=\"https:\/\/conslione.esteri.it\/wp-content\/uploads\/2023\/02\/Formulario-di-autentica-della-foto-del-minore-presso-la-Mairie.pdf\">FORMULAIRE POUR LEGALISATION PHOTOGRAPHIE DU MINEUR AUPRES DE LA MAIRIE<\/a><\/li>\n<li><a href=\"https:\/\/conslione.esteri.it\/wp-content\/uploads\/2023\/02\/Istanza-al-giudice-tutelare.doc\">INSTANCE AU JUGE TUTELAIRE<\/a><\/li>\n<li><a href=\"https:\/\/conslione.esteri.it\/wp-content\/uploads\/2024\/11\/denuncia-furto-smarrimento-passaporto.doc\">Declaration de perte ou vol du passeport<\/a><\/li>\n<\/ul>\n<p><a href=\"https:\/\/conslione.esteri.it\/fr\/servizi-consolari-e-visti\/servizi-per-il-cittadino-italiano\/carta-didentita-elettronica-cie\/\">CARTE D&rsquo;IDENTITE\u00a0<img loading=\"lazy\" decoding=\"async\" src=\"https:\/\/conslione.esteri.it\/wp-content\/uploads\/2023\/01\/ico_info.png\" alt=\"ico info\" width=\"20\" height=\"20\" \/><\/a><\/p>\n<ul>\n<li><a href=\"https:\/\/conslione.esteri.it\/wp-content\/uploads\/2023\/02\/CIE_Atto-di-Assenso-per-lemissione-in-favore-di-persona-con-figli-minori.pdf\">Declaration de Consentement<\/a><\/li>\n<li><a title=\" \" href=\"https:\/\/conslione.esteri.it\/wp-content\/uploads\/2023\/02\/Denuncia-di-furto-o-smarrimento-della-carta-didentita.doc\">DECLARATION DE PERTE OU DE VOL DE LA CARTE D&rsquo;IDENTITE&rsquo; (document WORD)\u00a0<\/a><\/li>\n<li><a href=\"https:\/\/conslione.esteri.it\/wp-content\/uploads\/2023\/02\/Formulario-di-autentica-della-foto-del-minore-presso-la-Mairie.pdf\">FORMULAIRE POUR LEGALISATION PHOTOGRAPHIE DU MINEUR AUPRES DE LA MAIRIE<\/a><\/li>\n<li><a href=\"https:\/\/conslione.esteri.it\/wp-content\/uploads\/2025\/04\/Formulario-CIE-Minori.pdf\"><u>Formulaire CIE pour personne mineure<\/u><\/a><\/li>\n<li><a href=\"https:\/\/conslione.esteri.it\/wp-content\/uploads\/2025\/03\/DOMANDA-PER-IL-RILASCIO-DELLA-CIE-PER-MAGGIORENNI.pdf\">Formulaire de demande de carte d&rsquo;identit\u00e9 \u00e9lectronique (CIE) pour personne majeure<\/a><\/li>\n<\/ul>\n<p>&nbsp;<\/p>\n<p><a href=\"https:\/\/conslione.esteri.it\/fr\/servizi-consolari-e-visti\/servizi-per-il-cittadino-italiano\/codice-fiscale\/\">CODE FISCAL<\/a><\/p>\n<p>\u2022\u00a0\u00a0\u00a0\u00a0DEMANDE CODE FISCAL (<a href=\"https:\/\/conslione.esteri.it\/wp-content\/uploads\/2023\/08\/codice_fiscale.pdf\">italien<\/a> et <a href=\"https:\/\/conslione.esteri.it\/wp-content\/uploads\/2023\/08\/formulaire-code-fiscal-francais.pdf\">fran\u00e7ais<\/a>)<\/p>\n<p>&nbsp;<\/p>\n<p><a href=\"https:\/\/conslione.esteri.it\/it\/servizi-consolari-e-visti\/servizi-per-il-cittadino-italiano\/studi\/dichiarazioni-di-valore\/\">D\u00c9CLARATION DE VALEUR<\/a><\/p>\n<ul>\n<li><a href=\"https:\/\/conslione.esteri.it\/wp-content\/uploads\/2026\/01\/Modulo-richiesta-DV-v1125.pdf\" target=\"_blank\" rel=\"noopener\">formulaire de demande<\/a><\/li>\n<li><a href=\"https:\/\/conslione.esteri.it\/wp-content\/uploads\/2023\/02\/autorizzazione-trattamento-dati-personali.pdf\">autorisation aux traitements de donn\u00e9es personnelles<\/a><\/li>\n<\/ul>\n<p>&nbsp;<\/p>\n<p>AUTRES<\/p>\n<ul>\n<li style=\"list-style-type: none;\">\n<ul>\n<li style=\"list-style-type: none;\">\n<ul>\n<li><a href=\"https:\/\/conslione.esteri.it\/wp-content\/uploads\/2024\/11\/MODULO-RIMBORSO.pdf\">Formulaire de remboursement<\/a><\/li>\n<li><a href=\"https:\/\/conslione.esteri.it\/wp-content\/uploads\/2023\/02\/Dichiarazione-Sostitutiva-di-Certificazione.pdf\">D\u00e9claration Substitutive de Certificatification<\/a><\/li>\n<li><a href=\"https:\/\/conslione.esteri.it\/wp-content\/uploads\/2023\/02\/Dichiarazione-Sostitutiva-di-Atto-Notorio-per-Pubblica-Amministrazione.pdf\">D\u00e9claration Substitutive de l\u2019Acte de Notori\u00e9t\u00e9 pour l\u2019Administration Publique<\/a><\/li>\n<li><a href=\"https:\/\/conslione.esteri.it\/wp-content\/uploads\/2023\/02\/Dichiarazione-Sostitutiva-di-Atto-Notorio-per-Enti-Privati.pdf\">D\u00e9claration Substitutive de l\u2019Acte de Notori\u00e9t\u00e9 pour des Organismes Priv\u00e9s<\/a><\/li>\n<li><a href=\"https:\/\/www.giustizia.it\/giustizia\/it\/mg_3_3_2.wp?tab=d\">Demande du casier judiciaire italien<\/a>\u00a0(pour l\u2019acc\u00e8s aux concours etc.)<\/li>\n<li><a href=\"https:\/\/conslione.esteri.it\/wp-content\/uploads\/2025\/02\/Formulario_dichiarazione_di_accompagnamento.pdf\">D\u00e9claration d\u2019accompagnement de mineurs de moins de 14 ans<\/a><\/li>\n<li><a href=\"https:\/\/conslione.esteri.it\/wp-content\/uploads\/2023\/02\/Attestazione-servizio-militare.pdf\">Attestation de \u00ab\u00a0service militaire\u00a0\u00bb<\/a><\/li>\n<li><a href=\"https:\/\/conslione.esteri.it\/wp-content\/uploads\/2024\/11\/modulo_richiesta_certificati_istruzioni.docx\">Inscription Registre Consulaire<\/a><\/li>\n<\/ul>\n<\/li>\n<\/ul>\n<\/li>\n<\/ul>\n","protected":false},"excerpt":{"rendered":"ETAT CIVIL\u00a0 Demande des actes d\u2019\u00e9tat civil int\u00e9rnationaux\/copie int\u00e9grale \u00e0 une commune italienne Demande de transmission en Italie, d&rsquo;un acte de naissance D\u00e9claration sur l\u2019honneur de c\u00e9libat \u2013 D\u00e9claration substitutive pour mariage\u00a0et PACS Demande de transcription du jugement d\u2019adoptionconslione.esteri.it\/\u2026\/Richiesta-atto-di-stato-civile-internazionale-copia-integrale-a-un-comune-in-Italia.doc TRASCRIZIONE DELLE SENTENZE DI DIVORZIO 1.\u00a0Istanza divorzio giudiziale prima del 01\/03\/2001 2.\u00a0Istanza divorzio giudiziale dopo il [&hellip;]","protected":false},"author":7,"featured_media":0,"parent":207,"menu_order":0,"comment_status":"closed","ping_status":"closed","template":"","meta":{"footnotes":""},"class_list":["post-393","page","type-page","status-publish","hentry"],"_links":{"self":[{"href":"https:\/\/conslione.esteri.it\/fr\/wp-json\/wp\/v2\/pages\/393","targetHints":{"allow":["GET"]}}],"collection":[{"href":"https:\/\/conslione.esteri.it\/fr\/wp-json\/wp\/v2\/pages"}],"about":[{"href":"https:\/\/conslione.esteri.it\/fr\/wp-json\/wp\/v2\/types\/page"}],"author":[{"embeddable":true,"href":"https:\/\/conslione.esteri.it\/fr\/wp-json\/wp\/v2\/users\/7"}],"replies":[{"embeddable":true,"href":"https:\/\/conslione.esteri.it\/fr\/wp-json\/wp\/v2\/comments?post=393"}],"version-history":[{"count":7,"href":"https:\/\/conslione.esteri.it\/fr\/wp-json\/wp\/v2\/pages\/393\/revisions"}],"predecessor-version":[{"id":4939,"href":"https:\/\/conslione.esteri.it\/fr\/wp-json\/wp\/v2\/pages\/393\/revisions\/4939"}],"up":[{"embeddable":true,"href":"https:\/\/conslione.esteri.it\/fr\/wp-json\/wp\/v2\/pages\/207"}],"wp:attachment":[{"href":"https:\/\/conslione.esteri.it\/fr\/wp-json\/wp\/v2\/media?parent=393"}],"curies":[{"name":"wp","href":"https:\/\/api.w.org\/{rel}","templated":true}]}}