{"id":417,"date":"2023-02-02T09:48:25","date_gmt":"2023-02-02T08:48:25","guid":{"rendered":"https:\/\/conslione.esteri.itservizi-consolari-e-visti\/servizi-per-il-cittadino-italiano\/modalita-di-pagamento\/"},"modified":"2025-05-21T16:24:26","modified_gmt":"2025-05-21T14:24:26","slug":"modalita-di-pagamento","status":"publish","type":"page","link":"https:\/\/conslione.esteri.it\/fr\/servizi-consolari-e-visti\/servizi-per-il-cittadino-italiano\/altri-servizi\/modalita-di-pagamento\/","title":{"rendered":"Modalit\u00e9s de paiement"},"content":{"rendered":"<p>Le paiement des droits consulaires pour les actes et documents d\u00e9livr\u00e9s par le Consulat G\u00e9n\u00e9ral d&rsquo;Italie peut \u00eatre effectu\u00e9 suivant les modalit\u00e9s ci-dessous:<\/p>\n<ul>\n<li><strong>Virement bancaire au nom du<\/strong> Consolato Generale d\u2019Italia<\/li>\n<\/ul>\n<p>MONTE PASCHI BANQUE LYON<br \/>\nIBAN: FR76 3047 8000 1201 9112 3500 482<br \/>\nBIC\u00a0\/SWIFT: MONTFRPPXXX<\/p>\n<p>Vous \u00eates tenu d&rsquo;indiquer le motif du versement:<\/p>\n<ul>\n<li>Nom et pr\u00e9nom du demandeur de l&rsquo;acte (nom de jeune fille pour les femmes mari\u00e9es)<\/li>\n<li>type d&rsquo;acte \/ document demand\u00e9 (d\u00e9livrance du passeport, d\u00e9livrance ou duplicata de la carte d&rsquo;identit\u00e9, certificat d&rsquo;\u00e9tat civil&#8230;).<\/li>\n<\/ul>\n<p>Les \u00e9ventuels frais du virement sont \u00e0 la charge du demandeur.<\/p>\n<ul>\n<li><strong>Ch\u00e8que de Banque<\/strong>\u00a0au nom du\u00a0Consolato Generale d\u2019Italia Lione (ch\u00e8que certifi\u00e9 par la banque m\u00eame)<\/li>\n<\/ul>\n<p><strong>UNIQUEMENT AU SIEGE DU CONSULAT GENERAL\u00a0<\/strong><strong>A<\/strong><strong>\u00a0LYON<\/strong><\/p>\n<ul>\n<li><strong>Carte Bleue\/Bancomat<\/strong><em>\u00a0Le paiement par carte bleue est soumis \u00e0 des frais\u00a0suppl\u00e9mentaires de transaction Carte Bleue CB.\u00a0<a href=\"https:\/\/conslione.esteri.it\/wp-content\/uploads\/2023\/02\/COMMISSIONI-BANCARIE-PER-TRANSAZIONI-BANCOMAT.pdf\">Pour conna\u00eetre le montant des transactions cliquez ici<\/a><\/em><\/li>\n<li><strong>Paiement Comptant\u00a0(montant exact)<\/strong><\/li>\n<\/ul>\n","protected":false},"excerpt":{"rendered":"Le paiement des droits consulaires pour les actes et documents d\u00e9livr\u00e9s par le Consulat G\u00e9n\u00e9ral d&rsquo;Italie peut \u00eatre effectu\u00e9 suivant les modalit\u00e9s ci-dessous: Virement bancaire au nom du Consolato Generale d\u2019Italia MONTE PASCHI BANQUE LYON IBAN: FR76 3047 8000 1201 9112 3500 482 BIC\u00a0\/SWIFT: MONTFRPPXXX Vous \u00eates tenu d&rsquo;indiquer le motif du versement: Nom et [&hellip;]","protected":false},"author":7,"featured_media":0,"parent":207,"menu_order":0,"comment_status":"closed","ping_status":"closed","template":"","meta":{"footnotes":""},"class_list":["post-417","page","type-page","status-publish","hentry"],"_links":{"self":[{"href":"https:\/\/conslione.esteri.it\/fr\/wp-json\/wp\/v2\/pages\/417","targetHints":{"allow":["GET"]}}],"collection":[{"href":"https:\/\/conslione.esteri.it\/fr\/wp-json\/wp\/v2\/pages"}],"about":[{"href":"https:\/\/conslione.esteri.it\/fr\/wp-json\/wp\/v2\/types\/page"}],"author":[{"embeddable":true,"href":"https:\/\/conslione.esteri.it\/fr\/wp-json\/wp\/v2\/users\/7"}],"replies":[{"embeddable":true,"href":"https:\/\/conslione.esteri.it\/fr\/wp-json\/wp\/v2\/comments?post=417"}],"version-history":[{"count":1,"href":"https:\/\/conslione.esteri.it\/fr\/wp-json\/wp\/v2\/pages\/417\/revisions"}],"predecessor-version":[{"id":3626,"href":"https:\/\/conslione.esteri.it\/fr\/wp-json\/wp\/v2\/pages\/417\/revisions\/3626"}],"up":[{"embeddable":true,"href":"https:\/\/conslione.esteri.it\/fr\/wp-json\/wp\/v2\/pages\/207"}],"wp:attachment":[{"href":"https:\/\/conslione.esteri.it\/fr\/wp-json\/wp\/v2\/media?parent=417"}],"curies":[{"name":"wp","href":"https:\/\/api.w.org\/{rel}","templated":true}]}}