{"id":427,"date":"2023-02-02T10:01:43","date_gmt":"2023-02-02T09:01:43","guid":{"rendered":"https:\/\/conslione.esteri.itservizi-consolari-e-visti\/servizi-per-il-cittadino-italiano\/passaporti-e-carte-didentita\/tariffa-consolare-consegna-ritiro-passaporti\/"},"modified":"2025-11-24T16:07:27","modified_gmt":"2025-11-24T15:07:27","slug":"tariffa-consolare-consegna-ritiro-passaporti","status":"publish","type":"page","link":"https:\/\/conslione.esteri.it\/fr\/servizi-consolari-e-visti\/servizi-per-il-cittadino-italiano\/passaporti-e-carte-didentita\/tariffa-consolare-consegna-ritiro-passaporti\/","title":{"rendered":"Modalit\u00e9s de paiement"},"content":{"rendered":"<p><span style=\"color: #ff0000;\"><strong>\u00c0 compter du 1 d\u00e9cembre 2025<\/strong>, le co\u00fbt unitaire du passeport \u00e9lectronique ordinaire est de 116,<strong>20<\/strong> \u20ac.<\/span><\/p>\n<p>Les modalit\u00e9s de paiement pr\u00e9vues sont les suivantes\u00a0:<\/p>\n<ol>\n<li><strong>Virement sur le compte bancaire<\/strong>, ouvert aupr\u00e8s de Montepaschi Banque, Agence de Lyon, 69003 Lyon, au nom du Consulat g\u00e9n\u00e9ral d&rsquo;Italie, dont les coordonn\u00e9es sont les suivantes\u00a0::<\/li>\n<\/ol>\n<p><strong>IBAN FR76 3047 8000 1201 9112 3500 482<\/strong><\/p>\n<p><strong>BIC\/SWIFT MONTFRPPXXX\u00a0<\/strong><\/p>\n<p>Dans le motif du virement bancaire, il est obligatoire d&rsquo;indiquer\u00a0:<\/p>\n<ul>\n<li>Le nom et le pr\u00e9nom du demandeur (s&rsquo;il s&rsquo;agit d&rsquo;une femme, indiquer le nom de jeune fille)<\/li>\n<li>Le type d&rsquo;acte\/document demand\u00e9 (d\u00e9livrance de passeport\/d\u00e9livrance ou duplicata de carte d&rsquo;identit\u00e9\/certificat d&rsquo;\u00e9tat civil\/certificat notari\u00e9, etc.)<\/li>\n<\/ul>\n<p>Les frais bancaires li\u00e9es au virement bancaire sont int\u00e9gralement \u00e0 la charge du demandeur.<\/p>\n<p><strong>Nous vous rappelons que le virement doit \u00eatre effectu\u00e9 au moins 3 jours ouvrables avant la date du rendez-vous et que vous devez vous pr\u00e9senter, le jour du rendez-vous, avec l&rsquo;attestation\/le re\u00e7u du virement.<\/strong><\/p>\n<ol start=\"2\">\n<li><strong>Ch\u00e8que de Banque<\/strong> \u00e0 l&rsquo;ordre du Consulat G\u00e9n\u00e9ral d&rsquo;Italie \u00e0 Lyon (ch\u00e8que \u00e9mis et sign\u00e9 au guichet de votre banque)<\/li>\n<\/ol>\n<p><strong>Uniquement en cas de rendez-vous au Consulat G\u00e9n\u00e9ral de Lyon :<\/strong><\/p>\n<ol start=\"3\">\n<li><strong>Carte bleue\/Bancomat : <\/strong>le paiement par ce moyen est soumis \u00e0 un suppl\u00e9ment de frais bancaires : <a href=\"https:\/\/conslione.esteri.it\/wp-content\/uploads\/2023\/02\/COMMISSIONI-BANCARIE-PER-TRANSAZIONI-BANCOMAT.pdf\" target=\"_blank\" rel=\"noopener\">cliquez ici pour conna\u00eetre le montant de la commission bancaire<\/a><\/li>\n<li><strong>En esp\u00e8ces (montant exact).<\/strong><\/li>\n<\/ol>\n<p><strong>\u00a0<\/strong><\/p>\n<p><strong>DEMANDE DE REMBOURSEMENT<\/strong><\/p>\n<p>En cas de paiement effectu\u00e9 par erreur et pour demander le remboursement du tarif vers\u00e9, l&rsquo;int\u00e9ress\u00e9 devra compl\u00e9ter et envoyer au service administratif \u00e0 l&rsquo;adresse e-mail <a href=\"mailto:amm.lione@esteri.it\">amm.lione@esteri.it<\/a><u>:<\/u><\/p>\n<ul>\n<li>le <a href=\"MODULO-RIMBORSO.pdf\" target=\"_blank\" rel=\"noopener\">formulaire de demande de remboursement<\/a><\/li>\n<li>Copie de votre IBAN \/ RIB bancaire<\/li>\n<li>Copie d&rsquo;une pi\u00e8ce d&rsquo;identit\u00e9<\/li>\n<li>Re\u00e7us bancaires de virement.<\/li>\n<\/ul>\n","protected":false},"excerpt":{"rendered":"\u00c0 compter du 1 d\u00e9cembre 2025, le co\u00fbt unitaire du passeport \u00e9lectronique ordinaire est de 116,20 \u20ac. Les modalit\u00e9s de paiement pr\u00e9vues sont les suivantes\u00a0: Virement sur le compte bancaire, ouvert aupr\u00e8s de Montepaschi Banque, Agence de Lyon, 69003 Lyon, au nom du Consulat g\u00e9n\u00e9ral d&rsquo;Italie, dont les coordonn\u00e9es sont les suivantes\u00a0:: IBAN FR76 3047 [&hellip;]","protected":false},"author":7,"featured_media":0,"parent":196,"menu_order":10,"comment_status":"closed","ping_status":"closed","template":"","meta":{"footnotes":""},"class_list":["post-427","page","type-page","status-publish","hentry"],"_links":{"self":[{"href":"https:\/\/conslione.esteri.it\/fr\/wp-json\/wp\/v2\/pages\/427","targetHints":{"allow":["GET"]}}],"collection":[{"href":"https:\/\/conslione.esteri.it\/fr\/wp-json\/wp\/v2\/pages"}],"about":[{"href":"https:\/\/conslione.esteri.it\/fr\/wp-json\/wp\/v2\/types\/page"}],"author":[{"embeddable":true,"href":"https:\/\/conslione.esteri.it\/fr\/wp-json\/wp\/v2\/users\/7"}],"replies":[{"embeddable":true,"href":"https:\/\/conslione.esteri.it\/fr\/wp-json\/wp\/v2\/comments?post=427"}],"version-history":[{"count":6,"href":"https:\/\/conslione.esteri.it\/fr\/wp-json\/wp\/v2\/pages\/427\/revisions"}],"predecessor-version":[{"id":4498,"href":"https:\/\/conslione.esteri.it\/fr\/wp-json\/wp\/v2\/pages\/427\/revisions\/4498"}],"up":[{"embeddable":true,"href":"https:\/\/conslione.esteri.it\/fr\/wp-json\/wp\/v2\/pages\/196"}],"wp:attachment":[{"href":"https:\/\/conslione.esteri.it\/fr\/wp-json\/wp\/v2\/media?parent=427"}],"curies":[{"name":"wp","href":"https:\/\/api.w.org\/{rel}","templated":true}]}}