{"id":446,"date":"2023-02-02T10:37:26","date_gmt":"2023-02-02T09:37:26","guid":{"rendered":"https:\/\/conslione.esteri.itservizi-consolari-e-visti\/servizi-per-il-cittadino-italiano\/passaporti-e-carte-didentita\/passaporti-senza-minori\/"},"modified":"2026-03-20T09:09:39","modified_gmt":"2026-03-20T08:09:39","slug":"passaporti-senza-minori","status":"publish","type":"page","link":"https:\/\/conslione.esteri.it\/fr\/servizi-consolari-e-visti\/servizi-per-il-cittadino-italiano\/passaporti-e-carte-didentita\/passaporti-senza-minori\/","title":{"rendered":"Passeports majeurs"},"content":{"rendered":"<p><span style=\"color: #3366ff;\"><strong>Demande de d\u00e9livrance de passeport pour majeurs <\/strong><\/span><\/p>\n<p>La demande d&rsquo;un nouveau passeport peut \u00eatre d\u00e9pos\u00e9e \u00e0 partir de 6 mois avant l&rsquo;expiration du pr\u00e9c\u00e9dent.<\/p>\n<p><span style=\"color: #3366ff;\"><strong>LIGNE T\u00c9L\u00c9PHONIQUE D\u00c9DI\u00c9E AUX R\u00c9SIDENTS D&rsquo;AIRE DE PLUS DE 75 ANS<\/strong><\/span><\/p>\n<p>Nous vous informons qu&rsquo;un <strong>service d&rsquo;assistance t\u00e9l\u00e9phonique est actif pour la prise de rendez-vous pour les passeports et les cartes d&rsquo;identit\u00e9 \u00e9lectroniques,<\/strong> <span style=\"text-decoration: underline;\"><strong>exclusivement d\u00e9di\u00e9 aux ressortissants inscrits \u00e0 l&rsquo;AIRE de ce Consulat G\u00e9n\u00e9ral, ayant d\u00e9j\u00e0 atteint l&rsquo;\u00e2ge de 75 ans.<\/strong><\/span><\/p>\n<p>Le num\u00e9ro d\u00e9di\u00e9 est le suivant : <strong>06 42 22 02 42<\/strong>, actif le <span style=\"text-decoration: underline;\"><strong>mercredi<\/strong><\/span> et <strong>le <span style=\"text-decoration: underline;\">jeudi<\/span><\/strong> de<span style=\"text-decoration: underline;\"><strong> 14h30 \u00e0 16h00<\/strong><\/span>.<\/p>\n<p>Les ressortissants entrant dans cette cat\u00e9gorie doivent fournir \u00e0 l&rsquo;op\u00e9rateur consulaire les donn\u00e9es suivantes :<\/p>\n<ul>\n<li>nom, pr\u00e9nom, lieu et date de naissance ;<\/li>\n<li>adresse r\u00e9sidentielle;<\/li>\n<li>(le cas \u00e9ch\u00e9ant) les d\u00e9tails des documents d\u2019identit\u00e9 expir\u00e9s ou sur le point d\u2019expirer.<\/li>\n<\/ul>\n<p>Le service permet uniquement de prendre rendez-vous par t\u00e9l\u00e9phone : \u00e0 la date indiqu\u00e9e par l&rsquo;op\u00e9rateur consulaire, les compatriotes devront donc se pr\u00e9senter au Consulat G\u00e9n\u00e9ral de Lyon, munis de la documentation n\u00e9cessaire \u00e0 la d\u00e9livrance des documents, pour le recueil des empreintes digitales.<\/p>\n<p>La ligne est active exclusivement le jour et dans le cr\u00e9neau horaire indiqu\u00e9. Tout message laiss\u00e9 sur le r\u00e9pondeur ne sera pas pris en compte.<\/p>\n<p><span style=\"color: #3366ff;\"><strong>RENDEZ-VOUS<\/strong><\/span><\/p>\n<p>La prise de rendez-vous pour la d\u00e9livrance d&rsquo;un passeport se fait via le portail <a href=\"https:\/\/prenotami.esteri.it\/\">Prenot@mi<\/a>.<\/p>\n<p>Le portail vous permet de demander un rendez-vous (en s\u00e9lectionnant \u00ab r\u00e9servation unique \u00bb) ou deux rendez-vous (en s\u00e9lectionnant \u00ab r\u00e9servation multiple \u00bb). Dans le champ \u00ab notes \u00bb, vous pourrez indiquer les noms des personnes pour lesquelles vous prenez rendez-vous.<\/p>\n<p>Au moment de la prise de rendez-vous sur le portail <a href=\"https:\/\/prenotami.esteri.it\/\">Prenot@mi<\/a>, il est possible de choisir le bureau o\u00f9 se rendre pour d\u00e9poser la demande de passeport : le Consulat G\u00e9n\u00e9ral d\u2019Italie \u00e0 Lyon, ou l\u2019une des deux permanences, \u00e0 Chamb\u00e9ry ou \u00e0 Grenoble.<\/p>\n<p>Lors de la prise de rendez-vous en ligne, les femmes mari\u00e9es doivent indiquer leur nom de jeune fille.<\/p>\n<p>Dans la section <em>Mes rendez-vous<\/em> (<em>I miei appuntamenti<\/em>) du Portail, vous pouvez consulter tous les rendez-vous pris et v\u00e9rifier l&rsquo;\u00e9tat de votre r\u00e9servation.<\/p>\n<p><span style=\"color: #ff0000;\"><strong>\u00c0 PARTIR DU 10\u00c8ME ET JUSQU&rsquo;AU 3\u00c8ME JOUR AVANT LA DATE DU RENDEZ-VOUS, LE CITOYEN DEVRA OBLIGATOIREMENT CONFIRMER LA R\u00c9SERVATION DEMAND\u00c9E, SOUS PEINE DE PERTE DE CE DERNIER.<\/strong><\/span><\/p>\n<p><span style=\"color: #3366ff;\"><strong>DOCUMENTATION \u00c0 FOURNIR EN FORMAT PAPIER LE JOUR DU RENDEZ-VOUS<\/strong><\/span><\/p>\n<ul>\n<li>Pr\u00e9c\u00e9dent passeport italien, m\u00eame p\u00e9rim\u00e9 ou d\u00e9t\u00e9rior\u00e9. A d\u00e9faut, carte d&rsquo;identit\u00e9 italienne ou passeport \u00e9tranger original en cours de validit\u00e9.<\/li>\n<li>D\u00e9claration de perte ou de vol du document d\u00e9livr\u00e9e par les autorit\u00e9s locales de police ( pour plus d&rsquo;informations sur les modalit\u00e9s de d\u00e9p\u00f4t d&rsquo;une plainte en France : <a href=\"https:\/\/www.service-public.gouv.fr\/particuliers\/vosdroits\/R13630\">https:\/\/www.service-public.gouv.fr\/particuliers\/vosdroits\/R13630<\/a> ). <u>Seulement en cas d&rsquo;impossibilit\u00e9 objective<\/u> de d\u00e9poser plainte aupr\u00e8s des autorit\u00e9s locales comp\u00e9tentes, le ressortissant peut pr\u00e9senter une d\u00e9claration de perte ou vol du document aupr\u00e8s du Consulat G\u00e9n\u00e9ral (<a href=\"https:\/\/conslione.esteri.it\/wp-content\/uploads\/2026\/03\/denuncia-furto-smarrimento-passaporto.doc\">formulaire<\/a>), avant la d\u00e9livrance d&rsquo;un nouveau document.<\/li>\n<li>Photocopie du passeport (page avec photo et donn\u00e9es) ou, \u00e0 d\u00e9faut, photocopie recto-verso de la carte d&rsquo;identit\u00e9 \/ photocopie du passeport \u00e9tranger<\/li>\n<li>Une photo r\u00e9cente, de face, en couleur et sur fond clair (voir <a href=\"https:\/\/conslione.esteri.it\/wp-content\/uploads\/2023\/02\/normes-pour-les-photos.pdf\">d\u00e9tails<\/a>) ;<\/li>\n<li>Un justificatif de domicile r\u00e9cent (moins de 3 mois), par exemple facture d&rsquo;\u00e9lectricit\u00e9, de gaz, de t\u00e9l\u00e9phone, avis d&rsquo;imposition, etc. au nom d&rsquo;un des parents ;<\/li>\n<li>(si le paiement a \u00e9t\u00e9 effectu\u00e9 par virement bancaire) attestation de la banque\/re\u00e7u du virement.<\/li>\n<\/ul>\n<p>Nous informons nos concitoyens, parents d&rsquo;enfants mineurs, qu&rsquo;\u00e0 partir du 14 juin 2023, il ne sera plus n\u00e9cessaire de pr\u00e9senter le consentement de l&rsquo;autre parent pour la d\u00e9livrance de leur document d&rsquo;identit\u00e9 (passeport et CIE), conform\u00e9ment au d\u00e9cret-loi 69\/2023.<\/p>\n<p>Plus pr\u00e9cis\u00e9ment, l&rsquo;article 3-bis r\u00e9vis\u00e9 de la loi n\u00b0 1185\/1967 indique que, si en raison du d\u00e9m\u00e9nagement \u00e0 l&rsquo;\u00e9tranger il existe un danger concret et imm\u00e9diat, qu\u2019il ne puisse pas ex\u00e9cuter son obligation envers ses enfants, il sera possible pour l&rsquo;autre parent de d\u00e9poser une demande de veto \u00e0 l&rsquo;encontre de la d\u00e9livrance du document. La demande peut \u00eatre introduite aupr\u00e8s du juge comp\u00e9tent du tribunal ordinaire o\u00f9 l&rsquo;enfant a sa r\u00e9sidence habituelle ou, si l&rsquo;enfant r\u00e9side \u00e0 l&rsquo;\u00e9tranger, aupr\u00e8s du tribunal qui se trouve dans la circonscription de la Commune d&rsquo;enregistrement AIRE.<\/p>\n<p><span style=\"color: #3366ff;\"><strong>MODALIT\u00c9S DE PAIEMENT <\/strong><\/span><\/p>\n<p><a href=\"https:\/\/conslione.esteri.it\/fr\/servizi-consolari-e-visti\/servizi-per-il-cittadino-italiano\/passaporti-e-carte-didentita\/tariffa-consolare-consegna-ritiro-passaporti\/\">Modalit\u00e9s de paiement \u2013 Consolato Generale d&rsquo;Italia a Lione<\/a><\/p>\n<p><span style=\"color: #3366ff;\"><strong>PERMANENCES CONSULAIRES<\/strong><\/span><\/p>\n<p>Les rendez-vous fix\u00e9s aupr\u00e8s des permanences consulaires de Grenoble et Chamb\u00e9ry permettent de pr\u00e9senter la demande de passeport et de d\u00e9poser les donn\u00e9es biom\u00e9triques. Le nouveau passeport sera ensuite envoy\u00e9 par courrier recommand\u00e9 \u00e0 l\u2019adresse de r\u00e9sidence. Le paiement doit \u00eatre effectu\u00e9 par virement bancaire, dont le re\u00e7u doit \u00eatre fourni le jour du rendez-vous, ou par ch\u00e8que de banque. Il n&rsquo;est pas possible de payer en esp\u00e8ces ou par carte de cr\u00e9dit.<\/p>\n<p>Pour plus d&rsquo;informations, veuillez consulter la section correspondante : <a href=\"https:\/\/conslione.esteri.it\/fr\/servizi-consolari-e-visti\/servizi-per-il-cittadino-italiano\/passaporti-e-carte-didentita\/permanenze-consolari\/\">Permanenze consolari \u2013 Consolato Generale d&rsquo;Italia a Lione<\/a><\/p>\n","protected":false},"excerpt":{"rendered":"Demande de d\u00e9livrance de passeport pour majeurs La demande d&rsquo;un nouveau passeport peut \u00eatre d\u00e9pos\u00e9e \u00e0 partir de 6 mois avant l&rsquo;expiration du pr\u00e9c\u00e9dent. LIGNE T\u00c9L\u00c9PHONIQUE D\u00c9DI\u00c9E AUX R\u00c9SIDENTS D&rsquo;AIRE DE PLUS DE 75 ANS Nous vous informons qu&rsquo;un service d&rsquo;assistance t\u00e9l\u00e9phonique est actif pour la prise de rendez-vous pour les passeports et les cartes [&hellip;]","protected":false},"author":7,"featured_media":0,"parent":196,"menu_order":2,"comment_status":"closed","ping_status":"closed","template":"","meta":{"footnotes":""},"class_list":["post-446","page","type-page","status-publish","hentry"],"_links":{"self":[{"href":"https:\/\/conslione.esteri.it\/fr\/wp-json\/wp\/v2\/pages\/446","targetHints":{"allow":["GET"]}}],"collection":[{"href":"https:\/\/conslione.esteri.it\/fr\/wp-json\/wp\/v2\/pages"}],"about":[{"href":"https:\/\/conslione.esteri.it\/fr\/wp-json\/wp\/v2\/types\/page"}],"author":[{"embeddable":true,"href":"https:\/\/conslione.esteri.it\/fr\/wp-json\/wp\/v2\/users\/7"}],"replies":[{"embeddable":true,"href":"https:\/\/conslione.esteri.it\/fr\/wp-json\/wp\/v2\/comments?post=446"}],"version-history":[{"count":6,"href":"https:\/\/conslione.esteri.it\/fr\/wp-json\/wp\/v2\/pages\/446\/revisions"}],"predecessor-version":[{"id":5369,"href":"https:\/\/conslione.esteri.it\/fr\/wp-json\/wp\/v2\/pages\/446\/revisions\/5369"}],"up":[{"embeddable":true,"href":"https:\/\/conslione.esteri.it\/fr\/wp-json\/wp\/v2\/pages\/196"}],"wp:attachment":[{"href":"https:\/\/conslione.esteri.it\/fr\/wp-json\/wp\/v2\/media?parent=446"}],"curies":[{"name":"wp","href":"https:\/\/api.w.org\/{rel}","templated":true}]}}