{"id":463,"date":"2023-02-02T11:52:55","date_gmt":"2023-02-02T10:52:55","guid":{"rendered":"https:\/\/conslione.esteri.itservizi-consolari-e-visti\/servizi-per-il-cittadino-italiano\/passaporti-e-carte-didentita\/passaporti-minorenni\/"},"modified":"2026-03-10T10:38:11","modified_gmt":"2026-03-10T09:38:11","slug":"passaporti-minorenni","status":"publish","type":"page","link":"https:\/\/conslione.esteri.it\/fr\/servizi-consolari-e-visti\/servizi-per-il-cittadino-italiano\/passaporti-e-carte-didentita\/passaporti-minorenni\/","title":{"rendered":"Passeports mineurs de 0 \u00e0 11 ans"},"content":{"rendered":"<p><span style=\"color: #3366ff;\"><strong>La demande doit \u00eatre envoy\u00e9e au Service des Passeports par courrier au format papier. Pour les mineurs de 0 \u00e0 12 ans non r\u00e9volus, il n&rsquo;est pas n\u00e9cessaire de prendre rendez-vous car la prise d&#8217;empreintes digitales n&rsquo;est pas requise.<\/strong><\/span><\/p>\n<p>La demande d&rsquo;un nouveau passeport peut \u00eatre pr\u00e9sent\u00e9e <strong>6 mois avant l&rsquo;expiration<\/strong> du passeport pr\u00e9c\u00e9dent.<\/p>\n<p>Pour pouvoir demander la d\u00e9livrance d&rsquo;un passeport, il est n\u00e9cessaire que l&rsquo;acte de naissance du mineur n\u00e9 \u00e0 l&rsquo;\u00e9tranger ait \u00e9t\u00e9 transcrit en Italie ou que la documentation appropri\u00e9e pour l&rsquo;enregistrement de sa naissance en Italie ait \u00e9t\u00e9 pr\u00e9sent\u00e9e au Service d\u2019\u00e9tat civil du Consulat pour \u00eatre ensuite transmise \u00e0 la Commune. Pour plus d&rsquo;informations sur la transcription de la naissance : <a href=\"https:\/\/conslione.esteri.it\/fr\/servizi-consolari-e-visti\/servizi-per-il-cittadino-italiano\/stato-civile\/nascita\/\">Naissance \u2013 Consolato Generale d&rsquo;Italia a Lione<\/a><\/p>\n<p>&nbsp;<\/p>\n<p><span style=\"color: #3366ff;\"><strong>DOCUMENTS \u00c0 ENVOYER PAR COURRIER FORMAT PAPIER\u00a0: <\/strong><\/span><\/p>\n<ul>\n<li><a href=\"https:\/\/conslione.esteri.it\/wp-content\/uploads\/2023\/02\/formulario-domanda-passaporto-minori-di-12-anni.pdf\">Formulaire de demande<\/a> soussign\u00e9 par les deux parents.<\/li>\n<\/ul>\n<p>Dans le cas o\u00f9 l&rsquo;un des parents n&rsquo;est pas citoyen de l&rsquo;Union europ\u00e9enne, sa signature doit \u00eatre authentifi\u00e9e par l\u2019employ\u00e9 consulaire lors d\u2019un rendez-vous ou aupr\u00e8s de la mairie de r\u00e9sidence. Dans ce cas, il est pr\u00e9f\u00e9rable de t\u00e9l\u00e9charger <a href=\"https:\/\/conslione.esteri.it\/wp-content\/uploads\/2023\/02\/Atto-di-assenso-per-lemissione-in-favore-di-persona-con-figli-minori.pdf\">l&rsquo;acte de consentement<\/a> et de le signer en pr\u00e9sence de l&rsquo;institution fran\u00e7aise. Si le parent susmentionn\u00e9 se trouve en Italie, la signature devra \u00eatre authentifi\u00e9e aupr\u00e8s de la Pr\u00e9fecture ; s&rsquo;il se trouve \u00e0 l&rsquo;\u00e9tranger, dans une autre circonscription consulaire, aupr\u00e8s d&rsquo;une Repr\u00e9sentation diplomatique et consulaire italienne.<\/p>\n<p>En cas de d\u00e9c\u00e8s de l&rsquo;un des parents, il faudra pr\u00e9senter une copie originale de l&rsquo;acte de d\u00e9c\u00e8s.<\/p>\n<p><strong>Dans le cas o\u00f9 il n&rsquo;est pas possible d&rsquo;obtenir le consentement de l&rsquo;autre parent, il est possible d&rsquo;adresser une requ\u00eate au Consul G\u00e9n\u00e9ral <\/strong>pour la d\u00e9livrance d\u2019un d\u00e9cret d&rsquo;autorisation (<a href=\"https:\/\/conslione.esteri.it\/wp-content\/uploads\/2023\/02\/Istanza-al-giudice-tutelare.doc\">voir demande au juge des tutelles<\/a>) Pour plus d&rsquo;informations sur la proc\u00e9dure, nous vous invitons \u00e0 contacter le service des passeports \u00e0 l&rsquo;adresse suivante : <a href=\"mailto:passaporti.lione@esteri.it\">passaporti.lione@esteri.it<\/a>\u00a0;<\/p>\n<ul>\n<li>2 photos identiques, r\u00e9centes, non dat\u00e9es, en couleur, de face, sur fond blanc, de 45 mm de haut sur 35 mm de large, dont l&rsquo;une doit \u00eatre authentifi\u00e9e, en pr\u00e9sence du mineur, \u00e0 la mairie, si le service est pr\u00e9vu (\u00e0 l&rsquo;aide du <a href=\"https:\/\/conslione.esteri.it\/wp-content\/uploads\/2025\/02\/Formulario-di-autentica-della-foto-del-minore-presso-la-Mairie.pdf\">formulaire<\/a> mis \u00e0 disposition \u00e0 cet effet), ou au Consulat G\u00e9n\u00e9ral et dans les Permanences Consulaires, pendant les heures d&rsquo;ouverture au public ;<\/li>\n<li>Le pr\u00e9c\u00e8dent passeport italien, uniquement si le mineur en poss\u00e8de un\u00a0;<\/li>\n<li>D\u00e9claration de perte ou de vol du document d\u00e9livr\u00e9e par les autorit\u00e9s locales de police ( pour plus d&rsquo;informations sur les modalit\u00e9s de d\u00e9p\u00f4t d&rsquo;une plainte en France : <a href=\"https:\/\/www.service-public.gouv.fr\/particuliers\/vosdroits\/R13630\" target=\"_blank\" rel=\"noopener\">https:\/\/www.service-public.gouv.fr\/particuliers\/vosdroits\/R13630<\/a> ). <u>Seulement en cas d&rsquo;impossibilit\u00e9 objective<\/u> de d\u00e9poser plainte aupr\u00e8s des autorit\u00e9s locales comp\u00e9tentes, le ressortissant peut pr\u00e9senter une d\u00e9claration de perte ou vol du document aupr\u00e8s du Consulat G\u00e9n\u00e9ral (<a href=\"https:\/\/conslione.esteri.it\/wp-content\/uploads\/2026\/03\/denuncia-furto-smarrimento-passaporto.doc\" target=\"_blank\" rel=\"noopener\">formulaire<\/a>), avant la d\u00e9livrance d&rsquo;un nouveau document.<\/li>\n<li>Uniquement s&rsquo;il en poss\u00e8de un, une photocopie du passeport du mineur (page avec photo, signature et donn\u00e9es personnelles) ou une photocopie de la carte d&rsquo;identit\u00e9 recto-verso<\/li>\n<li>Justificatif de domicile r\u00e9cent (moins de 3 mois), par exemple facture d&rsquo;\u00e9lectricit\u00e9, de gaz, de t\u00e9l\u00e9phone, avis d&rsquo;imposition, etc. au nom d&rsquo;un ou des deux parents ;<\/li>\n<li>Copies des pi\u00e8ces d&rsquo;identit\u00e9 des parents (page avec photo et signature, qui doit correspondre \u00e0 celle figurant sur le formulaire) ;<\/li>\n<li>Une enveloppe pr\u00e9affranchie pour l&rsquo;envoi du nouveau passeport\n<ul>\n<li>Affranchissement = 6 timbres lettre verte pour l&rsquo;envoi d&rsquo;un nouveau passeport ;<\/li>\n<li>Affranchissement = 9 timbres lettre verte pour l&rsquo;envoi de deux nouveaux passeports.<\/li>\n<\/ul>\n<\/li>\n<li>Re\u00e7u du virement bancaire de 116,20 \u20ac ou ch\u00e8que de banque : voir la rubrique <a href=\"https:\/\/conslione.esteri.it\/fr\/servizi-consolari-e-visti\/servizi-per-il-cittadino-italiano\/passaporti-e-carte-didentita\/tariffa-consolare-consegna-ritiro-passaporti\/\">M\u00c9THODES DE PAIEMENT<\/a><\/li>\n<\/ul>\n","protected":false},"excerpt":{"rendered":"La demande doit \u00eatre envoy\u00e9e au Service des Passeports par courrier au format papier. Pour les mineurs de 0 \u00e0 12 ans non r\u00e9volus, il n&rsquo;est pas n\u00e9cessaire de prendre rendez-vous car la prise d&#8217;empreintes digitales n&rsquo;est pas requise. La demande d&rsquo;un nouveau passeport peut \u00eatre pr\u00e9sent\u00e9e 6 mois avant l&rsquo;expiration du passeport pr\u00e9c\u00e9dent. Pour [&hellip;]","protected":false},"author":7,"featured_media":0,"parent":196,"menu_order":4,"comment_status":"closed","ping_status":"closed","template":"","meta":{"footnotes":""},"class_list":["post-463","page","type-page","status-publish","hentry"],"_links":{"self":[{"href":"https:\/\/conslione.esteri.it\/fr\/wp-json\/wp\/v2\/pages\/463","targetHints":{"allow":["GET"]}}],"collection":[{"href":"https:\/\/conslione.esteri.it\/fr\/wp-json\/wp\/v2\/pages"}],"about":[{"href":"https:\/\/conslione.esteri.it\/fr\/wp-json\/wp\/v2\/types\/page"}],"author":[{"embeddable":true,"href":"https:\/\/conslione.esteri.it\/fr\/wp-json\/wp\/v2\/users\/7"}],"replies":[{"embeddable":true,"href":"https:\/\/conslione.esteri.it\/fr\/wp-json\/wp\/v2\/comments?post=463"}],"version-history":[{"count":6,"href":"https:\/\/conslione.esteri.it\/fr\/wp-json\/wp\/v2\/pages\/463\/revisions"}],"predecessor-version":[{"id":5335,"href":"https:\/\/conslione.esteri.it\/fr\/wp-json\/wp\/v2\/pages\/463\/revisions\/5335"}],"up":[{"embeddable":true,"href":"https:\/\/conslione.esteri.it\/fr\/wp-json\/wp\/v2\/pages\/196"}],"wp:attachment":[{"href":"https:\/\/conslione.esteri.it\/fr\/wp-json\/wp\/v2\/media?parent=463"}],"curies":[{"name":"wp","href":"https:\/\/api.w.org\/{rel}","templated":true}]}}