{"id":4744,"date":"2025-06-27T12:50:27","date_gmt":"2025-06-27T10:50:27","guid":{"rendered":"https:\/\/conslione.esteri.it\/?page_id=4744"},"modified":"2026-01-05T12:37:37","modified_gmt":"2026-01-05T11:37:37","slug":"avocats","status":"publish","type":"page","link":"https:\/\/conslione.esteri.it\/fr\/servizi-consolari-e-visti\/servizi-per-il-cittadino-italiano\/listes-de-professionnels-et-dorganismes\/avocats\/","title":{"rendered":"Avocats"},"content":{"rendered":"<p><strong>Les noms ci-dessous indiqu\u00e9s sont fournis, <span style=\"text-decoration: underline;\">par ordre alphab\u00e9tique<\/span>, \u00e0 titre informatif et non exhaustif. Ce Consulat G\u00e9n\u00e9ral ne v\u00e9rifie pas leur activit\u00e9 et ne r\u00e9pond pas de leurs actes, ne peut donc assumer aucune responsabilit\u00e9 quant aux r\u00e9sultats de toute relation qui pourrait \u00eatre \u00e9tablie sur une base enti\u00e8rement directe et priv\u00e9e. Le Consulat G\u00e9n\u00e9ral d\u00e9cline toute responsabilit\u00e9 pour les dommages r\u00e9sultant d&rsquo;inexactitudes ou d&rsquo;omissions dans les donn\u00e9es personnelles fournies par les professionnels.<\/strong><\/p>\n<p>&nbsp;<\/p>\n<p><strong>BARREAU DE LYON ET VIENNE<\/strong><\/p>\n<p><strong>Ma\u00eetre BIANCO Giorgio\u00a0<\/strong><\/p>\n<p>Giambrone &amp; Partners France Selas<\/p>\n<p><a href=\"https:\/\/www.google.com\/maps\/search\/41+Cours+de+la+Libert%C3%A9+-+69003+Lyon?entry=gmail&amp;source=g\">41 Cours de la Libert\u00e9 \u2013 69003 Lyon<\/a><\/p>\n<p>Tel. 04.81.06.13.85<\/p>\n<p>E-mail: <a href=\"mailto:giorgio.bianco@giambronelaw.com\">giorgio.bianco@giambronelaw.com<\/a><\/p>\n<p>Website: <a href=\"http:\/\/www.giambronelaw.fr\/\">www.giambronelaw.fr<\/a><\/p>\n<p>&nbsp;<\/p>\n<p><strong>Ma\u00eetre BONNET Thierry\u00a0<\/strong><\/p>\n<p>20 Rue Childebert \u2013 69002 Lyon<\/p>\n<p>Tel. +33 (0)6 8502 1706<\/p>\n<p>Tel. Studio Castaldi: +33 (0) 4 81 06 24 00<\/p>\n<p>E-mail\u00a0: <a href=\"mailto:tbonnet@castaldipartners.com\">tbonnet@castaldipartners.com<\/a><\/p>\n<p>Website: <a href=\"https:\/\/www.castaldipartners.com\/fr\/bonnet_thierry\/\">https:\/\/www.castaldipartners.com\/fr\/bonnet_thierry\/<\/a><\/p>\n<p>&nbsp;<\/p>\n<p><strong>Ma\u00eetre CALAME-SCHMIDT\u00a0Vincent\u00a0<\/strong><\/p>\n<p>3 rue Clos Suiphon \u2013 69003 LYON<\/p>\n<p>Tel.\u00a0 07 69 03 35 99<\/p>\n<p>e-mail\u00a0: <a href=\"mailto:calame-schmidt.vincent@protonmail.com\">calame-schmidt.vincent@protonmail.com<\/a><\/p>\n<p>&nbsp;<\/p>\n<p><strong>Ma\u00eetre CAVALLI Lara\u00a0<\/strong><\/p>\n<p>119 rue Pierre Corneille \u2013 69003 LYON<\/p>\n<p>Tel. 07 61 66 54 05<\/p>\n<p>Tel. 04 37 43 08 94<\/p>\n<p>E-mail: <a href=\"mailto:lc@cavalli-avocat.fr\">lc@cavalli-avocat.fr<\/a><\/p>\n<p>&nbsp;<\/p>\n<p><strong>Ma\u00eetre\u00a0COSTANTINO-COUSTIER Marion\u00a0<\/strong><\/p>\n<p>23 quai Sarrail \u2013 69006 LYON<\/p>\n<p>Cell. 06 70 80 96 99<\/p>\n<p>E-mail: <a href=\"mailto:m.coustier@narratives.law\">m.coustier@narratives.law<\/a><\/p>\n<p>Website: <a href=\"https:\/\/costantino-coustier-avocat.fr\/\">https:\/\/costantino-coustier-avocat.fr\/<\/a><\/p>\n<p>&nbsp;<\/p>\n<p><strong>Ma\u00eetre FALQUI Angela\u00a0<\/strong><\/p>\n<p>Giambrone &amp; Partners France Selas<\/p>\n<p>41 Cours de la Libert\u00e9 \u2013 69003 Lyon<\/p>\n<p>Tel. 04 81\u00a006\u00a013 85<\/p>\n<p>E-mail: <a href=\"mailto:angela.falqui@giambronelaw.com\">angela.falqui@giambronelaw.com<\/a><\/p>\n<p>Website: <a href=\"http:\/\/www.giambronelaw.fr\/\">www.giambronelaw.fr<\/a><\/p>\n<p>&nbsp;<\/p>\n<p><strong>Ma\u00eetre<\/strong> <strong>POURIAS<\/strong> <strong>Louise\u00a0<\/strong><\/p>\n<p>13, Boulevard Eug\u00e8ne Arnaud \u2013 38200 Vienne<\/p>\n<p>Cell. 07.69.51.71.92<\/p>\n<p>E-mail: <a href=\"mailto:contact@pourias-avocat.com\">contact@pourias-avocat.com<\/a><\/p>\n<p>&nbsp;<\/p>\n<p><strong>Ma\u00eetre PUPO Augusta\u00a0<\/strong><\/p>\n<p>8, Rue Joseph Serlin \u2013 69001 LYON<\/p>\n<p>Tel. (+33) 06 67 27 53 00<\/p>\n<p>E-Mail: <a href=\"mailto:ap@pupo-legal.com\">ap@pupo-legal.com<\/a><\/p>\n<p>&nbsp;<\/p>\n<p><strong>Ma\u00eetre RECCHIA PAULIN Alexandra\u00a0<\/strong><\/p>\n<p>20 Quai Victor Augagneur \u2013 69003 Lyon<\/p>\n<p>Tel: 04.72.60.79.69<\/p>\n<p>E-mail: <a href=\"mailto:alexandra.recchia-paulin@avocat.fr\">alexandra.recchia-paulin@avocat.fr<\/a><\/p>\n<p>Website: <a href=\"https:\/\/www.alexandrarecchia-avocat.com\/\">https:\/\/www.alexandrarecchia-avocat.com\/<\/a><\/p>\n<p>&nbsp;<\/p>\n<p><strong>Ma\u00eetre RUSSO Ga\u00eblle\u00a0<\/strong><\/p>\n<p>35 rue de Marseille \u2013 69007 Lyon<\/p>\n<p>Tel: 06 64 86 13 64<\/p>\n<p>E-mail: <a href=\"mailto:grusso.avocat@gmail.com\">grusso.avocat@gmail.com<\/a><\/p>\n<p>&nbsp;<\/p>\n<p><strong>BARREAU DE GRENOBLE<\/strong><\/p>\n<p><strong>Ma\u00eetre ALAMPI Ingrid\u00a0<\/strong><\/p>\n<p>5, Cours Jean Jaur\u00e8s \u2013 38000 GRENOBLE<\/p>\n<p>Tel. 04.76.43.31.13<\/p>\n<p>e-mail : <a href=\"mailto:contact@alampi-avocat.fr\">contact@alampi-avocat.fr<\/a><\/p>\n<p>&nbsp;<\/p>\n<p><strong>Ma\u00eetre SPINELLA Diego\u00a0<\/strong><\/p>\n<p>Europa Avocats \u2013 1, Place Firmin Gauthier \u2013 38000 GRENOBLE<\/p>\n<p>Tel. 06.28.93.00.40<\/p>\n<p>E-mail: <a href=\"mailto:spinella@europa-avocats.com\">spinella@europa-avocats.com<\/a><\/p>\n<p>Website: <a href=\"https:\/\/www.europa-avocats.com\/\">https:\/\/www.europa-avocats.com\/<\/a><\/p>\n<p>&nbsp;<\/p>\n<p><strong>BARREAU DE CHAMBERY ET ANNECY<\/strong><\/p>\n<p><strong>Ma\u00eetre SALVISBERG Paul\u00a0<\/strong><\/p>\n<p>Padzunass Salvisberg &amp; Associ\u00e9s<br \/>\n95, Place de l\u2019Europe \u2013 73200 ALBERTVILLE<\/p>\n<p>Tel. 06 63 51 44 14<\/p>\n<p>E-mail: <a href=\"mailto:paul@avocat-padzunass-salvisberg.fr\">paul@avocat-padzunass-salvisberg.fr<\/a><\/p>\n<p>&nbsp;<\/p>\n<p><strong>Ma\u00eetre SPINELLA Diego\u00a0<\/strong><\/p>\n<p>1 rue g\u00e9n\u00e9ral Ferri\u00e9 \u2013 73000 CHAMBERY<\/p>\n<p>Tel. 06.28.93.00.40<\/p>\n<p>E-mail: <a href=\"mailto:spinella@europa-avocats.com\">spinella@europa-avocats.com<\/a><\/p>\n<p>Website: <a href=\"https:\/\/www.europa-avocats.com\/\">https:\/\/www.europa-avocats.com\/<\/a><\/p>\n","protected":false},"excerpt":{"rendered":"Les noms ci-dessous indiqu\u00e9s sont fournis, par ordre alphab\u00e9tique, \u00e0 titre informatif et non exhaustif. Ce Consulat G\u00e9n\u00e9ral ne v\u00e9rifie pas leur activit\u00e9 et ne r\u00e9pond pas de leurs actes, ne peut donc assumer aucune responsabilit\u00e9 quant aux r\u00e9sultats de toute relation qui pourrait \u00eatre \u00e9tablie sur une base enti\u00e8rement directe et priv\u00e9e. Le Consulat [&hellip;]","protected":false},"author":14,"featured_media":0,"parent":4740,"menu_order":2,"comment_status":"closed","ping_status":"closed","template":"","meta":{"footnotes":""},"class_list":["post-4744","page","type-page","status-publish","hentry"],"_links":{"self":[{"href":"https:\/\/conslione.esteri.it\/fr\/wp-json\/wp\/v2\/pages\/4744","targetHints":{"allow":["GET"]}}],"collection":[{"href":"https:\/\/conslione.esteri.it\/fr\/wp-json\/wp\/v2\/pages"}],"about":[{"href":"https:\/\/conslione.esteri.it\/fr\/wp-json\/wp\/v2\/types\/page"}],"author":[{"embeddable":true,"href":"https:\/\/conslione.esteri.it\/fr\/wp-json\/wp\/v2\/users\/14"}],"replies":[{"embeddable":true,"href":"https:\/\/conslione.esteri.it\/fr\/wp-json\/wp\/v2\/comments?post=4744"}],"version-history":[{"count":1,"href":"https:\/\/conslione.esteri.it\/fr\/wp-json\/wp\/v2\/pages\/4744\/revisions"}],"predecessor-version":[{"id":4746,"href":"https:\/\/conslione.esteri.it\/fr\/wp-json\/wp\/v2\/pages\/4744\/revisions\/4746"}],"up":[{"embeddable":true,"href":"https:\/\/conslione.esteri.it\/fr\/wp-json\/wp\/v2\/pages\/4740"}],"wp:attachment":[{"href":"https:\/\/conslione.esteri.it\/fr\/wp-json\/wp\/v2\/media?parent=4744"}],"curies":[{"name":"wp","href":"https:\/\/api.w.org\/{rel}","templated":true}]}}