{"id":4818,"date":"2026-01-08T09:59:45","date_gmt":"2026-01-08T08:59:45","guid":{"rendered":"https:\/\/conslione.esteri.it\/?page_id=4818"},"modified":"2026-01-08T10:04:01","modified_gmt":"2026-01-08T09:04:01","slug":"certification-dexecution-des-travaux-realises-a-letranger-cel","status":"publish","type":"page","link":"https:\/\/conslione.esteri.it\/fr\/servizi-consolari-e-visti\/servizi-per-il-cittadino-italiano\/altri-servizi\/services-pour-les-entreprises\/certification-dexecution-des-travaux-realises-a-letranger-cel\/","title":{"rendered":"Certification d&rsquo;ex\u00e9cution des travaux r\u00e9alis\u00e9s \u00e0 l&rsquo;\u00e9tranger (CEL)"},"content":{"rendered":"<p><strong>Instructions destin\u00e9es aux entreprises et aux techniciens de confiance pour la mise en \u0153uvre de l&rsquo;article 84 du D\u00e9cret Pr\u00e9sidentiel 207\/2010<\/strong><\/p>\n<p>Le D\u00e9cret du Pr\u00e9sident de la R\u00e9publique n\u00b0 207 du 5 octobre 2010 est entr\u00e9 en vigueur le 8 juin 2011. Son article 84 traite notamment de la qualification des entreprises italiennes pour l&rsquo;ex\u00e9cution de travaux publics, en particulier en ce qui concerne la certification des travaux r\u00e9alis\u00e9s \u00e0 l&rsquo;\u00e9tranger.<\/p>\n<p>&nbsp;<\/p>\n<p><strong>ACTIVIT\u00c9 PROC\u00c9DURALE DES BUREAUX CONSULAIRES \u00c0 L&rsquo;\u00c9TRANGER<\/strong><\/p>\n<ol>\n<li>Le Consulat G\u00e9n\u00e9ral accr\u00e9dite un ou plusieurs professionnels pour la d\u00e9livrance des certificats de travaux r\u00e9alis\u00e9s \u00e0 l&rsquo;\u00e9tranger en le publiant de mani\u00e8re ad\u00e9quate sur son site Internet.<\/li>\n<li>L&rsquo;entreprise communique au Consulat G\u00e9n\u00e9ral comp\u00e9tent la n\u00e9cessit\u00e9 de certifier un ouvrage r\u00e9alis\u00e9 \u00e0 l&rsquo;\u00e9tranger. Si l&rsquo;entreprise pr\u00e9sente sa demande \u00e0 un Consulat autre que celui dans le ressort duquel l&rsquo;ouvrage a \u00e9t\u00e9 r\u00e9alis\u00e9, elle sera redirig\u00e9e vers le Consulat comp\u00e9tent.<\/li>\n<li>Le Consulat communique \u00e0 l&rsquo;entreprise la liste des professionnels agr\u00e9\u00e9s. En l&rsquo;absence de techniciens de confiance dans la circonscription consulaire o\u00f9 les travaux ont \u00e9t\u00e9 r\u00e9alis\u00e9s, l&rsquo;entreprise peut faire appel \u00e0 des techniciens de confiance agr\u00e9\u00e9s dans les circonscriptions consulaires ou les pays limitrophes de celui o\u00f9 les travaux ont \u00e9t\u00e9 r\u00e9alis\u00e9s.<\/li>\n<li>Le technicien de confiance, choisi librement par l&rsquo;entreprise parmi ceux figurant sur la liste fournie par le Consulat, apr\u00e8s v\u00e9rification des conditions d&rsquo;incompatibilit\u00e9, \u00e9tablit un certificat conforme au mod\u00e8le B simplifi\u00e9. Le certificat est remis au Consulat sous forme \u00e9lectronique et papier, dat\u00e9, tamponn\u00e9 et sign\u00e9 par le professionnel, accompagn\u00e9 d&rsquo;une auto-certification attestant l&rsquo;absence de conditions d&rsquo;incompatibilit\u00e9.<\/li>\n<li>Si n\u00e9cessaire, le certificat conforme au mod\u00e8le B simplifi\u00e9 est d\u00fbment l\u00e9galis\u00e9 et accompagn\u00e9 d&rsquo;une traduction conforme effectu\u00e9e par un traducteur officiel.<\/li>\n<li>Le bureau consulaire v\u00e9rifie que le cachet et la signature figurant sur le certificat correspondent \u00e0 l&rsquo;un des techniciens agr\u00e9\u00e9s, puis transmet les donn\u00e9es \u00e0 la structure centrale du MAECI.<\/li>\n<\/ol>\n<p>&nbsp;<\/p>\n<p><strong>CO\u00dbT DU SERVICE FOURNI PAR LES BUREAUX \u00c0 L&rsquo;\u00c9TRANGER<\/strong><\/p>\n<p>L&rsquo;entreprise requ\u00e9rante doit payer le service fix\u00e9, pour la seule saisie des donn\u00e9es, \u00e0 100,00 \u20ac pour un certificat comprenant un maximum de 8 pages et 10,00 \u20ac pour chaque page suppl\u00e9mentaire. Ce montant est soumis \u00e0 une r\u00e9vision bisannuelle.<\/p>\n<p>Le montant est vers\u00e9 directement au Consulat auquel la demande est pr\u00e9sent\u00e9e, par virement bancaire avec pour objet \u00ab service aux entreprises pour CEL \u00bb. Ci-apr\u00e8s les coordonn\u00e9es bancaires pour effectuer le virement en faveur du Consulat G\u00e9n\u00e9ral d&rsquo;Italie \u00e0 Lyon :<\/p>\n<p>MONTE PASCHI BANQUE (AGENZIA LIONE)<\/p>\n<p>IBAN: FR76 3047 8000 1201 9112 3500 482<\/p>\n<p>BIC\/SWIFT: MONTFRPPXXX<\/p>\n<p>&nbsp;<\/p>\n<p><strong>ACTIVIT\u00c9 PROC\u00c9DURALE DE LA STRUCTURE CENTRALE DU MAECI<\/strong><\/p>\n<p>Une fois que les donn\u00e9es saisies par le Consulat \u00e0 l&rsquo;\u00e9tranger ont \u00e9t\u00e9 valid\u00e9es, la structure centrale du Minist\u00e8re proc\u00e8de \u00e0 l&rsquo;enregistrement du certificat dans le fichier informatique vis\u00e9 \u00e0 l&rsquo;article 8 du DPR 207\/2010.<\/p>\n<p><strong>Le technicien de confiance<\/strong><\/p>\n<p><strong>R\u00e9f\u00e9rence normative<\/strong><\/p>\n<p>Conform\u00e9ment \u00e0 l&rsquo;article 84, paragraphe 2, du d\u00e9cret pr\u00e9sidentiel n\u00b0 207\/2010, \u00ab la certification est d\u00e9livr\u00e9e, \u00e0 la demande de l&rsquo;int\u00e9ress\u00e9, par un technicien de confiance du Consulat ou du Minist\u00e8re des Affaires \u00e9trang\u00e8res \u00bb.<\/p>\n<p><strong>Nature de la relation de confiance<\/strong><\/p>\n<p>On entend par \u00ab technicien de confiance \u00bb un professionnel poss\u00e9dant les qualit\u00e9s requises pour remplir correctement le mandat exig\u00e9 par la loi italienne. La \u00ab confiance \u00bb consiste donc \u00e0 v\u00e9rifier que les qualifications professionnelles du technicien correspondent aux indications exprim\u00e9es par la r\u00e9glementation. Le bureau consulaire informe les professionnels concern\u00e9s des cons\u00e9quences civiles et p\u00e9nales en cas de fausses d\u00e9clarations.<\/p>\n<p><strong>Accr\u00e9ditation des techniciens<\/strong><\/p>\n<p>Pour obtenir l&rsquo;accr\u00e9ditation, le technicien doit :<\/p>\n<ol>\n<li>Remplir les conditions juridiques requises pour d\u00e9livrer la certification, conditions qui se traduisent g\u00e9n\u00e9ralement par l&rsquo;inscription \u00e0 l&rsquo;ordre professionnel correspondant (ing\u00e9nieurs ou architectes) ;<\/li>\n<li>Remplir les conditions techniques et professionnelles qui, selon la l\u00e9gislation de l&rsquo;\u00c9tat dans lequel l&rsquo;ouvrage a \u00e9t\u00e9 r\u00e9alis\u00e9, sont n\u00e9cessaires pour certifier celui-ci ;<\/li>\n<li>Conna\u00eetre la r\u00e9glementation italienne, en particulier, le Code des contrats (D\u00e9cret L\u00e9gislatif n\u00b0 163 du 12 avril 2006) et son r\u00e8glement d&rsquo;application (D\u00e9cret du Pr\u00e9sident de la R\u00e9publique n\u00b0 207 du 5 octobre 2010).<\/li>\n<\/ol>\n<p>En mati\u00e8re d&rsquo;accr\u00e9ditation du technicien de confiance, il convient de pr\u00e9ciser que :<\/p>\n<ul>\n<li>L\u2019exigence vis\u00e9e au point a) peut tr\u00e8s bien englober celle vis\u00e9e au point b), en l&rsquo;absorbant enti\u00e8rement ;<\/li>\n<li>La condition c) peut \u00eatre auto-certifi\u00e9e par l&rsquo;int\u00e9ress\u00e9 selon les modalit\u00e9s et les prescriptions pr\u00e9vues \u00e0 l&rsquo;article 3 du D\u00e9cret Pr\u00e9sidentiel n\u00b0 445 du 28 d\u00e9cembre 2000 ;<\/li>\n<li>Il est toujours possible d&rsquo;accr\u00e9diter des techniciens italiens, d\u00fbment inscrits \u00e0 l&rsquo;ordre professionnel comp\u00e9tent, auquel cas les conditions susmentionn\u00e9es sont implicitement remplies.<\/li>\n<\/ul>\n<p>Le bureau consulaire conserve la liste des professionnels agr\u00e9\u00e9s avec le cachet et la signature pour v\u00e9rification au moment de la remise du certificat par l&rsquo;entreprise.<\/p>\n<p>&nbsp;<\/p>\n<p><strong>Compatibilit\u00e9 et v\u00e9rifications<\/strong><\/p>\n<p>Le technicien qui d\u00e9livre le certificat ne peut pas \u00eatre :<\/p>\n<ol>\n<li>Employ\u00e9 \u00e0 quelque titre que ce soit par l&rsquo;une des entreprises italiennes et locales mentionn\u00e9es dans le certificat ; toute relation pass\u00e9e doit avoir pris fin depuis au moins trois ans \u00e0 la date de d\u00e9livrance du certificat ;<\/li>\n<li>Titulaire \u00e0 quelque titre que ce soit, \u00e0 titre personnel ou en tant que repr\u00e9sentant d&rsquo;une soci\u00e9t\u00e9, d&rsquo;une relation contractuelle avec l&rsquo;une des entreprises italiennes et locales mentionn\u00e9es dans le certificat, \u00e0 l&rsquo;exception des contrats pour la d\u00e9livrance des certifications en question ; toute relation pass\u00e9e doit avoir pris fin depuis au moins trois ans \u00e0 la date de d\u00e9livrance du certificat ;<\/li>\n<li>Titulaire de fonctions juridiques de quelque nature que ce soit au sein d&rsquo;entreprises contr\u00f4l\u00e9es ou li\u00e9es \u00e0 l&rsquo;une des entreprises italiennes et locales mentionn\u00e9es dans le certificat ; toute relation pass\u00e9e doit avoir pris fin depuis au moins trois ans \u00e0 la date de d\u00e9livrance du certificat ;<\/li>\n<li>Personne ayant un lien familial jusqu&rsquo;au troisi\u00e8me degr\u00e9 avec l&rsquo;un des repr\u00e9sentants l\u00e9gaux de l&rsquo;une des entreprises italiennes et locales mentionn\u00e9es dans le certificat.<\/li>\n<\/ol>\n<p>Les circonstances susmentionn\u00e9es sont auto-certifi\u00e9es par le professionnel en annexe \u00e0 chaque certificat.<\/p>\n<p>Au moment de l&rsquo;accr\u00e9ditation du technicien de confiance, le bureau consulaire v\u00e9rifie aupr\u00e8s des autorit\u00e9s locales comp\u00e9tentes (ordres professionnels, universit\u00e9s) l&rsquo;authenticit\u00e9 des conditions requises conform\u00e9ment \u00e0 la r\u00e9glementation locale (dipl\u00f4me, habilitation, inscription \u00e0 l&rsquo;ordre). En cas de refus, outre le refus de l&rsquo;accr\u00e9ditation, les autorit\u00e9s judiciaires et professionnelles comp\u00e9tentes en sont inform\u00e9es.<\/p>\n<p>Si le professionnel inscrit manifeste une m\u00e9connaissance flagrante de la norme en question, s&rsquo;il s&rsquo;av\u00e8re avoir d\u00e9livr\u00e9 des certifications fausses ou inexactes, ou s&rsquo;il se trouve dans une situation d&rsquo;incompatibilit\u00e9, il est imm\u00e9diatement radi\u00e9 d&rsquo;office de la liste des techniciens accr\u00e9dit\u00e9s ; dans le m\u00eame temps, les autorit\u00e9s judiciaires et professionnelles italiennes et locales comp\u00e9tentes en sont inform\u00e9es.<\/p>\n<p>&nbsp;<\/p>\n<p><strong>Fonctions du technicien de confiance<\/strong><\/p>\n<p>Le technicien de confiance doit remplir le formulaire B simplifi\u00e9 fourni par l&rsquo;Autorit\u00e9 de surveillance des march\u00e9s publics (AVCP) en compl\u00e9tant tous les champs, le cas \u00e9ch\u00e9ant, sur la base des informations tir\u00e9es de l&rsquo;inspection des travaux r\u00e9alis\u00e9s et de l&rsquo;examen des documents contractuels et comptables relatifs aux travaux. En particulier, le technicien de confiance est charg\u00e9 d&rsquo;identifier, pour les travaux \u00e0 certifier, les cat\u00e9gories et classes de travaux en r\u00e9f\u00e9rence au DPR 207\/2010, art. 61 et annexe A ; le formulaire ainsi rempli doit \u00eatre remis \u00e0 l&rsquo;entreprise requ\u00e9rante et au bureau consulaire sous forme \u00e9lectronique et papier, dat\u00e9, sign\u00e9 et tamponn\u00e9 avec les r\u00e9f\u00e9rences de l&rsquo;inscription \u00e0 l&rsquo;ordre professionnel d&rsquo;appartenance, accompagn\u00e9 d&rsquo;une auto-certification d&rsquo;absence de conditions d&rsquo;incompatibilit\u00e9.<\/p>\n<p>Il est soulign\u00e9 que la certification en question ne constitue en aucun cas, d&rsquo;un point de vue technique ou juridique, un document rempla\u00e7ant le certificat d&rsquo;essai statique ou technique administratif. S&rsquo;il existe un certificat d&rsquo;essai, il est vers\u00e9 au dossier du certificateur.<\/p>\n<p>&nbsp;<\/p>\n<p><strong>Honoraires du technicien de confiance<\/strong><\/p>\n<p>Les honoraires du technicien de confiance du Consulat sont convenus directement entre le professionnel et l&rsquo;entreprise requ\u00e9rante.<\/p>\n<p>Le technicien de confiance du minist\u00e8re des Affaires \u00e9trang\u00e8res et de la Coop\u00e9ration internationale<\/p>\n<p>La liste des techniciens de confiance du Minist\u00e8re des Affaires \u00e9trang\u00e8res et de la Coop\u00e9ration internationale est communiqu\u00e9e \u00e0 tous les si\u00e8ges consulaires, qui les ajoutent \u00e0 leur liste de personnes habilit\u00e9es \u00e0 d\u00e9livrer des certifications. Le recrutement des techniciens de confiance du Minist\u00e8re des Affaires \u00e9trang\u00e8res et de la Coop\u00e9ration internationale par les entreprises pour la d\u00e9livrance des certificats s&rsquo;effectue selon les m\u00eames modalit\u00e9s que pour les techniciens de confiance des Consulats, la liste des personnes habilit\u00e9es pour chaque Consulat \u00e9tant unique. Si le mod\u00e8le B simplifi\u00e9 est rempli par un technicien agr\u00e9\u00e9 par le Minist\u00e8re, celui-ci proc\u00e8de \u00e9galement directement \u00e0 l&rsquo;enregistrement du certificat dans le fichier informatique vis\u00e9 \u00e0 l&rsquo;article 8 du d\u00e9cret pr\u00e9sidentiel 207\/2010.<\/p>\n<p>Annexe pour les entreprises : <a href=\"https:\/\/conslione.esteri.it\/wp-content\/uploads\/2026\/01\/CG-Lione_richiesta-elenco-tecnici-di-fiducia-1.pdf\" target=\"_blank\" rel=\"noopener\">mod\u00e8le de demande d&rsquo;envoi de la liste des professionnels<\/a>.<\/p>\n","protected":false},"excerpt":{"rendered":"Instructions destin\u00e9es aux entreprises et aux techniciens de confiance pour la mise en \u0153uvre de l&rsquo;article 84 du D\u00e9cret Pr\u00e9sidentiel 207\/2010 Le D\u00e9cret du Pr\u00e9sident de la R\u00e9publique n\u00b0 207 du 5 octobre 2010 est entr\u00e9 en vigueur le 8 juin 2011. Son article 84 traite notamment de la qualification des entreprises italiennes pour l&rsquo;ex\u00e9cution [&hellip;]","protected":false},"author":14,"featured_media":0,"parent":4827,"menu_order":0,"comment_status":"closed","ping_status":"closed","template":"","meta":{"footnotes":""},"class_list":["post-4818","page","type-page","status-publish","hentry"],"_links":{"self":[{"href":"https:\/\/conslione.esteri.it\/fr\/wp-json\/wp\/v2\/pages\/4818","targetHints":{"allow":["GET"]}}],"collection":[{"href":"https:\/\/conslione.esteri.it\/fr\/wp-json\/wp\/v2\/pages"}],"about":[{"href":"https:\/\/conslione.esteri.it\/fr\/wp-json\/wp\/v2\/types\/page"}],"author":[{"embeddable":true,"href":"https:\/\/conslione.esteri.it\/fr\/wp-json\/wp\/v2\/users\/14"}],"replies":[{"embeddable":true,"href":"https:\/\/conslione.esteri.it\/fr\/wp-json\/wp\/v2\/comments?post=4818"}],"version-history":[{"count":1,"href":"https:\/\/conslione.esteri.it\/fr\/wp-json\/wp\/v2\/pages\/4818\/revisions"}],"predecessor-version":[{"id":4822,"href":"https:\/\/conslione.esteri.it\/fr\/wp-json\/wp\/v2\/pages\/4818\/revisions\/4822"}],"up":[{"embeddable":true,"href":"https:\/\/conslione.esteri.it\/fr\/wp-json\/wp\/v2\/pages\/4827"}],"wp:attachment":[{"href":"https:\/\/conslione.esteri.it\/fr\/wp-json\/wp\/v2\/media?parent=4818"}],"curies":[{"name":"wp","href":"https:\/\/api.w.org\/{rel}","templated":true}]}}