{"id":517,"date":"2023-02-03T10:43:57","date_gmt":"2023-02-03T09:43:57","guid":{"rendered":"https:\/\/conslione.esteri.itscuole\/"},"modified":"2023-02-03T12:36:29","modified_gmt":"2023-02-03T11:36:29","slug":"scuole","status":"publish","type":"page","link":"https:\/\/conslione.esteri.it\/fr\/servizi-consolari-e-visti\/servizi-per-il-cittadino-italiano\/studi\/scuole\/","title":{"rendered":"Services Educatifs et Ecoles"},"content":{"rendered":"<p>Bureau des \u00e9coles, responsable des Services Educatifs du Consulat G\u00e9n\u00e9ral d\u2019Italie, \u0153uvre pour la promotion et la diffusion de la langue et de la culture italienne dans le syst\u00e8me scolaire local.<\/p>\n<p>Ce service est responsable de l\u2019 institution, l\u2019organisation et la coordination de l\u2019activit\u00e9 \u00e9ducative des Cours de langue et culture italienne, en collaboration avec les Rectorats d\u2019Acad\u00e9mie , les Inspections Acad\u00e9miques et avec les Comit\u00e9s de gestion Coascit de Lyon et de Grenoble.<\/p>\n<p>La coordination de l\u2019activit\u00e9 \u00e9ducative des Sections Italiennes aupr\u00e8s des Ecoles Internationales: Lyon, Ferney-Voltaire, Grenoble rel\u00e8ve aussi des comp\u00e9tences de ce service.<\/p>\n<p>Le bureau des \u00e9coles collabore, par ailleurs, \u00e0 la mise en place des \u00e9changes scolaires , au d\u00e9veloppement des projets et des concours scolaires interculturels, des projets europ\u00e9ens entre les \u00e9coles fran\u00e7aises et italiennes, sur requ\u00eate de ces m\u00eames \u00e9coles, participant aux manifestations sur invitation des autorit\u00e9s scolaires, en particulier dans le cadre des municipalit\u00e9s jumel\u00e9es avec les municipalit\u00e9s italiennes.<\/p>\n<p>Le bureau des \u00e9coles offre un service d&rsquo;informations sur le syst\u00e8me scolaire italien pour les familles et les \u00e9tudiants qui rentrent en Italie ainsi que sur le syst\u00e8me scolaire fran\u00e7ais et les activit\u00e9s scolaires italiennes, pour l\u2019insertion des \u00e9tudiants italiens dans les \u00e9coles locales.<\/p>\n<p>Le bureau des \u00e9coles est habilit\u00e9e \u00e0 la diffusion de l\u2019enseignement de la langue italienne dans les \u00e9coles \u00e9l\u00e9mentaires et les Coll\u00e8ges et elle d\u00e9veloppe des initiatives en collaboration avec les Associations professionnelles des professeurs d\u2019 italien et avec les Associations Italiennes .<\/p>\n<p>Ce service est comp\u00e9tent, \u00e9galement en mati\u00e8re de validation des proc\u00e9dures n\u00e9cessaires aux fins de la Validation des Dipl\u00f4mes et des Etudes.<\/p>\n","protected":false},"excerpt":{"rendered":"Bureau des \u00e9coles, responsable des Services Educatifs du Consulat G\u00e9n\u00e9ral d\u2019Italie, \u0153uvre pour la promotion et la diffusion de la langue et de la culture italienne dans le syst\u00e8me scolaire local. Ce service est responsable de l\u2019 institution, l\u2019organisation et la coordination de l\u2019activit\u00e9 \u00e9ducative des Cours de langue et culture italienne, en collaboration avec [&hellip;]","protected":false},"author":7,"featured_media":0,"parent":564,"menu_order":8,"comment_status":"closed","ping_status":"closed","template":"","meta":{"footnotes":""},"class_list":["post-517","page","type-page","status-publish","hentry"],"_links":{"self":[{"href":"https:\/\/conslione.esteri.it\/fr\/wp-json\/wp\/v2\/pages\/517","targetHints":{"allow":["GET"]}}],"collection":[{"href":"https:\/\/conslione.esteri.it\/fr\/wp-json\/wp\/v2\/pages"}],"about":[{"href":"https:\/\/conslione.esteri.it\/fr\/wp-json\/wp\/v2\/types\/page"}],"author":[{"embeddable":true,"href":"https:\/\/conslione.esteri.it\/fr\/wp-json\/wp\/v2\/users\/7"}],"replies":[{"embeddable":true,"href":"https:\/\/conslione.esteri.it\/fr\/wp-json\/wp\/v2\/comments?post=517"}],"version-history":[{"count":0,"href":"https:\/\/conslione.esteri.it\/fr\/wp-json\/wp\/v2\/pages\/517\/revisions"}],"up":[{"embeddable":true,"href":"https:\/\/conslione.esteri.it\/fr\/wp-json\/wp\/v2\/pages\/564"}],"wp:attachment":[{"href":"https:\/\/conslione.esteri.it\/fr\/wp-json\/wp\/v2\/media?parent=517"}],"curies":[{"name":"wp","href":"https:\/\/api.w.org\/{rel}","templated":true}]}}