{"id":539,"date":"2023-02-03T11:19:11","date_gmt":"2023-02-03T10:19:11","guid":{"rendered":"https:\/\/conslione.esteri.ititalia-e-francia\/diplomazia-culturale\/istituto-italiano-di-cultura-a-lione\/"},"modified":"2025-12-30T16:23:39","modified_gmt":"2025-12-30T15:23:39","slug":"istituto-italiano-di-cultura-a-lione","status":"publish","type":"page","link":"https:\/\/conslione.esteri.it\/fr\/italia-e-francia\/diplomazia-culturale\/istituto-italiano-di-cultura-a-lione\/","title":{"rendered":"Institut Culturel Italien de Lyon"},"content":{"rendered":"<p>L&rsquo;Institut Culturel Italien de Lyon, bureau culturel du Minist\u00e8re italien des Affaires \u00e9trang\u00e8res et de la Coop\u00e9ration internationale, a pour mission de diffuser et de promouvoir la langue et la culture italiennes dans le territoire de comp\u00e9tence en France.<\/p>\n<p>L&rsquo;un de ses principaux objectifs est l&rsquo;organisation de cours de langue, ainsi que la r\u00e9alisation de manifestations et d&rsquo;\u00e9v\u00e9nements consacr\u00e9s aux diff\u00e9rents domaines de la vie culturelle italienne.<\/p>\n<p>L&rsquo;Institut propose au public les services suivants :<\/p>\n<p>&#8211; cours de langue italienne dispens\u00e9s par des enseignants qualifi\u00e9s de langue maternelle italienne<\/p>\n<p>&#8211; trois sessions annuelles de l&rsquo;examen CELI (Universit\u00e9 pour \u00e9trangers de P\u00e9rouse)<\/p>\n<p>&#8211; une biblioth\u00e8que\/m\u00e9diath\u00e8que \u00e0 la disposition des \u00e9tudiants et des membres de l&rsquo;Institut pour la consultation et le pr\u00eat de livres, DVD et livres audio<\/p>\n<p>&#8211; un service d&rsquo;information et de documentation sur l&rsquo;Italie<\/p>\n<p>L&rsquo;Institut organise \u00e9galement des manifestations et des \u00e9v\u00e9nements culturels tout au long de l&rsquo;ann\u00e9e.<\/p>\n","protected":false},"excerpt":{"rendered":"L&rsquo;Institut Culturel Italien de Lyon, bureau culturel du Minist\u00e8re italien des Affaires \u00e9trang\u00e8res et de la Coop\u00e9ration internationale, a pour mission de diffuser et de promouvoir la langue et la culture italiennes dans le territoire de comp\u00e9tence en France. L&rsquo;un de ses principaux objectifs est l&rsquo;organisation de cours de langue, ainsi que la r\u00e9alisation de [&hellip;]","protected":false},"author":7,"featured_media":0,"parent":116,"menu_order":0,"comment_status":"closed","ping_status":"closed","template":"","meta":{"footnotes":""},"class_list":["post-539","page","type-page","status-publish","hentry"],"_links":{"self":[{"href":"https:\/\/conslione.esteri.it\/fr\/wp-json\/wp\/v2\/pages\/539","targetHints":{"allow":["GET"]}}],"collection":[{"href":"https:\/\/conslione.esteri.it\/fr\/wp-json\/wp\/v2\/pages"}],"about":[{"href":"https:\/\/conslione.esteri.it\/fr\/wp-json\/wp\/v2\/types\/page"}],"author":[{"embeddable":true,"href":"https:\/\/conslione.esteri.it\/fr\/wp-json\/wp\/v2\/users\/7"}],"replies":[{"embeddable":true,"href":"https:\/\/conslione.esteri.it\/fr\/wp-json\/wp\/v2\/comments?post=539"}],"version-history":[{"count":1,"href":"https:\/\/conslione.esteri.it\/fr\/wp-json\/wp\/v2\/pages\/539\/revisions"}],"predecessor-version":[{"id":4675,"href":"https:\/\/conslione.esteri.it\/fr\/wp-json\/wp\/v2\/pages\/539\/revisions\/4675"}],"up":[{"embeddable":true,"href":"https:\/\/conslione.esteri.it\/fr\/wp-json\/wp\/v2\/pages\/116"}],"wp:attachment":[{"href":"https:\/\/conslione.esteri.it\/fr\/wp-json\/wp\/v2\/media?parent=539"}],"curies":[{"name":"wp","href":"https:\/\/api.w.org\/{rel}","templated":true}]}}