{"id":564,"date":"2023-02-03T10:37:36","date_gmt":"2023-02-03T09:37:36","guid":{"rendered":"https:\/\/conslione.esteri.itservizi-consolari-e-visti\/servizi-per-il-cittadino-italiano\/studi\/"},"modified":"2025-12-31T12:15:26","modified_gmt":"2025-12-31T11:15:26","slug":"studi","status":"publish","type":"page","link":"https:\/\/conslione.esteri.it\/fr\/servizi-consolari-e-visti\/servizi-per-il-cittadino-italiano\/studi\/","title":{"rendered":"Services Scolaires"},"content":{"rendered":"<p>Le Bureau scolaire du Consulat G\u00e9n\u00e9ral d&rsquo;Italie \u00e0 Lyon g\u00e8re l&rsquo;enseignement de la langue italienne dans les sections italiennes des lyc\u00e9es internationaux et dans plusieurs \u00e9coles fran\u00e7aises primaires et secondaires de la r\u00e9gion Auvergne-Rh\u00f4ne-Alpes.<\/p>\n<p>Il fournit \u00e9galement des informations et des conseils pour l&rsquo;inscription dans les \u00e9coles et universit\u00e9s en Italie et d\u00e9livre les D\u00e9clarations de Valeur n\u00e9cessaires pour les dipl\u00f4mes obtenus dans les \u00e9coles et universit\u00e9s de la circonscription consulaire afin que les personnes int\u00e9ress\u00e9es puissent obtenir l&rsquo;\u00e9quivalence des dipl\u00f4mes, l&rsquo;inscription dans les \u00e9coles et universit\u00e9s italiennes, la reconnaissance en Italie des \u00e9tudes universitaires et l&rsquo;attribution de bourses d&rsquo;\u00e9tudes.<\/p>\n","protected":false},"excerpt":{"rendered":"Le Bureau scolaire du Consulat G\u00e9n\u00e9ral d&rsquo;Italie \u00e0 Lyon g\u00e8re l&rsquo;enseignement de la langue italienne dans les sections italiennes des lyc\u00e9es internationaux et dans plusieurs \u00e9coles fran\u00e7aises primaires et secondaires de la r\u00e9gion Auvergne-Rh\u00f4ne-Alpes. Il fournit \u00e9galement des informations et des conseils pour l&rsquo;inscription dans les \u00e9coles et universit\u00e9s en Italie et d\u00e9livre les D\u00e9clarations [&hellip;]","protected":false},"author":7,"featured_media":0,"parent":119,"menu_order":30,"comment_status":"closed","ping_status":"closed","template":"","meta":{"footnotes":""},"class_list":["post-564","page","type-page","status-publish","hentry"],"_links":{"self":[{"href":"https:\/\/conslione.esteri.it\/fr\/wp-json\/wp\/v2\/pages\/564","targetHints":{"allow":["GET"]}}],"collection":[{"href":"https:\/\/conslione.esteri.it\/fr\/wp-json\/wp\/v2\/pages"}],"about":[{"href":"https:\/\/conslione.esteri.it\/fr\/wp-json\/wp\/v2\/types\/page"}],"author":[{"embeddable":true,"href":"https:\/\/conslione.esteri.it\/fr\/wp-json\/wp\/v2\/users\/7"}],"replies":[{"embeddable":true,"href":"https:\/\/conslione.esteri.it\/fr\/wp-json\/wp\/v2\/comments?post=564"}],"version-history":[{"count":1,"href":"https:\/\/conslione.esteri.it\/fr\/wp-json\/wp\/v2\/pages\/564\/revisions"}],"predecessor-version":[{"id":4692,"href":"https:\/\/conslione.esteri.it\/fr\/wp-json\/wp\/v2\/pages\/564\/revisions\/4692"}],"up":[{"embeddable":true,"href":"https:\/\/conslione.esteri.it\/fr\/wp-json\/wp\/v2\/pages\/119"}],"wp:attachment":[{"href":"https:\/\/conslione.esteri.it\/fr\/wp-json\/wp\/v2\/media?parent=564"}],"curies":[{"name":"wp","href":"https:\/\/api.w.org\/{rel}","templated":true}]}}