{"id":567,"date":"2023-02-03T10:55:05","date_gmt":"2023-02-03T09:55:05","guid":{"rendered":"https:\/\/conslione.esteri.itservizi-consolari-e-visti\/servizi-per-il-cittadino-italiano\/studi\/equipollenza-titoli-di-studio\/"},"modified":"2025-12-31T12:35:38","modified_gmt":"2025-12-31T11:35:38","slug":"equipollenza-titoli-di-studio","status":"publish","type":"page","link":"https:\/\/conslione.esteri.it\/fr\/servizi-consolari-e-visti\/servizi-per-il-cittadino-italiano\/studi\/equipollenza-titoli-di-studio\/","title":{"rendered":"Reconnaissance des dipl\u00f4mes"},"content":{"rendered":"<p>La D\u00e9claration de Valeur ne suffit pas \u00e0 elle seule pour la reconnaissance en Italie d&rsquo;un dipl\u00f4me obtenu \u00e0 l&rsquo;\u00e9tranger.<\/p>\n<p>Pour la reconnaissance d\u2019un dipl\u00f4me obtenu \u00e0 l\u2019\u00e9tranger et, en cons\u00e9quence, pour utiliser ses dipl\u00f4mes \u00e9trangers dans les relations avec l&rsquo;administration publique italienne ou pour exercer des professions r\u00e9glement\u00e9es en Italie, il est n\u00e9cessaire de s&rsquo;adresser aux autorit\u00e9s italiennes qui d\u00e9terminent la reconnaissance, \u00e0 tous les effets juridiques, d&rsquo;un dipl\u00f4me obtenu \u00e0 l&rsquo;\u00e9tranger avec un dipl\u00f4me sp\u00e9cifique pr\u00e9sent dans le syst\u00e8me italien.<\/p>\n<p>Ci-apr\u00e8s les autorit\u00e9s comp\u00e9tentes auxquelles doivent \u00eatre adress\u00e9es les demandes de reconnaissance des titres d\u2019\u00e9tudes \u00e9trangers :<\/p>\n<ul>\n<li>Dipl\u00f4mes de 1er et 2e cycle : Autorit\u00e9s territoriales (anciennement Offices scolaires territoriaux)<\/li>\n<li>Dipl\u00f4mes de 1er et 2e niveau : Universit\u00e9s<\/li>\n<li>Dipl\u00f4mes de doctorat : MUR<\/li>\n<li>Reconnaissances professionnelles : Minist\u00e8res comp\u00e9tents<\/li>\n<\/ul>\n<p>Pour plus d\u2019information\u00a0: <a href=\"https:\/\/www.cimea.it\/EN\/pagina-procedure-riconoscimento-titoli\">https:\/\/www.cimea.it\/EN\/pagina-procedure-riconoscimento-titoli<\/a><\/p>\n","protected":false},"excerpt":{"rendered":"La D\u00e9claration de Valeur ne suffit pas \u00e0 elle seule pour la reconnaissance en Italie d&rsquo;un dipl\u00f4me obtenu \u00e0 l&rsquo;\u00e9tranger. Pour la reconnaissance d\u2019un dipl\u00f4me obtenu \u00e0 l\u2019\u00e9tranger et, en cons\u00e9quence, pour utiliser ses dipl\u00f4mes \u00e9trangers dans les relations avec l&rsquo;administration publique italienne ou pour exercer des professions r\u00e9glement\u00e9es en Italie, il est n\u00e9cessaire de [&hellip;]","protected":false},"author":7,"featured_media":0,"parent":564,"menu_order":4,"comment_status":"closed","ping_status":"closed","template":"","meta":{"footnotes":""},"class_list":["post-567","page","type-page","status-publish","hentry"],"_links":{"self":[{"href":"https:\/\/conslione.esteri.it\/fr\/wp-json\/wp\/v2\/pages\/567","targetHints":{"allow":["GET"]}}],"collection":[{"href":"https:\/\/conslione.esteri.it\/fr\/wp-json\/wp\/v2\/pages"}],"about":[{"href":"https:\/\/conslione.esteri.it\/fr\/wp-json\/wp\/v2\/types\/page"}],"author":[{"embeddable":true,"href":"https:\/\/conslione.esteri.it\/fr\/wp-json\/wp\/v2\/users\/7"}],"replies":[{"embeddable":true,"href":"https:\/\/conslione.esteri.it\/fr\/wp-json\/wp\/v2\/comments?post=567"}],"version-history":[{"count":3,"href":"https:\/\/conslione.esteri.it\/fr\/wp-json\/wp\/v2\/pages\/567\/revisions"}],"predecessor-version":[{"id":4697,"href":"https:\/\/conslione.esteri.it\/fr\/wp-json\/wp\/v2\/pages\/567\/revisions\/4697"}],"up":[{"embeddable":true,"href":"https:\/\/conslione.esteri.it\/fr\/wp-json\/wp\/v2\/pages\/564"}],"wp:attachment":[{"href":"https:\/\/conslione.esteri.it\/fr\/wp-json\/wp\/v2\/media?parent=567"}],"curies":[{"name":"wp","href":"https:\/\/api.w.org\/{rel}","templated":true}]}}