{"id":568,"date":"2023-02-03T10:47:12","date_gmt":"2023-02-03T09:47:12","guid":{"rendered":"https:\/\/conslione.esteri.itservizi-consolari-e-visti\/servizi-per-il-cittadino-italiano\/studi\/universita\/"},"modified":"2026-01-05T11:55:57","modified_gmt":"2026-01-05T10:55:57","slug":"universita","status":"publish","type":"page","link":"https:\/\/conslione.esteri.it\/fr\/servizi-consolari-e-visti\/servizi-per-il-cittadino-italiano\/studi\/universita\/","title":{"rendered":"L\u2019Universit\u00e9 en Italie"},"content":{"rendered":"<p>Des informations d&rsquo;int\u00e9r\u00eat g\u00e9n\u00e9ral sur l&rsquo;organisation et le fonctionnement des universit\u00e9s italiennes sont disponibles sur le portail <a href=\"https:\/\/www.universitaly.it\/\" target=\"_blank\" rel=\"noopener\">Universitaly<\/a> du <a href=\"https:\/\/www.mur.gov.it\/it\" target=\"_blank\" rel=\"noopener\">Minist\u00e8re de l&rsquo;Universit\u00e9 et de la Recherche<\/a>.<\/p>\n<p>Le m\u00eame site web fournit des informations utiles aux \u00e9tudiants \u00e9trangers int\u00e9ress\u00e9s par des \u00e9tudes dans les universit\u00e9s italiennes.<\/p>\n<p>Une page consacr\u00e9e aux universit\u00e9s italienne est \u00e9galement disponible sur le <a href=\"https:\/\/www.crui.it\/highlights.html\" target=\"_blank\" rel=\"noopener\">site web de la CRUI (Conf\u00e9rence des recteurs des universit\u00e9s italiennes)<\/a>.<\/p>\n","protected":false},"excerpt":{"rendered":"Des informations d&rsquo;int\u00e9r\u00eat g\u00e9n\u00e9ral sur l&rsquo;organisation et le fonctionnement des universit\u00e9s italiennes sont disponibles sur le portail Universitaly du Minist\u00e8re de l&rsquo;Universit\u00e9 et de la Recherche. Le m\u00eame site web fournit des informations utiles aux \u00e9tudiants \u00e9trangers int\u00e9ress\u00e9s par des \u00e9tudes dans les universit\u00e9s italiennes. Une page consacr\u00e9e aux universit\u00e9s italienne est \u00e9galement disponible sur [&hellip;]","protected":false},"author":7,"featured_media":0,"parent":564,"menu_order":6,"comment_status":"closed","ping_status":"closed","template":"","meta":{"footnotes":""},"class_list":["post-568","page","type-page","status-publish","hentry"],"_links":{"self":[{"href":"https:\/\/conslione.esteri.it\/fr\/wp-json\/wp\/v2\/pages\/568","targetHints":{"allow":["GET"]}}],"collection":[{"href":"https:\/\/conslione.esteri.it\/fr\/wp-json\/wp\/v2\/pages"}],"about":[{"href":"https:\/\/conslione.esteri.it\/fr\/wp-json\/wp\/v2\/types\/page"}],"author":[{"embeddable":true,"href":"https:\/\/conslione.esteri.it\/fr\/wp-json\/wp\/v2\/users\/7"}],"replies":[{"embeddable":true,"href":"https:\/\/conslione.esteri.it\/fr\/wp-json\/wp\/v2\/comments?post=568"}],"version-history":[{"count":5,"href":"https:\/\/conslione.esteri.it\/fr\/wp-json\/wp\/v2\/pages\/568\/revisions"}],"predecessor-version":[{"id":4732,"href":"https:\/\/conslione.esteri.it\/fr\/wp-json\/wp\/v2\/pages\/568\/revisions\/4732"}],"up":[{"embeddable":true,"href":"https:\/\/conslione.esteri.it\/fr\/wp-json\/wp\/v2\/pages\/564"}],"wp:attachment":[{"href":"https:\/\/conslione.esteri.it\/fr\/wp-json\/wp\/v2\/media?parent=568"}],"curies":[{"name":"wp","href":"https:\/\/api.w.org\/{rel}","templated":true}]}}