{"id":605,"date":"2023-02-06T11:50:23","date_gmt":"2023-02-06T10:50:23","guid":{"rendered":"https:\/\/conslione.esteri.itservizi-consolari-e-visti\/servizi-per-il-cittadino-italiano\/stato-civile\/pacs-e-unioni-civili\/"},"modified":"2026-02-10T16:04:31","modified_gmt":"2026-02-10T15:04:31","slug":"pacs-e-unioni-civili","status":"publish","type":"page","link":"https:\/\/conslione.esteri.it\/fr\/servizi-consolari-e-visti\/servizi-per-il-cittadino-italiano\/stato-civile\/pacs-e-unioni-civili\/","title":{"rendered":"Pacte civil de solidarit\u00e9 (PACS)"},"content":{"rendered":"<p>Les citoyens italiens qui souhaitent signer un Pacte Civil de Solidarit\u00e9 (PACS) en France doivent en priorit\u00e9 prendre contact avec le tribunal ou la mairie fran\u00e7aise afin de v\u00e9rifier les conditions et les documents requis et de fixer la date de la signature.<\/p>\n<p>Veuillez noter que le Pacte Civil de Solidarit\u00e9 (PACS) n&rsquo;est assimil\u00e9 \u00e0 aucune institution relevant du droit italien et ne produit donc PAS d&rsquo;effets juridiques en Italie.<\/p>\n<p><strong>Le document pour le PACS d\u00e9livr\u00e9 par ce Consulat est le Certificat de l\u00e9gislation et coutume (certificato di legislazione).<\/strong><\/p>\n<p><strong>Dans certains cas, un certificat de c\u00e9libat peut \u00e9galement \u00eatre demand\u00e9.<\/strong><\/p>\n<p>La proc\u00e9dure de d\u00e9livrance desdits certificats n&rsquo;est actuellement possible que par voie postale.<\/p>\n<p>La demande \u00e0 adresser au Consulat doit comprendre<\/p>\n<p>&#8211; la demande de certificat de PACS compl\u00e9t\u00e9e et sign\u00e9e (<a href=\"https:\/\/conslione.esteri.it\/wp-content\/uploads\/2025\/03\/MODULO-RICHIESTA.pdf\">Formulaire<\/a>) ;<br \/>\n&#8211; les copies des pi\u00e8ces d&rsquo;identit\u00e9 des deux parties du PACS<br \/>\n&#8211; la preuve du virement bancaire \u00e0 effectuer suffisamment t\u00f4t avant l&rsquo;envoi de la demande<br \/>\n&#8211; une enveloppe pr\u00e9-affranchie de 50 grammes pour l&rsquo;envoi du ou des certificats<\/p>\n<p><strong>Dans le cas o\u00f9 vous auriez chang\u00e9 d&rsquo;adresse de r\u00e9sidence et que vous n&rsquo;en auriez pas inform\u00e9 le consulat, veuillez le faire en suivant les indications donn\u00e9es \u00e0 <\/strong><a href=\"https:\/\/conslione.esteri.it\/fr\/servizi-consolari-e-visti\/servizi-per-il-cittadino-italiano\/anagrafe-degli-italiani-residenti-allestero-aire\/cambio-indirizzo\/\"><strong>la page<\/strong><\/a><strong> suivante.<\/strong><\/p>\n<p><strong>La taxe consulaire est de 66,00 \u20ac pour le Certificat de l\u00e9gislation et coutume et de 6,00 \u20ac pour le Certificat de c\u00e9libat (si vous avez besoin des deux certificats, vous pouvez effectuer un seul virement de 72,00 \u20ac) \u00e0 <\/strong>payer par virement bancaire sur le compte courant libell\u00e9 au nom de ce Consulat g\u00e9n\u00e9ral d&rsquo;Italie :<\/p>\n<p>MONTE PASCHI BANQUE:<br \/>\nIBAN FR76 3047 8000 1201 9112 3500 482 \u2013 BIC\/SWIFT MONTFRPPXXX<\/p>\n<p>Le motif du virement bancaire<strong> devra \u00eatre indiqu\u00e9 avec pr\u00e9cision <\/strong>: le nom et le pr\u00e9nom du demandeur et le(s) document(s) demand\u00e9(s).<\/p>\n<p><strong>ATTENTION<\/strong><\/p>\n<p><strong>Le Certificat de c\u00e9libat ne peut \u00eatre d\u00e9livr\u00e9 par ce Consulat G\u00e9n\u00e9ral qu&rsquo;aux citoyens italiens inscrits \u00e0 l&rsquo;AIRE et r\u00e9sidant dans cette circonscription consulaire.<\/strong><\/p>\n<ul>\n<li>Les citoyens italiens<strong> inscrits \u00e0 l&rsquo;AIRE, mais r\u00e9sidant dans une autre circonscription consulaire<\/strong>, peuvent demander un certificat de c\u00e9libat aupr\u00e8s de leur consulat de r\u00e9f\u00e9rence et le pr\u00e9senter \u00e0 la mairie, d\u00fbment traduit en fran\u00e7ais.<\/li>\n<li>Les citoyens italiens <strong>r\u00e9sidant en Italie<\/strong> peuvent demander un certificat de c\u00e9libat (certificato di stato libero) aupr\u00e8s de leur commune de r\u00e9sidence et le pr\u00e9senter \u00e0 la mairie, d\u00fbment traduit en fran\u00e7ais.<\/li>\n<\/ul>\n<p>&nbsp;<\/p>\n<p><strong>Contacts bureau Etat Civil \/ Pacte civil de solidarit\u00e9 (PACS)<\/strong><\/p>\n<p>E-mail : <a href=\"mailto:consgenlione.statocivile@esteri.it\">consgenlione.statocivile@esteri.it<\/a><\/p>\n<p>T\u00e9l. : 04 72 82 38 19 (Le bureau r\u00e9pond du lundi au jeudi de 12h00 \u00e0 13h00 et de 15h00 \u00e0 16h00, le vendredi de 12h00 \u00e0 13h00).<\/p>\n","protected":false},"excerpt":{"rendered":"Les citoyens italiens qui souhaitent signer un Pacte Civil de Solidarit\u00e9 (PACS) en France doivent en priorit\u00e9 prendre contact avec le tribunal ou la mairie fran\u00e7aise afin de v\u00e9rifier les conditions et les documents requis et de fixer la date de la signature. Veuillez noter que le Pacte Civil de Solidarit\u00e9 (PACS) n&rsquo;est assimil\u00e9 \u00e0 [&hellip;]","protected":false},"author":7,"featured_media":0,"parent":199,"menu_order":6,"comment_status":"closed","ping_status":"closed","template":"","meta":{"footnotes":""},"class_list":["post-605","page","type-page","status-publish","hentry"],"_links":{"self":[{"href":"https:\/\/conslione.esteri.it\/fr\/wp-json\/wp\/v2\/pages\/605","targetHints":{"allow":["GET"]}}],"collection":[{"href":"https:\/\/conslione.esteri.it\/fr\/wp-json\/wp\/v2\/pages"}],"about":[{"href":"https:\/\/conslione.esteri.it\/fr\/wp-json\/wp\/v2\/types\/page"}],"author":[{"embeddable":true,"href":"https:\/\/conslione.esteri.it\/fr\/wp-json\/wp\/v2\/users\/7"}],"replies":[{"embeddable":true,"href":"https:\/\/conslione.esteri.it\/fr\/wp-json\/wp\/v2\/comments?post=605"}],"version-history":[{"count":7,"href":"https:\/\/conslione.esteri.it\/fr\/wp-json\/wp\/v2\/pages\/605\/revisions"}],"predecessor-version":[{"id":5101,"href":"https:\/\/conslione.esteri.it\/fr\/wp-json\/wp\/v2\/pages\/605\/revisions\/5101"}],"up":[{"embeddable":true,"href":"https:\/\/conslione.esteri.it\/fr\/wp-json\/wp\/v2\/pages\/199"}],"wp:attachment":[{"href":"https:\/\/conslione.esteri.it\/fr\/wp-json\/wp\/v2\/media?parent=605"}],"curies":[{"name":"wp","href":"https:\/\/api.w.org\/{rel}","templated":true}]}}