{"id":611,"date":"2023-02-06T12:22:02","date_gmt":"2023-02-06T11:22:02","guid":{"rendered":"https:\/\/conslione.esteri.itservizi-consolari-e-visti\/servizi-per-il-cittadino-italiano\/assistenza-ai-cittadini-allestero\/sanitaria\/"},"modified":"2023-02-06T12:40:51","modified_gmt":"2023-02-06T11:40:51","slug":"sanitaria","status":"publish","type":"page","link":"https:\/\/conslione.esteri.it\/fr\/servizi-consolari-e-visti\/servizi-per-il-cittadino-italiano\/assistenza-ai-cittadini-allestero\/sanitaria\/","title":{"rendered":"Sanitaire"},"content":{"rendered":"<p><strong>ASSURANCE MALADIE<\/strong><\/p>\n<p>Les ressortissants italiens r\u00e9sidant en France b\u00e9n\u00e9ficient \u2013 en r\u00e8gle g\u00e9n\u00e9rale \u2013 de l\u2019assurance maladie de la S\u00e9curit\u00e9 Sociale fran\u00e7aise.<\/p>\n<p>Certaines cat\u00e9gories de personnes (ex : travailleurs d\u00e9tach\u00e9s, \u00e9tudiants temporairement en France, les pensionn\u00e9s du r\u00e9gime italien, touristes, etc.\u2026) peuvent b\u00e9n\u00e9ficier \u2013 en France &#8211; de l\u2019assurance maladie, en vertu de l\u2019application des r\u00e8glements CEE 1408\/71 et 574\/72. A cette fin, les Caisses italiennes de S\u00e9curit\u00e9 Sociale (A.S.L.) d\u00e9livrent les formulaires de prise en charge (ex : E106, E112, E121, etc.) pr\u00e9vus par lesdits r\u00e8glement ou la carte europ\u00e9enne de s\u00e9curit\u00e9 sociale.<\/p>\n<p>Pareillement, tout ressortissant de l\u2019U.E. qui r\u00e9side en France et d\u00e9sire se rendre en Italie doit s\u2019adresser \u00e0 sa Caisse d\u2019Assurance Maladie pour demander la d\u00e9livrance des formulaires susmentionn\u00e9s ou de la carte europ\u00e9enne de s\u00e9curit\u00e9 sociale, afin de b\u00e9n\u00e9ficier de l\u2019assurance maladie pendant son s\u00e9jour \u00e0 l\u2019\u00e9tranger.<\/p>\n<p>Les informations concernant l\u2019assurance maladie se trouvent sur les sites\u00a0<a href=\"http:\/\/www.ameli.fr\/\">www.ameli.fr<\/a>\u00a0et\u00a0<a href=\"http:\/\/www.cleiss.fr\/\">www.cleiss.fr<\/a>.<\/p>\n","protected":false},"excerpt":{"rendered":"ASSURANCE MALADIE Les ressortissants italiens r\u00e9sidant en France b\u00e9n\u00e9ficient \u2013 en r\u00e8gle g\u00e9n\u00e9rale \u2013 de l\u2019assurance maladie de la S\u00e9curit\u00e9 Sociale fran\u00e7aise. Certaines cat\u00e9gories de personnes (ex : travailleurs d\u00e9tach\u00e9s, \u00e9tudiants temporairement en France, les pensionn\u00e9s du r\u00e9gime italien, touristes, etc.\u2026) peuvent b\u00e9n\u00e9ficier \u2013 en France &#8211; de l\u2019assurance maladie, en vertu de l\u2019application des [&hellip;]","protected":false},"author":7,"featured_media":0,"parent":200,"menu_order":0,"comment_status":"closed","ping_status":"closed","template":"","meta":{"footnotes":""},"class_list":["post-611","page","type-page","status-publish","hentry"],"_links":{"self":[{"href":"https:\/\/conslione.esteri.it\/fr\/wp-json\/wp\/v2\/pages\/611","targetHints":{"allow":["GET"]}}],"collection":[{"href":"https:\/\/conslione.esteri.it\/fr\/wp-json\/wp\/v2\/pages"}],"about":[{"href":"https:\/\/conslione.esteri.it\/fr\/wp-json\/wp\/v2\/types\/page"}],"author":[{"embeddable":true,"href":"https:\/\/conslione.esteri.it\/fr\/wp-json\/wp\/v2\/users\/7"}],"replies":[{"embeddable":true,"href":"https:\/\/conslione.esteri.it\/fr\/wp-json\/wp\/v2\/comments?post=611"}],"version-history":[{"count":0,"href":"https:\/\/conslione.esteri.it\/fr\/wp-json\/wp\/v2\/pages\/611\/revisions"}],"up":[{"embeddable":true,"href":"https:\/\/conslione.esteri.it\/fr\/wp-json\/wp\/v2\/pages\/200"}],"wp:attachment":[{"href":"https:\/\/conslione.esteri.it\/fr\/wp-json\/wp\/v2\/media?parent=611"}],"curies":[{"name":"wp","href":"https:\/\/api.w.org\/{rel}","templated":true}]}}