{"id":616,"date":"2023-02-06T12:32:29","date_gmt":"2023-02-06T11:32:29","guid":{"rendered":"https:\/\/conslione.esteri.itservizi-consolari-e-visti\/servizi-per-il-cittadino-italiano\/assistenza-ai-cittadini-allestero\/rimpatri\/"},"modified":"2023-02-06T12:34:35","modified_gmt":"2023-02-06T11:34:35","slug":"rimpatri","status":"publish","type":"page","link":"https:\/\/conslione.esteri.it\/fr\/servizi-consolari-e-visti\/servizi-per-il-cittadino-italiano\/assistenza-ai-cittadini-allestero\/rimpatri\/","title":{"rendered":"Rapatriement"},"content":{"rendered":"<p><strong>RAPATRIEMENT DE CORPS<\/strong><\/p>\n<p>En cas de d\u00e9c\u00e8s de ressortissant italien en France, les formalit\u00e9s de rapatriement de corps sont effectu\u00e9es directement par la Soci\u00e9t\u00e9 de Pompes Fun\u00e8bres qui se charge d\u2019obtenir toutes les autorisations n\u00e9cessaires au transport de la France en Italie.<\/p>\n<p>L\u2019acte de d\u00e9c\u00e8s du d\u00e9funt, r\u00e9dig\u00e9 par la Mairie sur formulaire plurilingue, doit \u00eatre envoy\u00e9 au Consulat afin d\u2019effectuer la transcription aupr\u00e8s de la Commune italienne.<\/p>\n<p>En cas de rapatriement de corps en Italie et si pr\u00e9vu par la r\u00e9glementation r\u00e9gionale italienne, une demande de remboursement de frais pourra \u00eatre pr\u00e9sent\u00e9 \u00e0 la Commune italienne d\u2019origine par la personne de la famille qui a pris en charge les frais de transport.<\/p>\n","protected":false},"excerpt":{"rendered":"RAPATRIEMENT DE CORPS En cas de d\u00e9c\u00e8s de ressortissant italien en France, les formalit\u00e9s de rapatriement de corps sont effectu\u00e9es directement par la Soci\u00e9t\u00e9 de Pompes Fun\u00e8bres qui se charge d\u2019obtenir toutes les autorisations n\u00e9cessaires au transport de la France en Italie. L\u2019acte de d\u00e9c\u00e8s du d\u00e9funt, r\u00e9dig\u00e9 par la Mairie sur formulaire plurilingue, doit [&hellip;]","protected":false},"author":7,"featured_media":0,"parent":200,"menu_order":0,"comment_status":"closed","ping_status":"closed","template":"","meta":{"footnotes":""},"class_list":["post-616","page","type-page","status-publish","hentry"],"_links":{"self":[{"href":"https:\/\/conslione.esteri.it\/fr\/wp-json\/wp\/v2\/pages\/616","targetHints":{"allow":["GET"]}}],"collection":[{"href":"https:\/\/conslione.esteri.it\/fr\/wp-json\/wp\/v2\/pages"}],"about":[{"href":"https:\/\/conslione.esteri.it\/fr\/wp-json\/wp\/v2\/types\/page"}],"author":[{"embeddable":true,"href":"https:\/\/conslione.esteri.it\/fr\/wp-json\/wp\/v2\/users\/7"}],"replies":[{"embeddable":true,"href":"https:\/\/conslione.esteri.it\/fr\/wp-json\/wp\/v2\/comments?post=616"}],"version-history":[{"count":0,"href":"https:\/\/conslione.esteri.it\/fr\/wp-json\/wp\/v2\/pages\/616\/revisions"}],"up":[{"embeddable":true,"href":"https:\/\/conslione.esteri.it\/fr\/wp-json\/wp\/v2\/pages\/200"}],"wp:attachment":[{"href":"https:\/\/conslione.esteri.it\/fr\/wp-json\/wp\/v2\/media?parent=616"}],"curies":[{"name":"wp","href":"https:\/\/api.w.org\/{rel}","templated":true}]}}