{"id":620,"date":"2023-02-06T12:37:16","date_gmt":"2023-02-06T11:37:16","guid":{"rendered":"https:\/\/conslione.esteri.itservizi-consolari-e-visti\/servizi-per-il-cittadino-italiano\/assistenza-ai-cittadini-allestero\/rimpatri-sanitari\/"},"modified":"2023-02-06T12:38:26","modified_gmt":"2023-02-06T11:38:26","slug":"rimpatri-sanitari","status":"publish","type":"page","link":"https:\/\/conslione.esteri.it\/fr\/servizi-consolari-e-visti\/servizi-per-il-cittadino-italiano\/assistenza-ai-cittadini-allestero\/rimpatri-sanitari\/","title":{"rendered":"Rapatriement Sanitaire"},"content":{"rendered":"<p><strong>RAPATRIEMENT SANITAIRE ET AUX FRAIS DE L&rsquo;ETAT<\/strong><\/p>\n<p>Les rapatriements sanitaires \u2013 en r\u00e8gle g\u00e9n\u00e9rale \u2013 sont effectu\u00e9s selon les R\u00e8glements communautaires n. 1408\/71 et n. 574\/72.<br \/>\nLes rapatriements aux frais de l&rsquo;Etat sont limit\u00e9s \u00e0 des cas exceptionnels; dans les cas courants le rapatriement sera effectu\u00e9 aux frais de la famille \u2013 qui pourra envoyer de l&rsquo;argent par \u00ab\u00a0Western Union\u00a0\u00bb ou \u00ab\u00a0MoneyGram\u00a0\u00bb \u2013 ou au moyen d&rsquo;un pr\u00eat limit\u00e9 avec obligation de remboursement \u00e0 l&rsquo;Etat.<\/p>\n","protected":false},"excerpt":{"rendered":"RAPATRIEMENT SANITAIRE ET AUX FRAIS DE L&rsquo;ETAT Les rapatriements sanitaires \u2013 en r\u00e8gle g\u00e9n\u00e9rale \u2013 sont effectu\u00e9s selon les R\u00e8glements communautaires n. 1408\/71 et n. 574\/72. Les rapatriements aux frais de l&rsquo;Etat sont limit\u00e9s \u00e0 des cas exceptionnels; dans les cas courants le rapatriement sera effectu\u00e9 aux frais de la famille \u2013 qui pourra envoyer [&hellip;]","protected":false},"author":7,"featured_media":0,"parent":200,"menu_order":0,"comment_status":"closed","ping_status":"closed","template":"","meta":{"footnotes":""},"class_list":["post-620","page","type-page","status-publish","hentry"],"_links":{"self":[{"href":"https:\/\/conslione.esteri.it\/fr\/wp-json\/wp\/v2\/pages\/620","targetHints":{"allow":["GET"]}}],"collection":[{"href":"https:\/\/conslione.esteri.it\/fr\/wp-json\/wp\/v2\/pages"}],"about":[{"href":"https:\/\/conslione.esteri.it\/fr\/wp-json\/wp\/v2\/types\/page"}],"author":[{"embeddable":true,"href":"https:\/\/conslione.esteri.it\/fr\/wp-json\/wp\/v2\/users\/7"}],"replies":[{"embeddable":true,"href":"https:\/\/conslione.esteri.it\/fr\/wp-json\/wp\/v2\/comments?post=620"}],"version-history":[{"count":0,"href":"https:\/\/conslione.esteri.it\/fr\/wp-json\/wp\/v2\/pages\/620\/revisions"}],"up":[{"embeddable":true,"href":"https:\/\/conslione.esteri.it\/fr\/wp-json\/wp\/v2\/pages\/200"}],"wp:attachment":[{"href":"https:\/\/conslione.esteri.it\/fr\/wp-json\/wp\/v2\/media?parent=620"}],"curies":[{"name":"wp","href":"https:\/\/api.w.org\/{rel}","templated":true}]}}