{"id":635,"date":"2023-02-06T13:47:38","date_gmt":"2023-02-06T12:47:38","guid":{"rendered":"https:\/\/conslione.esteri.itservizi-consolari-e-visti\/servizi-per-il-cittadino-italiano\/adozioni\/"},"modified":"2025-12-16T15:55:24","modified_gmt":"2025-12-16T14:55:24","slug":"adozioni","status":"publish","type":"page","link":"https:\/\/conslione.esteri.it\/fr\/servizi-consolari-e-visti\/servizi-per-il-cittadino-italiano\/adozioni\/","title":{"rendered":"Adoptions"},"content":{"rendered":"<p><strong><a href=\"https:\/\/www.esteri.it\/en\/servizi-consolari-e-visti\/italiani-all-estero\/adozioni-internazionali\/\" target=\"_blank\" rel=\"noopener\">ADOZIONI INTERNAZIONALI<\/a><\/strong><\/p>\n<p><strong>ADOPTIONS DE MINEURS DE LA PART DE CITOYENS ITALIENS<\/strong><\/p>\n<p>(Loi n\u00b0 184 du 4 mai 1983)<\/p>\n<p>La question de l&rsquo;adoption d&rsquo;enfants en Italie est r\u00e9glement\u00e9e par la loi n\u00b0 184 de 1983, telle que modifi\u00e9e par la loi n\u00b0 476 de 1998 &#8211; qui a int\u00e9gr\u00e9 les dispositions pr\u00e9vues par la Convention de La Haye du 29 mai 1993 sur la protection des enfants et la coop\u00e9ration en mati\u00e8re d&rsquo;adoption internationale &#8211; et par la loi n\u00b0 L. 149\/01 qui, outre la mise \u00e0 jour de la partie relative aux limites d&rsquo;\u00e2ge pour l&rsquo;adoption, a notamment innov\u00e9 en ce qui concerne les concepts relatifs aux droits des mineurs, de la garde des enfants \u00e0 la d\u00e9claration d&rsquo;adoption.<\/p>\n<p>En cas d&rsquo;adoption d&rsquo;un ou plusieurs mineurs par des citoyens italiens r\u00e9sidant \u00e0 l&rsquo;\u00e9tranger, l&rsquo;alin\u00e9a 4 de l&rsquo;article 36 de la loi 184\/83 s&rsquo;applique et pr\u00e9voit ce qui suit :<\/p>\n<p>L&rsquo;adoption prononc\u00e9e par l&rsquo;autorit\u00e9 comp\u00e9tente d&rsquo;un pays \u00e9tranger \u00e0 la suite d&rsquo;une demande de citoyens italiens qui prouvent, au moment du prononc\u00e9 de l&rsquo;adoption, qu\u2019ils r\u00e9sidaient r\u00e9guli\u00e8rement dans ce pays et y \u00e9taient domicili\u00e9s depuis au moins deux ans, est reconnue de plein droit en Italie par d\u00e9cision du Tribunal des mineurs, \u00e0 condition qu&rsquo;elle soit conforme aux principes de la Convention de l&rsquo;AJA du 29.5.1993.<\/p>\n<p>En ce qui concerne les conditions requises pour les candidats \u00e0 l&rsquo;adoption, l&rsquo;article 6 de la loi 184\/83 s&rsquo;applique :<\/p>\n<ol>\n<li>L&rsquo;adoption est autoris\u00e9e aux couples mari\u00e9s depuis au moins trois ans. Il ne doit pas y avoir eu de s\u00e9paration, m\u00eame de fait, entre les \u00e9poux au cours des trois derni\u00e8res ann\u00e9es.<\/li>\n<li>Les \u00e9poux doivent \u00eatre affectivement aptes et capables d&rsquo;\u00e9duquer, d&rsquo;instruire et d&rsquo;entretenir les mineurs qu&rsquo;ils ont l&rsquo;intention d&rsquo;adopter.<\/li>\n<li>L&rsquo;\u00e2ge des adoptants doit \u00eatre sup\u00e9rieur \u00e0 dix-huit ans et inf\u00e9rieur \u00e0 quarante-cinq ans par rapport \u00e0 l&rsquo;\u00e2ge de l&rsquo;enfant adopt\u00e9.<\/li>\n<li>La condition de stabilit\u00e9 de la relation vis\u00e9e au paragraphe 1 peut \u00eatre consid\u00e9r\u00e9e comme remplie m\u00eame si les \u00e9poux ont cohabit\u00e9 de mani\u00e8re stable et continue avant le mariage, pendant une p\u00e9riode de trois ans, si le Tribunal pour mineurs constate la continuit\u00e9 et la stabilit\u00e9 de la cohabitation, compte tenu de toutes les circonstances du cas \u00e9ch\u00e9ant.<\/li>\n<li>Il peut \u00eatre d\u00e9rog\u00e9 aux limites vis\u00e9es au paragraphe 3 si le Tribunal pour mineurs constate que le refus de l&rsquo;adoption entra\u00eene un pr\u00e9judice grave et in\u00e9vitable pour l&rsquo;enfant.<\/li>\n<li>L&rsquo;adoption n&rsquo;est pas exclue lorsque la limite d&rsquo;\u00e2ge maximal des adoptants n&rsquo;est d\u00e9pass\u00e9e seulement par l&rsquo;un d&rsquo;entre eux de dix ans au maximum, ou lorsqu&rsquo;ils sont parents d&rsquo;enfants naturels ou adoptifs dont au moins un est mineur, ou lorsque l&rsquo;adoption concerne un fr\u00e8re ou une s\u0153ur de l&rsquo;enfant d\u00e9j\u00e0 adopt\u00e9 par eux.<\/li>\n<li>Les m\u00eames \u00e9poux peuvent proc\u00e9der \u00e0 plusieurs adoptions m\u00eame par des actes successifs. Le fait d&rsquo;avoir d\u00e9j\u00e0 adopt\u00e9 un fr\u00e8re ou une s\u0153ur de l&rsquo;enfant \u00e0 adopter ou de demander \u00e0 adopter plusieurs fr\u00e8res et s\u0153urs peut constituer un argument plus favorable. De m\u00eame, dans le cas o\u00f9 les \u00e9poux d\u00e9clarent d\u2019\u00eatre disponibles \u00e0 l&rsquo;adoption d&rsquo;enfants se trouvant dans les conditions indiqu\u00e9es \u00e0 l&rsquo;article 3, paragraphe 1, de la loi n\u00b0 104 du 5 f\u00e9vrier 1992, concernant l&rsquo;assistance, l&rsquo;int\u00e9gration sociale et les droits des personnes handicap\u00e9es.<\/li>\n<li>En cas d&rsquo;adoption d&rsquo;enfants \u00e2g\u00e9s de plus de douze ans ou pr\u00e9sentant un handicap constat\u00e9 au sens de l&rsquo;article 4 de la loi n\u00b0 104 du 5 f\u00e9vrier 1992, l&rsquo;\u00c9tat, les r\u00e9gions et les collectivit\u00e9s locales peuvent intervenir, dans le cadre de leurs comp\u00e9tences et dans les limites des disponibilit\u00e9s financi\u00e8res de leurs budgets respectifs, par des mesures \u00e9conomiques sp\u00e9cifiques, \u00e9ventuellement assorties de mesures de soutien \u00e0 la formation et \u00e0 l&rsquo;insertion sociale, jusqu&rsquo;\u00e0 ce que les enfants adopt\u00e9s atteignent l&rsquo;\u00e2ge de dix-huit ans.<\/li>\n<\/ol>\n<p><a href=\"https:\/\/conslione.esteri.it\/wp-content\/uploads\/2025\/12\/ISTANZA-DI-TRASCRIZIONE-DELLA-SENTENZA-DI-ADOZIONE.doc\" target=\"_blank\" rel=\"noopener\">DEMANDE DE TRANSCRIPTION DU JUGEMENT D&rsquo;ADOPTION<\/a><\/p>\n<p><strong>ADOPTION D&rsquo;UNE PERSONNE MAJEURE<\/strong><\/p>\n<p>Il est possible d&rsquo;adopter une personne majeure. La proc\u00e9dure est diff\u00e9rente de celle applicable \u00e0 l&rsquo;adoption d&rsquo;un mineur.<\/p>\n<p>La demande doit \u00eatre pr\u00e9sent\u00e9e par simple lettre adress\u00e9e au Pr\u00e9sident du Tribunal du lieu de r\u00e9sidence de l&rsquo;adoptant.<\/p>\n<p>En raison de la proc\u00e9dure complexe, certains tribunaux exigent l&rsquo;assistance d&rsquo;un avocat.<\/p>\n<p>L&rsquo;adopt\u00e9 acquiert :<\/p>\n<ul>\n<li>le droit de faire pr\u00e9c\u00e9der son nom de famille de celui de l&rsquo;adoptant<\/li>\n<li>le droit de succ\u00e9der \u00e0 l&rsquo;adoptant au m\u00eame titre que les enfants l\u00e9gitimes,<\/li>\n<li>le droit \u00e0 une pension alimentaire.<\/li>\n<\/ul>\n<p>L&rsquo;adoption ordinaire ne modifie pas les droits et devoirs de l&rsquo;adopt\u00e9 envers sa famille d&rsquo;origine et n&rsquo;a aucun effet sur les parents de l&rsquo;adoptant et ceux de l&rsquo;adopt\u00e9.<\/p>\n<p>Peuvent demander \u00e0 adopter une personne majeure les personnes (mari\u00e9es ou non) qui :<\/p>\n<ul>\n<li>n&rsquo;ont pas de descendants l\u00e9gitimes ou l\u00e9gitim\u00e9s<\/li>\n<li>ont atteint l&rsquo;\u00e2ge de 35 ans<\/li>\n<li>ont au moins 18 ans de plus que les personnes qu&rsquo;elles souhaitent adopter.<\/li>\n<\/ul>\n<p>Dans des cas exceptionnels, le Tribunal peut autoriser l&rsquo;adoption si l&rsquo;adoptant a atteint l&rsquo;\u00e2ge de 30 ans au moins, sans pr\u00e9judice de la diff\u00e9rence d&rsquo;\u00e2ge d&rsquo;au moins 18 ans par rapport \u00e0 la personne \u00e0 adopter.<\/p>\n<p>Le consentement est requis :<\/p>\n<ul>\n<li>de l&rsquo;adoptant, de l&rsquo;adopt\u00e9 et de leurs conjoints \u00e9ventuels<\/li>\n<li>des enfants (l\u00e9gitimes, l\u00e9gitim\u00e9s ou naturels reconnus) majeurs de l&rsquo;adoptant<\/li>\n<li>des parents de l&rsquo;adopt\u00e9<\/li>\n<\/ul>\n<p>Si le consentement des parents de l&rsquo;adopt\u00e9 ou celui des conjoints de l&rsquo;adoptant ou de l&rsquo;adopt\u00e9 est refus\u00e9, le Tribunal, \u00e0 la demande de l&rsquo;adoptant, peut, s&rsquo;il estime que le refus est injustifi\u00e9 ou contraire \u00e0 l&rsquo;int\u00e9r\u00eat de l&rsquo;adopt\u00e9, prononcer n\u00e9anmoins l&rsquo;adoption ; de m\u00eame, le Tribunal peut prononcer l&rsquo;adoption lorsqu&rsquo;il est impossible d&rsquo;obtenir le consentement en raison de l&rsquo;incapacit\u00e9 ou du fait que les personnes appel\u00e9es \u00e0 l&rsquo;exprimer sont introuvables.<\/p>\n<p>L&rsquo;assistance d&rsquo;un avocat n&rsquo;est pas n\u00e9cessaire, sauf si elle est exig\u00e9e par le Tribunal.<\/p>\n<p>R\u00e9f\u00e9rence l\u00e9gislative : articles 291 et suivants du Code civil modifi\u00e9s par la loi 184\/1983.<\/p>\n<p>&nbsp;<\/p>\n<p><strong>CERTIFICAT DE L\u00c9GISLATION OU \u00ab CERTIFICAT DE COUTUME \u00bb POUR LES ADOPTIONS<\/strong><\/p>\n<p>Pour obtenir ce certificat, veuillez contacter par e-mail le Bureau de l&rsquo;\u00e9tat civil \/ AIRE (<a href=\"mailto:aire.lione@esteri.it\">aire.lione@esteri.it<\/a>) qui vous enverra le formulaire de demande et les instructions pour effectuer le paiement des frais consulaires correspondants (66 \u20ac). La proc\u00e9dure de demande du certificat se fait enti\u00e8rement par courrier postal.<\/p>\n<p>Pour plus d&rsquo;informations : <a href=\"mailto:aire.lione@esteri.it\">aire.lione@esteri.it<\/a><\/p>\n","protected":false},"excerpt":{"rendered":"ADOZIONI INTERNAZIONALI ADOPTIONS DE MINEURS DE LA PART DE CITOYENS ITALIENS (Loi n\u00b0 184 du 4 mai 1983) La question de l&rsquo;adoption d&rsquo;enfants en Italie est r\u00e9glement\u00e9e par la loi n\u00b0 184 de 1983, telle que modifi\u00e9e par la loi n\u00b0 476 de 1998 &#8211; qui a int\u00e9gr\u00e9 les dispositions pr\u00e9vues par la Convention de [&hellip;]","protected":false},"author":7,"featured_media":0,"parent":119,"menu_order":18,"comment_status":"closed","ping_status":"closed","template":"","meta":{"footnotes":""},"class_list":["post-635","page","type-page","status-publish","hentry"],"_links":{"self":[{"href":"https:\/\/conslione.esteri.it\/fr\/wp-json\/wp\/v2\/pages\/635","targetHints":{"allow":["GET"]}}],"collection":[{"href":"https:\/\/conslione.esteri.it\/fr\/wp-json\/wp\/v2\/pages"}],"about":[{"href":"https:\/\/conslione.esteri.it\/fr\/wp-json\/wp\/v2\/types\/page"}],"author":[{"embeddable":true,"href":"https:\/\/conslione.esteri.it\/fr\/wp-json\/wp\/v2\/users\/7"}],"replies":[{"embeddable":true,"href":"https:\/\/conslione.esteri.it\/fr\/wp-json\/wp\/v2\/comments?post=635"}],"version-history":[{"count":6,"href":"https:\/\/conslione.esteri.it\/fr\/wp-json\/wp\/v2\/pages\/635\/revisions"}],"predecessor-version":[{"id":4605,"href":"https:\/\/conslione.esteri.it\/fr\/wp-json\/wp\/v2\/pages\/635\/revisions\/4605"}],"up":[{"embeddable":true,"href":"https:\/\/conslione.esteri.it\/fr\/wp-json\/wp\/v2\/pages\/119"}],"wp:attachment":[{"href":"https:\/\/conslione.esteri.it\/fr\/wp-json\/wp\/v2\/media?parent=635"}],"curies":[{"name":"wp","href":"https:\/\/api.w.org\/{rel}","templated":true}]}}