{"id":149,"date":"2023-01-24T20:33:08","date_gmt":"2023-01-24T19:33:08","guid":{"rendered":"https:\/\/conslione.esteri.it?page_id=149"},"modified":"2023-02-09T12:25:59","modified_gmt":"2023-02-09T11:25:59","slug":"fare-affari-in-italia","status":"publish","type":"page","link":"https:\/\/conslione.esteri.it\/it\/italia-e-francia\/diplomazia-economica\/fare-affari-in-italia\/","title":{"rendered":"Fare affari in Italia"},"content":{"rendered":"<p>L&#8217;Italia \u00e8 la terza economia dell&#8217;Eurozona e l&#8217;ottava nel mondo, con un mercato interno che offre molteplici opportunit\u00e0 di business, potendo contare su pi\u00f9 di 60 milioni di abitanti (PIL pro capite annuo superiore a 30mila dollari). Da circa un trentennio l&#8217;Italia \u00e8 la seconda economia manifatturiera in Europa, dopo la Germania, e tra le prime dieci a livello internazionale.<\/p>\n<p>L&#8217;Italia rappresenta una porta d&#8217;accesso al mercato europeo e ai suoi 500 milioni di abitanti, nonch\u00e9 un&#8217;importante via di collegamento tra l&#8217;Europa del Sud e i Paesi dell&#8217;Est-Europa, con una rete di trasporti ben sviluppata e diversificata. Inoltre, \u00e8 in posizione strategica rispetto ai Paesi del Medio Oriente e del Nord Africa. Le imprese che investono in Italia possono contare su una fitta rete di PMI e distretti industriali presenti su tutto il territorio nazionale e ben collocati nelle filiere internazionali, fornendo beni intermedi di alta qualit\u00e0.<\/p>\n<p>Ricerca e innovazione sono ampiamente integrate nei processi industriali, con punte di riconosciuta eccellenza in differenti settori delle scienze della vita (in primis le neuroscienze), fisica e ingegneria (ad es. la robotica), scienze sociali e discipline umanistiche (tra tutte l&#8217;archeologia hi-tech). Il sistema universitario in Italia ha radici antiche, \u00e8 dinamico e di ottima qualit\u00e0 e a fronte di una preparazione accademica elevata, il costo del lavoro \u00e8 relativamente conveniente rispetto ad altri paesi dell&#8217;Eurozona.<\/p>\n<p>Da tempo la politica industriale nazionale ha puntato sul rafforzamento della competitivit\u00e0 delle imprese in tutti i settori e con il varo del Piano Industria 4.0 a fine 2016 il sistema fiscale italiano \u00e8 diventato particolarmente favorevole per gli investimenti nel digitale e nell&#8217; innovazione.<\/p>\n","protected":false},"excerpt":{"rendered":"L&#8217;Italia \u00e8 la terza economia dell&#8217;Eurozona e l&#8217;ottava nel mondo, con un mercato interno che offre molteplici opportunit\u00e0 di business, potendo contare su pi\u00f9 di 60 milioni di abitanti (PIL pro capite annuo superiore a 30mila dollari). Da circa un trentennio l&#8217;Italia \u00e8 la seconda economia manifatturiera in Europa, dopo la Germania, e tra le [&hellip;]","protected":false},"author":3,"featured_media":0,"parent":66,"menu_order":2,"comment_status":"closed","ping_status":"closed","template":"","meta":{"footnotes":""},"class_list":["post-149","page","type-page","status-publish","hentry"],"_links":{"self":[{"href":"https:\/\/conslione.esteri.it\/it\/wp-json\/wp\/v2\/pages\/149","targetHints":{"allow":["GET"]}}],"collection":[{"href":"https:\/\/conslione.esteri.it\/it\/wp-json\/wp\/v2\/pages"}],"about":[{"href":"https:\/\/conslione.esteri.it\/it\/wp-json\/wp\/v2\/types\/page"}],"author":[{"embeddable":true,"href":"https:\/\/conslione.esteri.it\/it\/wp-json\/wp\/v2\/users\/3"}],"replies":[{"embeddable":true,"href":"https:\/\/conslione.esteri.it\/it\/wp-json\/wp\/v2\/comments?post=149"}],"version-history":[{"count":0,"href":"https:\/\/conslione.esteri.it\/it\/wp-json\/wp\/v2\/pages\/149\/revisions"}],"up":[{"embeddable":true,"href":"https:\/\/conslione.esteri.it\/it\/wp-json\/wp\/v2\/pages\/66"}],"wp:attachment":[{"href":"https:\/\/conslione.esteri.it\/it\/wp-json\/wp\/v2\/media?parent=149"}],"curies":[{"name":"wp","href":"https:\/\/api.w.org\/{rel}","templated":true}]}}