{"id":158,"date":"2023-01-24T20:40:36","date_gmt":"2023-01-24T19:40:36","guid":{"rendered":"https:\/\/conslione.esteri.it?page_id=158"},"modified":"2026-03-10T11:46:41","modified_gmt":"2026-03-10T10:46:41","slug":"emergency-travel-documents-etd","status":"publish","type":"page","link":"https:\/\/conslione.esteri.it\/it\/servizi-consolari-e-visti\/servizi-per-il-cittadino-italiano\/emergency-travel-documents-etd\/","title":{"rendered":"Emergency Travel Document (ETD)"},"content":{"rendered":"<p>L\u2019Emergency Travel Document (ETD) \u00e8 un <strong>documento di emergenza gratuito <\/strong>che pu\u00f2 essere rilasciato <strong>limitatamente ad un solo viaggio<\/strong> verso lo Stato membro di cui il richiedente \u00e8 cittadino, verso il suo Paese di residenza permanente o, eccezionalmente, verso un\u2019altra destinazione.<\/p>\n<p>Gli Uffici consolari possono rilasciare, in presenza di una delle condizioni di cui all\u2019art. 23, comma 3, D.Lgs. n. 71\/2011 (es. furto o smarrimento del passaporto o di altro documento d\u2019identit\u00e0), questo documento di viaggio provvisorio.<\/p>\n<p>&nbsp;<\/p>\n<p><strong>VALIDIT\u00c0 E RESTITUZIONE DELL\u2019ETD<\/strong><\/p>\n<p>L\u2019 ETD ha una <strong>validit\u00e0 pari alla durata del viaggio <\/strong>per il quale \u00e8 stato rilasciato, <strong>per un massimo di quindici giorni<\/strong>.<\/p>\n<p>\u26a0\ufe0f <strong>Il richiedente si impegna, al termine del viaggio, a restituire l\u2019ETD (anche se non \u00e8 ancora scaduto). <\/strong><\/p>\n<p><strong>L\u2019ETD deve essere obbligatoriamente restituito<\/strong> a:<\/p>\n<ul>\n<li>la polizia di frontiera o ad altro posto di polizia se la destinazione era l\u2019Italia;<\/li>\n<li>il Consolato italiano pi\u00f9 vicino se la destinazione del viaggio \u00e8 un Paese terzo.<\/li>\n<\/ul>\n<p>&nbsp;<\/p>\n<p><strong>DOMANDA DI RILASCIO DI ETD<\/strong><\/p>\n<p>La domanda di ETD deve essere presentata\u00a0all\u2019<strong>Ufficio passaporti del Consolato Generale a Lione<\/strong>:<\/p>\n<ul>\n<li>il formulario di domanda (verr\u00e0 stampato dall\u2019ufficio e firmato dall\u2019utente il giorno stesso dell\u2019appuntamento).<\/li>\n<li>Dichiarazione di smarrimento o furto del documento rilasciata (passaporto o carta d&#8217;identit\u00e0) dalle Autorit\u00e0 di Polizia locale (per maggiori informazioni sulle modalit\u00e0 di presentazione della denuncia in Francia: <a href=\"https:\/\/www.service-public.gouv.fr\/particuliers\/vosdroits\/R13630\" target=\"_blank\" rel=\"noopener\">https:\/\/www.service-public.gouv.fr\/particuliers\/vosdroits\/R13630<\/a>).\u00a0<u>Solo in caso di oggettiva impossibilit\u00e0<\/u> a sporgere denuncia presso gli Enti locali competenti, il Consolato pu\u00f2 acquisire la denuncia del connazionale, prima di procedere al rilascio del nuovo documento (modulo <a href=\"https:\/\/conslione.esteri.it\/wp-content\/uploads\/2026\/03\/denuncia-furto-smarrimento-passaporto.doc\" target=\"_blank\" rel=\"noopener\">denuncia furto o smarrimento passaporto<\/a> o<a href=\"https:\/\/conslione.esteri.it\/wp-content\/uploads\/2026\/03\/Denuncia-di-furto-o-smarrimento-della-carta-didentita.doc\" target=\"_blank\" rel=\"noopener\"> modulo denuncia smarrimento &#8211; furto carta d&#8217;identit\u00e0<\/a>).<\/li>\n<li>2 fotografie conformi alle\u00a0<strong><u><a href=\"https:\/\/www.esteri.it\/it\/servizi-consolari-e-visti\/italiani-all-estero\/documenti_di_viaggio\/linee-guida-foto-icao\/\" target=\"_blank\" rel=\"noopener\">norme ICAO<\/a><\/u><\/strong>;<\/li>\n<li>il biglietto del viaggio prenotato;<\/li>\n<li>la fotocopia del documento smarrito\/rubato oppure di altro documento di riconoscimento equivalente (es. patente).<\/li>\n<\/ul>\n<p>ATTENZIONE: in assenza di documenti di riconoscimento in originale, potrebbe essere necessaria la presenza di due testimoni estranei alla famiglia muniti di proprio documento per attestare l\u2019identit\u00e0 del richiedente.<\/p>\n<p><strong>Per il rilascio di ETD a minori di anni 14 che viaggiano non accompagnati<\/strong> \u00e8 necessario presentare inoltre:<\/p>\n<ul>\n<li>la <strong><a href=\"https:\/\/conslione.esteri.it\/wp-content\/uploads\/2025\/12\/Formulario_dichiarazione_di_accompagnamento.pdf\" target=\"_blank\" rel=\"noopener\"><u>dichiarazione di accompagnamento<\/u><\/a>\u00a0<\/strong><\/li>\n<\/ul>\n<p>&nbsp;<\/p>\n<p><strong>FORMULARI DA SCARICARE:<br \/>\n<a href=\"https:\/\/conslione.esteri.it\/wp-content\/uploads\/2025\/12\/Formulario_dichiarazione_di_accompagnamento.pdf\" target=\"_blank\" rel=\"noopener\"><u>Domanda di dichiarazione di accompagnamento per minore\u00a0<\/u><\/a><br \/>\n<a href=\"https:\/\/conslione.esteri.it\/wp-content\/uploads\/2025\/12\/denuncia-furto-smarrimento-passaporto.doc\" target=\"_blank\" rel=\"noopener\"><u>Denuncia smarrimento\/furto passaporto<\/u><\/a><\/strong><\/p>\n<p><a href=\"https:\/\/conslione.esteri.it\/wp-content\/uploads\/2025\/12\/Denuncia-di-furto-o-smarrimento-della-carta-didentita.doc\" target=\"_blank\" rel=\"noopener\"><span style=\"text-decoration: underline;\"><strong>Denuncia smarrimento\/furto carta d&#8217;identit\u00e0<\/strong><\/span><\/a><\/p>\n<p>&nbsp;<\/p>\n<p><strong>CONTATTI<\/strong><\/p>\n<p>Per contattare l\u2019ufficio scrivere all\u2019indirizzo di posta elettronica: <a href=\"mailto:passaporti.lione@esteri.it\">passaporti.lione@esteri.it<\/a>.<br \/>\nPer contattare telefonicamente un operatore, vi preghiamo di rispettare i seguenti orari:<\/p>\n<ul>\n<li>dal luned\u00ec al gioved\u00ec dalle ore 14 alle ore 15<\/li>\n<\/ul>\n<p>Telefono: 04 72 82 38 12 \/ 04 72 82 38 14.<\/p>\n","protected":false},"excerpt":{"rendered":"L\u2019Emergency Travel Document (ETD) \u00e8 un documento di emergenza gratuito che pu\u00f2 essere rilasciato limitatamente ad un solo viaggio verso lo Stato membro di cui il richiedente \u00e8 cittadino, verso il suo Paese di residenza permanente o, eccezionalmente, verso un\u2019altra destinazione. Gli Uffici consolari possono rilasciare, in presenza di una delle condizioni di cui all\u2019art. [&hellip;]","protected":false},"author":3,"featured_media":0,"parent":69,"menu_order":6,"comment_status":"closed","ping_status":"closed","template":"","meta":{"footnotes":""},"class_list":["post-158","page","type-page","status-publish","hentry"],"_links":{"self":[{"href":"https:\/\/conslione.esteri.it\/it\/wp-json\/wp\/v2\/pages\/158","targetHints":{"allow":["GET"]}}],"collection":[{"href":"https:\/\/conslione.esteri.it\/it\/wp-json\/wp\/v2\/pages"}],"about":[{"href":"https:\/\/conslione.esteri.it\/it\/wp-json\/wp\/v2\/types\/page"}],"author":[{"embeddable":true,"href":"https:\/\/conslione.esteri.it\/it\/wp-json\/wp\/v2\/users\/3"}],"replies":[{"embeddable":true,"href":"https:\/\/conslione.esteri.it\/it\/wp-json\/wp\/v2\/comments?post=158"}],"version-history":[{"count":4,"href":"https:\/\/conslione.esteri.it\/it\/wp-json\/wp\/v2\/pages\/158\/revisions"}],"predecessor-version":[{"id":5352,"href":"https:\/\/conslione.esteri.it\/it\/wp-json\/wp\/v2\/pages\/158\/revisions\/5352"}],"up":[{"embeddable":true,"href":"https:\/\/conslione.esteri.it\/it\/wp-json\/wp\/v2\/pages\/69"}],"wp:attachment":[{"href":"https:\/\/conslione.esteri.it\/it\/wp-json\/wp\/v2\/media?parent=158"}],"curies":[{"name":"wp","href":"https:\/\/api.w.org\/{rel}","templated":true}]}}