{"id":159,"date":"2023-01-24T20:49:33","date_gmt":"2023-01-24T19:49:33","guid":{"rendered":"https:\/\/conslione.esteri.it?page_id=159"},"modified":"2023-02-07T16:54:26","modified_gmt":"2023-02-07T15:54:26","slug":"autoveicoli-e-patenti-di-guida","status":"publish","type":"page","link":"https:\/\/conslione.esteri.it\/it\/servizi-consolari-e-visti\/servizi-per-il-cittadino-italiano\/autoveicoli-e-patenti-di-guida\/","title":{"rendered":"Autoveicoli e Patenti di guida"},"content":{"rendered":"<ul>\n<li><strong>PATENTI DI GUIDA<\/strong><\/li>\n<\/ul>\n<p><strong>Cittadini italiani residenti in Francia<\/strong><\/p>\n<p>In conformit\u00e0 con la vigente normativa europea (Direttiva Europea 91\/439\/CEE del 21\/07\/1991) e le disposizioni nazionali in materia (Circolare del Ministero delle Infrastrutture e dei Trasporti n. 30 del 21 maggio 1999), i cittadini italiani residenti all\u2019estero in un paese dell\u2019Unione Europea e che sono regolarmente iscritti all&#8217;Anagrafe Italiani Residenti all&#8217;Estero (AIRE) devono rivolgersi, in vista del rinnovo della loro patente, esclusivamente alle autorit\u00e0 del Paese di residenza che provvederanno alla conversione della stessa.<\/p>\n<p>Di conseguenza, se il cittadino italiano \u00e8 stabilmente residente in Francia, potr\u00e0 rinnovare la sua patente presso le autorit\u00e0 francesi competenti per il luogo di residenza. Se invece non \u00e8 iscritto all&#8217;AIRE e, pur trascorrendo alcuni periodi all\u2019estero, ha mantenuto la propria residenza in Italia, egli dovr\u00e0 rivolgersi all\u2019Ufficio della Motorizzazione che in Italia ne ha effettuato il rilascio (e non in Consolato).<\/p>\n<p>In qualsiasi momento i cittadini italiani residenti in Francia possono richiedere alle autorit\u00e0 francesi la conversione della loro patente in corso di validit\u00e0 (\u201c\u00e9change du permis\u201d, ovvero il ritiro della patente italiana e il rilascio contestuale di una patente francese equivalente \u2013 Codice della strada Art. R222-2) oppure di ottenerne la registrazione (\u201cenregistrement\u201d, ovvero la consegna di un attestato di conformit\u00e0 alla patente francese equivalente \u2013 Codice della strada Art. R222-1).<\/p>\n<p>Per le modalit\u00e0 di richiesta della conversione, si invita a consultare attentamente il seguente sito istituzionale \u201cService Public\u201d :\u00a0<a href=\"http:\/\/www.service-public.fr\/\">www.service-public.fr<\/a><\/p>\n<p>Nel caso in cui le autorit\u00e0 francesi avessero dei dubbi sull\u2019autenticit\u00e0 della patente di guida da convertire o registrare, sono esse stesse che dovranno farsi carico della verifica con le autorit\u00e0 italiane che hanno emesso il documento (\u201cArr\u00eat\u00e9 du 8 f\u00e9vrier 1999 fixant les conditions de reconnaissance et d\u2019\u00e9change des permis de conduire d\u00e9livr\u00e9s par les Etats appartenent \u00e0 l\u2019Union europ\u00e9enne et \u00e0 l\u2019Espace \u00e9conomique \u00e9europ\u00e9en\u201d, art. 8).<\/p>\n<p>Invece, in caso di furto o smarrimento del titolo di guida italiano, le autorit\u00e0 francesi richiedono al diretto interessato un\u2019attestazione di possesso (certificato di titolarit\u00e0) che dovr\u00e0 essere rilasciata dalla motorizzazione civile italiana. Insieme ad una denuncia di furto o smarrimento, la suddetta attestazione consente di guidare in Francia per un periodo di massimo 2 mesi.<\/p>\n<p>In ogni caso, il Ministero delle Infrastrutture e dei Trasporti ha precisato con apposita Circolare del 19\/02\/2015 che \u201cLa competenza a rilasciare l\u2019attestato richiesto dall\u2019utente \u00e8 esclusivamente degli Uffici della Motorizzazione Civile\u201d, secondo le modalit\u00e0 descritte nella Circolare stessa. Pertanto questo Consolato Generale non \u00e8 abilitato al rilascio di attestati relativi alle patenti.<\/p>\n<p><strong>Cittadini italiani temporaneamente in Francia<\/strong><\/p>\n<p>I cittadini italiani che si trovano temporaneamente in Francia, possono liberamente circolare sul territorio, purch\u00e9 muniti di una patente di Unione Europea. Ci\u00f2 ai sensi della Direttiva CEE 91\/439 la quale riconosce la validit\u00e0 di una patente di guida rilasciata da un Paese membro U.E..<\/p>\n<ul>\n<li><strong>ESPORTAZIONE AUTOVEICOLI<\/strong><\/li>\n<\/ul>\n<p>Per esportare definitivamente un veicolo all&#8217;estero bisogna richiedere al Pubblico Registro Automobilistico (PRA) la &#8220;Cessazione della circolazione per esportazione&#8221;.<\/p>\n<p>Si informa che dal 1\u00b0 gennaio 2020, con l\u2019entrata in vigore delle modifiche all\u2019art. 103 Codice della Strada, sono previsti nuovi adempimenti per chi intende esportare definitivamente all\u2019estero veicoli immatricolati in Italia.<\/p>\n<p>Infatti, occorrer\u00e0 preventivamente cancellare il veicolo dall\u2019Archivio Nazionale dei Veicoli e dal Pubblico registro automobilistico (PRA), procedura che sar\u00e0 possibile solo a condizione che il veicolo sia stato sottoposto a revisione, con esito positivo, in data non anteriore a sei mesi rispetto alla data in cui si chiede la cancellazione stessa. In caso contrario, il veicolo dovr\u00e0 essere revisionato per poi poter essere cancellato dagli archivi.<\/p>\n<p>Solo per i veicoli esportati entro il 31 dicembre 2019, sar\u00e0 ancora ammessa la possibilit\u00e0 di richiedere la cancellazione successivamente alla effettiva re-immatricolazione all\u2019estero &#8211; per il tramite degli Uffici Consolari italiani all\u2019estero &#8211; allegando copia della carta di circolazione estera rilasciata in data anteriore al 1\u00b0 gennaio 2020.<\/p>\n<p>A partire invece dal 1\u00b0 gennaio 2020 la radiazione dovr\u00e0 essere richiesta prima che il veicolo venga esportato.<\/p>\n<p>In conseguenza quindi delle nuove modalit\u00e0, a partire dal 01 gennaio 2020, i cittadini italiani che si trasferiscono all\u2019estero non potranno pi\u00f9 richiedere la radiazione del veicolo dal PRA per esportazione tramite l\u2019ufficio consolare.<\/p>\n<p>Per maggiori info si invita a consultare\u00a0<a href=\"https:\/\/www.mit.gov.it\/comunicazione\/news\/nuove-procedure-per-esportazione-veicoli-immatricolati-italia\">http:\/\/www.mit.gov.it\/comunicazione\/news\/documento-unico-circolazione\/nuove-procedure-per-esportazione-veicoli<\/a><\/p>\n<p>Maggiori dettagli e i principali riferimenti normativi sono disponibili sul sito internet del Ministero degli Affari Esteri alla seguente pagina:<\/p>\n<p>\u25ba\u00a0<a href=\"https:\/\/www.esteri.it\/it\/servizi-consolari-e-visti\/italiani-all-estero\/autoveicoli_e_patenti\/patenteguida\/\">http:\/\/www.esteri.it\/MAE\/IT\/Italiani_nel_Mondo\/ServiziConsolari\/Autoveicoli_e_Patenti\/<\/a><\/p>\n","protected":false},"excerpt":{"rendered":"PATENTI DI GUIDA Cittadini italiani residenti in Francia In conformit\u00e0 con la vigente normativa europea (Direttiva Europea 91\/439\/CEE del 21\/07\/1991) e le disposizioni nazionali in materia (Circolare del Ministero delle Infrastrutture e dei Trasporti n. 30 del 21 maggio 1999), i cittadini italiani residenti all\u2019estero in un paese dell\u2019Unione Europea e che sono regolarmente iscritti [&hellip;]","protected":false},"author":3,"featured_media":0,"parent":69,"menu_order":26,"comment_status":"closed","ping_status":"closed","template":"","meta":{"footnotes":""},"class_list":["post-159","page","type-page","status-publish","hentry"],"_links":{"self":[{"href":"https:\/\/conslione.esteri.it\/it\/wp-json\/wp\/v2\/pages\/159","targetHints":{"allow":["GET"]}}],"collection":[{"href":"https:\/\/conslione.esteri.it\/it\/wp-json\/wp\/v2\/pages"}],"about":[{"href":"https:\/\/conslione.esteri.it\/it\/wp-json\/wp\/v2\/types\/page"}],"author":[{"embeddable":true,"href":"https:\/\/conslione.esteri.it\/it\/wp-json\/wp\/v2\/users\/3"}],"replies":[{"embeddable":true,"href":"https:\/\/conslione.esteri.it\/it\/wp-json\/wp\/v2\/comments?post=159"}],"version-history":[{"count":0,"href":"https:\/\/conslione.esteri.it\/it\/wp-json\/wp\/v2\/pages\/159\/revisions"}],"up":[{"embeddable":true,"href":"https:\/\/conslione.esteri.it\/it\/wp-json\/wp\/v2\/pages\/69"}],"wp:attachment":[{"href":"https:\/\/conslione.esteri.it\/it\/wp-json\/wp\/v2\/media?parent=159"}],"curies":[{"name":"wp","href":"https:\/\/api.w.org\/{rel}","templated":true}]}}