{"id":1677,"date":"2023-11-20T14:19:53","date_gmt":"2023-11-20T13:19:53","guid":{"rendered":"https:\/\/conslione.esteri.it\/?page_id=1677"},"modified":"2025-12-30T11:42:40","modified_gmt":"2025-12-30T10:42:40","slug":"festivita-2024","status":"publish","type":"page","link":"https:\/\/conslione.esteri.it\/it\/chi-siamo\/gli-uffici\/festivita-2024\/","title":{"rendered":"Festivit\u00e0 2026"},"content":{"rendered":"<p><strong>Calendario delle festivit\u00e0 osservate nel 2026<\/strong><\/p>\n<p>Gioved\u00ec 1 gennaio 2026 (Capodanno)<\/p>\n<p>Luned\u00ec 6 aprile (Luned\u00ec dell\u2019Angelo)<\/p>\n<p>Venerd\u00ec 1\u00b0 maggio (Festa del Lavoro)<\/p>\n<p>Venerd\u00ec 8 maggio (Festa francese per Vittoria Seconda Guerra Mondiale)<\/p>\n<p>Gioved\u00ec 14 maggio (Ascensione)<\/p>\n<p>Marted\u00ec 02 giugno (Festa della Repubblica italiana)<\/p>\n<p>Marted\u00ec 14 luglio (Festa nazionale francese)<\/p>\n<p>Sabato 15 agosto (Assunzione)<\/p>\n<p>Sabato 1 novembre (Ognissanti)<\/p>\n<p>Venerd\u00ec 25 dicembre (Natale)<\/p>\n<p>Sabato 26 dicembre (Santo Stefano)<\/p>\n<p>Venerd\u00ec\u2019 1 gennaio 2027 (Capodanno)<\/p>\n","protected":false},"excerpt":{"rendered":"Calendario delle festivit\u00e0 osservate nel 2026 Gioved\u00ec 1 gennaio 2026 (Capodanno) Luned\u00ec 6 aprile (Luned\u00ec dell\u2019Angelo) Venerd\u00ec 1\u00b0 maggio (Festa del Lavoro) Venerd\u00ec 8 maggio (Festa francese per Vittoria Seconda Guerra Mondiale) Gioved\u00ec 14 maggio (Ascensione) Marted\u00ec 02 giugno (Festa della Repubblica italiana) Marted\u00ec 14 luglio (Festa nazionale francese) Sabato 15 agosto (Assunzione) Sabato 1 [&hellip;]","protected":false},"author":5,"featured_media":0,"parent":68,"menu_order":0,"comment_status":"closed","ping_status":"closed","template":"","meta":{"footnotes":""},"class_list":["post-1677","page","type-page","status-publish","hentry"],"_links":{"self":[{"href":"https:\/\/conslione.esteri.it\/it\/wp-json\/wp\/v2\/pages\/1677","targetHints":{"allow":["GET"]}}],"collection":[{"href":"https:\/\/conslione.esteri.it\/it\/wp-json\/wp\/v2\/pages"}],"about":[{"href":"https:\/\/conslione.esteri.it\/it\/wp-json\/wp\/v2\/types\/page"}],"author":[{"embeddable":true,"href":"https:\/\/conslione.esteri.it\/it\/wp-json\/wp\/v2\/users\/5"}],"replies":[{"embeddable":true,"href":"https:\/\/conslione.esteri.it\/it\/wp-json\/wp\/v2\/comments?post=1677"}],"version-history":[{"count":4,"href":"https:\/\/conslione.esteri.it\/it\/wp-json\/wp\/v2\/pages\/1677\/revisions"}],"predecessor-version":[{"id":4663,"href":"https:\/\/conslione.esteri.it\/it\/wp-json\/wp\/v2\/pages\/1677\/revisions\/4663"}],"up":[{"embeddable":true,"href":"https:\/\/conslione.esteri.it\/it\/wp-json\/wp\/v2\/pages\/68"}],"wp:attachment":[{"href":"https:\/\/conslione.esteri.it\/it\/wp-json\/wp\/v2\/media?parent=1677"}],"curies":[{"name":"wp","href":"https:\/\/api.w.org\/{rel}","templated":true}]}}