{"id":2325,"date":"2024-09-02T15:59:06","date_gmt":"2024-09-02T13:59:06","guid":{"rendered":"https:\/\/conslione.esteri.it\/?page_id=2325"},"modified":"2026-03-24T14:50:42","modified_gmt":"2026-03-24T13:50:42","slug":"come-iscriversi-allaire-fast-it","status":"publish","type":"page","link":"https:\/\/conslione.esteri.it\/it\/servizi-consolari-e-visti\/servizi-per-il-cittadino-italiano\/anagrafe-degli-italiani-residenti-allestero-aire\/come-iscriversi-allaire-fast-it\/","title":{"rendered":"Come iscriversi all\u2019AIRE \u2013 FAST IT"},"content":{"rendered":"<p>L\u2019iscrizione A.I.R.E. si richiede\u00a0<strong>tramite il\u00a0<a href=\"https:\/\/serviziconsolari.esteri.it\/ScoFE\/index.sco\" target=\"_blank\" rel=\"noopener\">portale FAST IT<\/a><\/strong>\u00a0(Farnesina Servizi Telematici per Italiani all\u2019estero) dopo essersi registrato nel sistema.\u00a0<strong><em>La procedura \u00e8 illustrata in un\u00a0<a href=\"https:\/\/www.instagram.com\/reel\/C2-Mai-ChU7\/?igsh=MWNobzBwMTNrc2kxOQ%3D%3D\"><u>video tutorial<\/u><\/a><\/em><\/strong><em>.<\/em><\/p>\n<p><strong>La creazione dell\u2019account nel portale FAST IT (<\/strong>la procedura \u00e8 illustrata nel seguente <strong><a href=\"https:\/\/www.instagram.com\/reel\/C1ZD9h8I4hj\/?igsh=MXA1anJvaGozeWM5OA%3D%3D\">video tutorial<\/a>)<\/strong>\u00a0<strong>non comporta l\u2019iscrizione all\u2019A.I.R.E.<\/strong>\u00a0Una volta creato l\u2019account \u00e8 necessario avviare la pratica selezionando \u201cAnagrafe Consolare e A.I.R.E.\u201d (icona della pennetta) e poi cliccare su \u201cRichiedere l\u2019iscrizione all\u2019Anagrafe degli Italiani all\u2019Estero\u201d.<\/p>\n<p>Questa procedura permette al cittadino di richiedere l\u2019iscrizione compilando on-line il relativo modello, che va comunque\u00a0<strong>firmato a mano<\/strong> allegando il documento d\u2019identit\u00e0 e una prova di residenza in formato elettronico, preferibilmente PDF.<\/p>\n<p><strong>IMPORTANTE: la registrazione dell\u2019account FAST IT deve essere fatta con il cognome ed il nome riportato\/i sul documento d\u2019identit\u00e0 italiano, pena il rifiuto della pratica. Non devono essere quindi omesse o aggiunte parti del cognome o del nome.<\/strong><\/p>\n<p><strong>FAST IT: DOCUMENTI RICHIESTI PER L\u2019ISCRIZIONE A.I.R.E.<\/strong><\/p>\n<p>L\u2019iscrizione si considera completa quando si caricano i\u00a0<strong>tre documenti richiesti<\/strong>\u00a0nella piattaforma FAST IT e si inoltra la pratica, la quale deve avere come stato \u201cPresentata\u201d. La mancanza di uno dei tre documenti comporter\u00e1 il\u00a0<strong>rigetto<\/strong>\u00a0della richiesta A.I.R.E. e sar\u00e1 necessario presentare una nuova pratica A.I.R.E. completa. Per vedere il formato da usare per tali documenti leggere i consigli di utilizzo della piattaforma sotto riportati.<\/p>\n<p><span style=\"text-decoration: underline;\"><strong>1. Modulo di richiesta<\/strong><\/span><\/p>\n<p>Il modulo di iscrizione si compila on-line e\u00a0 viene generato automaticamente dal sistema allo step 6. Per la firma del modulo esistono due possibilit\u00e0:<\/p>\n<p>a) stampare la domanda su carta,\u00a0<strong>firmarla a penna<\/strong>, e successivamente fare la scansione in formato PDF<br \/>\nb) firmare il modulo \u2013 senza stamparlo \u2013 con la\u00a0<strong>firma digitale SPID<\/strong>;<\/p>\n<p>Ciascun componente il nucleo familiare maggiorenne dovr\u00e0 firmare il modulo di richiesta.<\/p>\n<p><span style=\"text-decoration: underline; color: #ff0000;\"><strong>In presenza di figli minori il modulo dovr\u00e0 essere firmato da entrambi i genitori (in alternativa \u00e8 necessario allegare la copia della sentenza del Tribunale che sancisce la patria potest\u00e0 ESCLUSIVA\u00a0 a un genitore)<\/strong><\/span><\/p>\n<p><strong><span style=\"text-decoration: underline;\">2. Documento d\u2019identit\u00e0<\/span><br \/>\n<\/strong><\/p>\n<p>Fotocopia del passaporto italiano (delle sole pagine che indicano i dati e l\u2019Ente che lo ha rilasciato) e\/o della carta d\u2019identit\u00e0 italiana (fronte e retro del documento). In mancanza di documenti italiani, sar\u00e0 accettato un documento di identit\u00e0 straniero completo di tutte le generalit\u00e0. In presenza di pi\u00f9 membri del nucleo famigliare vanno allegati i documenti di identit\u00e0 di tutti i componenti, italiani e stranieri.<\/p>\n<p><strong>**SOLO per i cittadini nati fuori dall&#8217;Italia<\/strong>: allegare anche una fotocopia dell&#8217;atto di nascita rilasciato dal Comune italiano di pertinenza, oppure della carta d&#8217;identit\u00e0 con gli estremi della trascrizione.<\/p>\n<p><span style=\"text-decoration: underline;\"><strong>3. Prova di residenza<\/strong><\/span><\/p>\n<p>Documento\u00a0 recente comprovante la residenza degli interessati nella circoscrizione consolare di Lione(lettera ricevuta per posta a proprio nome dai seguenti Enti: Assurance maladie, Mutuelle, Caf, Banca, Assicurazione, Tr\u00e9sor Public, France Travail oppure Enti di gestione forniture elettriche, gas, telefono). NON saranno accettati le autocertificazioni e\/o le dichiarazioni di \u201ch\u00e9bergement. Il nuovo indirizzo deve essere chiaramente indicato nel campo del destinatario della lettera (e non solo nel corpo della stessa).<\/p>\n<p>Se non si \u00e8 in possesso di almeno una delle prove di cui sopra non sar\u00e0 possibile procedere all\u2019iscrizione A.I.R.E.:\u00a0<strong>la presentazione di tale prova \u00e8 infatti obbligatoria<\/strong>.<\/p>\n<p>Il Consolato, verificata la validit\u00e0 dei documenti ricevuti, provveder\u00e0 ad inserire i dati nei propri schedari consolari e a darne comunicazione al Comune italiano competente (comune di ultima residenza dell\u2019interessato oppure, in caso di nascita e residenza continuativa all\u2019estero, comune di ultima residenza dei genitori od antenati).<\/p>\n<p><strong><u>Sar\u00e0 cura del Comune italiano notificare direttamente agli interessati l\u2019avvenuta iscrizione nei propri registri AIRE .<\/u><\/strong><\/p>\n<p><strong><u>In caso di non ricezione della notifica, qualora lo Status della domanda presentata tramite Fast-it indichi \u201cTrasmessa al Comune di \u2026.) il connazionale potr\u00e0 contattare il Comune indicato per ottenere informazioni in merito alla conclusione della procedura di iscrizione.<\/u><\/strong><\/p>\n<p>&nbsp;<\/p>\n<ul>\n<li><em>In caso di difficolt\u00e0 \u00e8 possibile farci pervenire il <a href=\"https:\/\/conslione.esteri.it\/wp-content\/uploads\/2023\/10\/MODULO-AIRE-ISCRIZIONE.pdf\">modulo di richiesta<\/a> e tutta la documentazione necessaria tramite posta ordinaria<\/em><\/li>\n<\/ul>\n<p>&nbsp;<\/p>\n<p><strong>Contatti Ufficio AIRE<\/strong><\/p>\n<p>E-mail: aire.lione@esteri.it<\/p>\n<p>Tel.: 04 72 82 38 22<\/p>\n<p>(L&#8217;ufficio risponde dal luned\u00ec al gioved\u00ec dalle 12:00 alle 13:00 e dalle 15:00 alle 16:00 e il venerd\u00ec dalle 12:00 alle 13:00)<\/p>\n","protected":false},"excerpt":{"rendered":"L\u2019iscrizione A.I.R.E. si richiede\u00a0tramite il\u00a0portale FAST IT\u00a0(Farnesina Servizi Telematici per Italiani all\u2019estero) dopo essersi registrato nel sistema.\u00a0La procedura \u00e8 illustrata in un\u00a0video tutorial. La creazione dell\u2019account nel portale FAST IT (la procedura \u00e8 illustrata nel seguente video tutorial)\u00a0non comporta l\u2019iscrizione all\u2019A.I.R.E.\u00a0Una volta creato l\u2019account \u00e8 necessario avviare la pratica selezionando \u201cAnagrafe Consolare e A.I.R.E.\u201d (icona [&hellip;]","protected":false},"author":7,"featured_media":0,"parent":160,"menu_order":2,"comment_status":"closed","ping_status":"closed","template":"","meta":{"footnotes":""},"class_list":["post-2325","page","type-page","status-publish","hentry"],"_links":{"self":[{"href":"https:\/\/conslione.esteri.it\/it\/wp-json\/wp\/v2\/pages\/2325","targetHints":{"allow":["GET"]}}],"collection":[{"href":"https:\/\/conslione.esteri.it\/it\/wp-json\/wp\/v2\/pages"}],"about":[{"href":"https:\/\/conslione.esteri.it\/it\/wp-json\/wp\/v2\/types\/page"}],"author":[{"embeddable":true,"href":"https:\/\/conslione.esteri.it\/it\/wp-json\/wp\/v2\/users\/7"}],"replies":[{"embeddable":true,"href":"https:\/\/conslione.esteri.it\/it\/wp-json\/wp\/v2\/comments?post=2325"}],"version-history":[{"count":6,"href":"https:\/\/conslione.esteri.it\/it\/wp-json\/wp\/v2\/pages\/2325\/revisions"}],"predecessor-version":[{"id":5388,"href":"https:\/\/conslione.esteri.it\/it\/wp-json\/wp\/v2\/pages\/2325\/revisions\/5388"}],"up":[{"embeddable":true,"href":"https:\/\/conslione.esteri.it\/it\/wp-json\/wp\/v2\/pages\/160"}],"wp:attachment":[{"href":"https:\/\/conslione.esteri.it\/it\/wp-json\/wp\/v2\/media?parent=2325"}],"curies":[{"name":"wp","href":"https:\/\/api.w.org\/{rel}","templated":true}]}}