{"id":2436,"date":"2024-09-04T14:16:44","date_gmt":"2024-09-04T12:16:44","guid":{"rendered":"https:\/\/conslione.esteri.it\/?page_id=2436"},"modified":"2026-02-10T15:59:14","modified_gmt":"2026-02-10T14:59:14","slug":"morte","status":"publish","type":"page","link":"https:\/\/conslione.esteri.it\/it\/servizi-consolari-e-visti\/servizi-per-il-cittadino-italiano\/stato-civile\/morte\/","title":{"rendered":"Morte"},"content":{"rendered":"<p>In caso di decesso all\u2019estero di un cittadino italiano, i familiari sono tenuti ad inviare a questo Consolato Generale l\u2019<strong>estratto dell\u2019atto di decesso su formulario plurilingue<\/strong> (rilasciato dalla Mairie).<br \/>\nQuesto Consolato Generale curer\u00e0 l\u2019invio dell\u2019atto al Comune italiano.<\/p>\n<p>&nbsp;<\/p>\n<p><strong>Contatti ufficio Stato Civile<\/strong><\/p>\n<p>E-mail: <a href=\"mailto:consgenlione.statocivile@esteri.it\">consgenlione.statocivile@esteri.it<\/a><\/p>\n<p>Tel.: 04 72 82 13 08<\/p>\n<p>(L&#8217;ufficio risponde dal luned\u00ec al gioved\u00ec dalle 12:00 alle 13:00 e dalle 15:00 alle 16:00 e il venerd\u00ec dalle 12:00 alle 13:00)<\/p>\n","protected":false},"excerpt":{"rendered":"In caso di decesso all\u2019estero di un cittadino italiano, i familiari sono tenuti ad inviare a questo Consolato Generale l\u2019estratto dell\u2019atto di decesso su formulario plurilingue (rilasciato dalla Mairie). Questo Consolato Generale curer\u00e0 l\u2019invio dell\u2019atto al Comune italiano. &nbsp; Contatti ufficio Stato Civile E-mail: consgenlione.statocivile@esteri.it Tel.: 04 72 82 13 08 (L&#8217;ufficio risponde dal luned\u00ec [&hellip;]","protected":false},"author":7,"featured_media":0,"parent":157,"menu_order":12,"comment_status":"closed","ping_status":"closed","template":"","meta":{"footnotes":""},"class_list":["post-2436","page","type-page","status-publish","hentry"],"_links":{"self":[{"href":"https:\/\/conslione.esteri.it\/it\/wp-json\/wp\/v2\/pages\/2436","targetHints":{"allow":["GET"]}}],"collection":[{"href":"https:\/\/conslione.esteri.it\/it\/wp-json\/wp\/v2\/pages"}],"about":[{"href":"https:\/\/conslione.esteri.it\/it\/wp-json\/wp\/v2\/types\/page"}],"author":[{"embeddable":true,"href":"https:\/\/conslione.esteri.it\/it\/wp-json\/wp\/v2\/users\/7"}],"replies":[{"embeddable":true,"href":"https:\/\/conslione.esteri.it\/it\/wp-json\/wp\/v2\/comments?post=2436"}],"version-history":[{"count":4,"href":"https:\/\/conslione.esteri.it\/it\/wp-json\/wp\/v2\/pages\/2436\/revisions"}],"predecessor-version":[{"id":5087,"href":"https:\/\/conslione.esteri.it\/it\/wp-json\/wp\/v2\/pages\/2436\/revisions\/5087"}],"up":[{"embeddable":true,"href":"https:\/\/conslione.esteri.it\/it\/wp-json\/wp\/v2\/pages\/157"}],"wp:attachment":[{"href":"https:\/\/conslione.esteri.it\/it\/wp-json\/wp\/v2\/media?parent=2436"}],"curies":[{"name":"wp","href":"https:\/\/api.w.org\/{rel}","templated":true}]}}