{"id":2982,"date":"2025-01-07T16:02:48","date_gmt":"2025-01-07T15:02:48","guid":{"rendered":"https:\/\/conslione.esteri.it\/?page_id=2982"},"modified":"2026-03-06T09:35:43","modified_gmt":"2026-03-06T08:35:43","slug":"cittadinanza-per-discendenza-cittadini-francesi","status":"publish","type":"page","link":"https:\/\/conslione.esteri.it\/it\/servizi-consolari-e-visti\/servizi-per-il-cittadino-straniero\/cittadinanza\/cittadinanza-per-discendenza-cittadini-francesi\/","title":{"rendered":"Cittadinanza per discendenza (cittadini francesi)"},"content":{"rendered":"<p>Il Consolato Generale d\u2019Italia a Lione \u00e8 l\u2019autorit\u00e0 competente in materia di riconoscimento di cittadinanza italiana <em>iure sanguinis<\/em> per i residenti nei seguenti dipartimenti:<\/p>\n<ul>\n<li>Ain (01), Ard\u00e8che (07), Dr\u00f4me (26), Is\u00e8re (38), Loira (42) e Rodano (69), Savoia (73) ed Alta Savoia (74) (<strong><u>Rodano-Alpi<\/u><\/strong>)<\/li>\n<li>Allier (03), Cantal (15), Haute-Loire (43) e Puy-de-D\u00f4me (63) (<strong><u>Alvernia<\/u><\/strong>)<\/li>\n<li>Corr\u00e8ze (19), Creuse (23) e Haute-Vienne (87) (<strong><u>Limousin<\/u><\/strong>)<\/li>\n<li>Ni\u00e8vre (58) e Sa\u00f4ne-et-Loire (71) (<strong><u>Borgogna<\/u><\/strong>)<\/li>\n<\/ul>\n<p>Come stabilito dal Decreto del Presidente del Consiglio dei Ministri n. 33 del 17\/01\/2014, in G.U. n. 64 del 18\/03\/2014, il procedimento per l\u2019accertamento del possesso della cittadinanza italiana sar\u00e0 concluso <strong>entro 36 mesi<\/strong>, dal momento della ricezione della documentazione completa.<\/p>\n<p style=\"text-align: center;\">**********************************<\/p>\n<p><strong>PRINCIPI GENERALI<\/strong><\/p>\n<p>Il nuovo regime normativo in vigore dal 28\/03\/2025 non prevede la<strong> trasmissione automatica<\/strong> della cittadinanza italiana per chi <strong>\u00e8 nato all\u2019estero ed \u00e8 <\/strong><strong>in<\/strong> <strong>possesso di altra\/e cittadinanza\/e<\/strong>, anche prima dell\u2019entrata in vigore delle nuove disposizioni.<\/p>\n<p>Pertanto, per le istanze presentate a partire dal 28\/03\/2025, le condizioni richieste per il riconoscimento della cittadinanza italiana sono:<\/p>\n<ul>\n<li>la dimostrazione della discendenza da un genitore o da un\/a nonno\/a italiani<\/li>\n<li>la prova dell\u2019assenza di interruzioni nella trasmissione della cittadinanza italiana<\/li>\n<li>il possesso dei requisiti introdotti dal nuovo art. 3-bis della legge n. 91\/1992 lettere a), a-bis), b), c) e d)<\/li>\n<\/ul>\n<p><strong>Importante <\/strong><\/p>\n<p>L\u2019 art. 3-bis della legge n. 91\/1992 <strong>limita i meccanismi esistenti di trasmissione automatica della cittadinanza italiana<\/strong>, non crea un nuovo meccanismo di trasmissione.<\/p>\n<p>Il richiedente dovr\u00e0 comprovare non solo la sussistenza del possesso della cittadinanza italiana, ma anche l\u2019insussistenza di interruzioni nella trasmissione della cittadinanza, in quanto non basta avere un\/a nonno\/a in possesso della sola cittadinanza italiana per ottenere il riconoscimento della cittadinanza italiana<em> iure sanguinis<\/em>, occorre altres\u00ec verificare che il richiedente sia figlio di padre o di madre in possesso della cittadinanza italiana (<em>anche se non \u00e8 stata riconosciuta<\/em>) in quanto la linea di discendenza non deve essere stata interrotta.<\/p>\n<p>&nbsp;<\/p>\n<p><strong><u>Il richiedente nato all\u2019estero e in possesso di altra\/e cittadinanze, potr\u00e0 essere riconosciuto cittadino italiano dalla nascita nei seguenti casi:<\/u><\/strong><\/p>\n<p>&nbsp;<\/p>\n<p><strong>Caso A<\/strong>&#8211; un genitore (anche adottivo) o un nonno che possiede <strong>esclusivamente<\/strong> la cittadinanza italiana alla data della nascita del richiedente, o possedeva <strong>esclusivamente<\/strong> la cittadinanza italiana al momento della morte se avvenuta prima della nascita dell\u2019interessato.<\/p>\n<p>Non sono ammesse autodichiarazioni relative al mancato possesso di altre cittadinanze.<\/p>\n<p><strong>Per conoscere la documentazione necessaria da produrre in originale vedere <span style=\"text-decoration: underline;\">alla fine della pagina corrente<\/span> (caso A).<\/strong><\/p>\n<p>&nbsp;<\/p>\n<p><strong>Caso B<\/strong>&#8211; un genitore (anche adottivo) cittadino italiano che \u00e8 stato residente in Italia per almeno due anni continuativi prima della data di nascita o di adozione del figlio.<\/p>\n<p><strong>Per conoscere la documentazione necessaria da produrre in originale vedere <span style=\"text-decoration: underline;\">alla fine della pagina corrente<\/span> (caso B).<\/strong><\/p>\n<p>&nbsp;<\/p>\n<p><strong>Attenzione <\/strong><\/p>\n<ul>\n<li>L\u2019acquisto volontario della cittadinanza francese da parte di un cittadino italiano maggiorenne ha comportato fino ad una data recente (<em>salvo caso specifico<\/em>) la perdita automatica della cittadinanza italiana, senza che sia necessaria una espressa rinuncia. La perdita della cittadinanza italiana coinvolge anche i figli minorenni, nonostante questi non abbiano espresso la volont\u00e0 di essere naturalizzati. Ne consegue quindi che\u00a0<strong>se l\u2019avo italiano si \u00e8 naturalizzato francese prima della nascita o durante la minore et\u00e0 del discendente successivo, si \u00e8 interrotta la trasmissione della cittadinanza e non si ha diritto al riconoscimento della cittadinanza italiana\u00a0<\/strong>(cfr. artt 8 e 12 Legge n.555\/1912 e Convenzione di Strasburgo 1963).<\/li>\n<li>La donna italiana trasmette la cittadinanza solo a partire dal <strong>01\/01\/1948<\/strong> (a determinate condizioni) e a parit\u00e0 dell&#8217;uomo, pienamente dal <strong>27\/04\/1983<\/strong>. La donna italiana coniugata con cittadino francese acquistava automaticamente la cittadinanza francese fino all\u201911\/01\/1973 e perdeva la cittadinanza italiana. <strong>Per maggiori informazioni sulla perdita della cittadinanza avvenuta tra il 01\/01\/1948 e il 11\/01\/1973 a seguito di matrimonio con cittadino francese e sul possibile riconoscimento del possesso ininterrotto della cittadinanza per la donna e per i suoi discendenti, si prega di consultare la sezione\u00a0<\/strong><a href=\"https:\/\/conslione.esteri.it\/it\/servizi-consolari-e-visti\/servizi-per-il-cittadino-straniero\/cittadinanza\/casi-particolari-cittadinanza\/\" target=\"_blank\" rel=\"noopener\"><strong>CASI PARTICOLARI<\/strong><\/a><strong>.<\/strong><\/li>\n<li>La Francia ha sempre riconosciuto un <strong>diritto del suolo<\/strong> <strong>condizionale<\/strong>, cio\u00e8 condizionato a determinati criteri (durata della residenza, luogo di nascita dei genitori, ecc.): <strong>se i genitori non sono cittadini francesi l\u2019acquisto della cittadinanza francese non \u00e8 automatico al momento della nascita su territorio francese<\/strong>. Ne consegue che per accertare la continuit\u00e0 nel possesso della cittadinanza italiana, potrebbe essere richiesta ulteriore documentazione dei discendenti dell\u2019avo italiano che attesti le modalit\u00e0 di acquisto della cittadinanza francese (es: copia del \u00abCertificat de nationalit\u00e9 fran\u00e7aise\u00bb, decreto di naturalizzazione, etc.).<\/li>\n<\/ul>\n<p style=\"text-align: center;\">********************************<\/p>\n<p><strong>INFORMAZIONI IN MERITO ALLA DOCUMENTAZIONE NECESSARIA<\/strong><\/p>\n<p>Tutti i documenti devono essere presentati in originale e non saranno restituiti, a prescindere dall\u2019esito dell\u2019istanza di riconoscimento.<\/p>\n<p>La ricerca della documentazione \u00e8 esclusivo onere del richiedente.<\/p>\n<p>L\u2019Ufficio Cittadinanza potr\u00e0 richiedere ulteriore documentazione qualora gli elementi a disposizione fossero ritenuti insufficienti per una corretta valutazione dell\u2019istanza di cittadinanza.<\/p>\n<p><strong>Discordanze tra gli atti presentati<\/strong><\/p>\n<p>In caso ci siano nomi, cognomi, date di nascita, et\u00e0 errati, altri errori, incongruenze e pi\u00f9 in generale mancanza di corrispondenze sugli atti di stato civile, queste discordanze vanno rettificate dall\u2019Autorit\u00e0 Straniera.<\/p>\n<p>&nbsp;<\/p>\n<p style=\"text-align: center;\">********************************<\/p>\n<p><strong>COSTI E INVIO DELLA DOMANDA<\/strong><\/p>\n<p>Per il trattamento della domanda di riconoscimento della cittadinanza italiana di persona maggiorenne \u00e8 dovuto un contributo previsto dalla legge che dal 01\/01\/2025 ammonta a\u00a0<strong>600\u20ac<\/strong>.<\/p>\n<p><strong>Si precisa che trattasi di un contributo di carattere obbligatorio richiesto dalla legge per la trattazione della pratica che non implica in alcun modo l\u2019esito positivo del procedimento<\/strong>.<\/p>\n<p>Il pagamento di diritti consolari dovr\u00e0 essere effettuato con bonifico bancario sul conto corrente intestato a questo Consolato Generale d\u2019Italia:<\/p>\n<p><strong>Bonifico bancario intestato a: <\/strong><\/p>\n<p>Consolato Generale d\u2019Italia \u201cBonifici per diritti consolari\u201d<\/p>\n<p>MONTE PASCHI BANQUE:<\/p>\n<p>IBAN FR76 3047 8000 1201 9112 3500 482<\/p>\n<p>BIC\/SWIFT MONTFRPPXXX<\/p>\n<p>\u00c8 obbligo indicare nella causale del bonifico:<\/p>\n<ul>\n<li>l\u2019intestatario della richiesta (se donna indicare il cognome da nubile) e<\/li>\n<li>la motivazione (Riconoscimento cittadinanza italiana).<\/li>\n<\/ul>\n<p>Le eventuali spese del bonifico sono a completo carico del richiedente.<\/p>\n<p>N.B. Non si accettano gli assegni.<\/p>\n<p>&nbsp;<\/p>\n<p>L\u2019istanza, compilata e firmata (la firma deve essere legalizzata presso la Mairie), corredata della completa documentazione in originale richiesta, nonch\u00e9 del giustificativo del bonifico bancario di 600\u20ac dovr\u00e0 essere inviata per posta a:<\/p>\n<p>CONSOLATO GENERALE D\u2019ITALIA<\/p>\n<p>Ufficio cittadinanza<\/p>\n<p>5 rue Commandant Faurax<\/p>\n<p>69006 LYON<\/p>\n<p style=\"text-align: center;\">*******************************<\/p>\n<p>&nbsp;<\/p>\n<p><strong><u>DOCUMENTAZIONE NECESSARIA<\/u><\/strong><strong><u> DA PRODURRE IN ORIGINALE<\/u><\/strong><\/p>\n<p><strong>CASO A<\/strong><\/p>\n<p><strong>GENITORE O NONNO ITALIANO ESCLUSIVAMENTE CITTADINO ITALIANO AL MOMENTO DELLA NASCITA DEL RICHIEDENTE (O AL MOMENTO DEL DECESSO, SE AVVENUTO PRIMA DELLA NASCITA DEL RICHIEDENTE)<\/strong><\/p>\n<p><strong>A.1\u00a0<\/strong>Nonno\/a esclusivamente cittadino\/a italiano\/a al momento della nascita del richiedente (o al momento del decesso se avvenuto prima della nascita del richiedente) (<a href=\"https:\/\/conslione.esteri.it\/wp-content\/uploads\/2025\/09\/Caso-A1-cittadinanza-iure-sanguinis.pdf\" target=\"_blank\" rel=\"noopener\">clicca qui<\/a>)<\/p>\n<p><strong>A.2\u00a0<\/strong>Genitore esclusivamente cittadino\/a italiano\/a al momento della nascita del richiedente (o al momento del decesso se avvenuto prima della nascita del richiedente) (<a href=\"https:\/\/conslione.esteri.it\/wp-content\/uploads\/2025\/09\/Caso-A2-cittadinanza-iure-sanguinis.pdf\" target=\"_blank\" rel=\"noopener\">clicca qui<\/a>)<\/p>\n<p>&nbsp;<\/p>\n<p><strong>CASO B<\/strong><\/p>\n<p><strong>GENITORE CITTADINO ITALIANO CHE \u00c8 STATO RESIDENTE IN ITALIA PER ALMENO DUE ANNI CONTINUATIVI PRIMA DELLA DATA DI NASCITA DEL FIGLIO<\/strong><\/p>\n<p><strong>B.1 <\/strong>Genitore cittadino italiano nato in Italia che \u00e8 stato residente in Italia per almeno due anni continuativi prima della data di nascita del figlio (<a href=\"https:\/\/conslione.esteri.it\/wp-content\/uploads\/2025\/09\/Caso-B1-cittadinanza-iure-sanguinis.pdf\" target=\"_blank\" rel=\"noopener\">clicca qui<\/a>)<\/p>\n<p><strong>B.2 <\/strong>Genitore italiano nato in Francia che ha risieduto in Italia per almeno due anni consecutivi prima della nascita del figlio (<a href=\"https:\/\/conslione.esteri.it\/wp-content\/uploads\/2025\/09\/Caso-B2-cittadinanza-iure-sanguinis.pdf\" target=\"_blank\" rel=\"noopener\">clicca qui<\/a>)<\/p>\n","protected":false},"excerpt":{"rendered":"Il Consolato Generale d\u2019Italia a Lione \u00e8 l\u2019autorit\u00e0 competente in materia di riconoscimento di cittadinanza italiana iure sanguinis per i residenti nei seguenti dipartimenti: Ain (01), Ard\u00e8che (07), Dr\u00f4me (26), Is\u00e8re (38), Loira (42) e Rodano (69), Savoia (73) ed Alta Savoia (74) (Rodano-Alpi) Allier (03), Cantal (15), Haute-Loire (43) e Puy-de-D\u00f4me (63) (Alvernia) Corr\u00e8ze [&hellip;]","protected":false},"author":7,"featured_media":0,"parent":165,"menu_order":2,"comment_status":"closed","ping_status":"closed","template":"","meta":{"footnotes":""},"class_list":["post-2982","page","type-page","status-publish","hentry"],"_links":{"self":[{"href":"https:\/\/conslione.esteri.it\/it\/wp-json\/wp\/v2\/pages\/2982","targetHints":{"allow":["GET"]}}],"collection":[{"href":"https:\/\/conslione.esteri.it\/it\/wp-json\/wp\/v2\/pages"}],"about":[{"href":"https:\/\/conslione.esteri.it\/it\/wp-json\/wp\/v2\/types\/page"}],"author":[{"embeddable":true,"href":"https:\/\/conslione.esteri.it\/it\/wp-json\/wp\/v2\/users\/7"}],"replies":[{"embeddable":true,"href":"https:\/\/conslione.esteri.it\/it\/wp-json\/wp\/v2\/comments?post=2982"}],"version-history":[{"count":6,"href":"https:\/\/conslione.esteri.it\/it\/wp-json\/wp\/v2\/pages\/2982\/revisions"}],"predecessor-version":[{"id":5296,"href":"https:\/\/conslione.esteri.it\/it\/wp-json\/wp\/v2\/pages\/2982\/revisions\/5296"}],"up":[{"embeddable":true,"href":"https:\/\/conslione.esteri.it\/it\/wp-json\/wp\/v2\/pages\/165"}],"wp:attachment":[{"href":"https:\/\/conslione.esteri.it\/it\/wp-json\/wp\/v2\/media?parent=2982"}],"curies":[{"name":"wp","href":"https:\/\/api.w.org\/{rel}","templated":true}]}}