{"id":2992,"date":"2025-01-07T16:12:44","date_gmt":"2025-01-07T15:12:44","guid":{"rendered":"https:\/\/conslione.esteri.it\/?page_id=2992"},"modified":"2026-03-06T09:36:23","modified_gmt":"2026-03-06T08:36:23","slug":"cittadinanza-per-discendenza-cittadini-non-francesi","status":"publish","type":"page","link":"https:\/\/conslione.esteri.it\/it\/servizi-consolari-e-visti\/servizi-per-il-cittadino-straniero\/cittadinanza\/cittadinanza-per-discendenza-cittadini-non-francesi\/","title":{"rendered":"Cittadinanza per discendenza (cittadini non francesi)"},"content":{"rendered":"<p>Il Consolato Generale d\u2019Italia a Lione \u00e8 l\u2019autorit\u00e0 competente in materia di riconoscimento di cittadinanza italiana <em>jure sanguinis<\/em> per i residenti nei seguenti dipartimenti:<\/p>\n<ul>\n<li>Ain (01), Ard\u00e8che (07), Dr\u00f4me (26), Is\u00e8re (38), Loira (42) e Rodano (69), Savoia (73) ed Alta Savoia (74) (<strong><u>Rodano-Alpi<\/u><\/strong>)<\/li>\n<li>Allier (03), Cantal (15), Haute-Loire (43) e Puy-de-D\u00f4me (63) (<strong><u>Alvernia<\/u><\/strong>)<\/li>\n<li>Corr\u00e8ze (19), Creuse (23) e Haute-Vienne (87) (<strong><u>Limousin<\/u><\/strong>)<\/li>\n<li>Ni\u00e8vre (58) e Sa\u00f4ne-et-Loire (71) (<strong><u>Borgogna<\/u><\/strong>)<\/li>\n<\/ul>\n<p>Come stabilito dal Decreto del Presidente del Consiglio dei Ministri n. 33 del 17\/01\/2014, in G.U. n. 64 del 18\/03\/2014, il procedimento per l\u2019accertamento del possesso della cittadinanza italiana sar\u00e0 concluso <strong>entro 36 mesi<\/strong>, dalla ricezione della documentazione completa.<\/p>\n<p><strong>I richiedenti provenienti da Paesi extra-Unione europea dovranno essere in possesso di regolare permesso di soggiorno francese di durata non inferiore ai 2 anni.<\/strong><\/p>\n<p>&nbsp;<\/p>\n<p style=\"text-align: center;\">********************************<\/p>\n<p>Il <strong>nuovo regime normativo<\/strong> in vigore dal 28\/03\/2025 <strong>non prevede<\/strong> la<strong> trasmissione automatica<\/strong> della cittadinanza italiana per chi <strong>\u00e8 nato all\u2019estero ed \u00e8 <\/strong><strong>in<\/strong> <strong>possesso di altra\/e cittadinanza\/e<\/strong>, anche prima dell\u2019entrata in vigore delle nuove disposizioni.<\/p>\n<p>Pertanto per le istanze presente a partire dal 28\/03\/2025, le condizioni richieste per il riconoscimento della cittadinanza italiana sono:<\/p>\n<ul>\n<li>la dimostrazione della discendenza da un genitore o da un\/a nonno\/a italiani<\/li>\n<li>la prova dell\u2019assenza di interruzioni nella trasmissione della cittadinanza italiana<\/li>\n<li>il possesso dei requisiti introdotti dal nuovo art. 3-bis della legge n. 91\/1992 lettere a), a-bis), b), c) e d).<\/li>\n<\/ul>\n<p>&nbsp;<\/p>\n<p style=\"text-align: center;\">**********************************<\/p>\n<p><strong><u>DOCUMENTAZIONE NECESSARIA\u00a0DA PRODURRE IN ORIGINALE<\/u><\/strong><\/p>\n<p>Il richiedente nato all\u2019estero e in possesso di altra\/e cittadinanza\/e, potr\u00e0 essere riconosciuto cittadino italiano dalla nascita nei seguenti casi:<\/p>\n<p><strong>CASO A:\u00a0<\/strong><strong>Un genitore (anche adottivo) o un nonno possiede <u>esclusivamente<\/u> la cittadinanza italiana al momento della nascita del richiedente (o possedeva esclusivamente la cittadinanza italiana al momento del decesso, se avvenuto prima della nascita del richiedente).<\/strong><\/p>\n<p>Non sono ammesse autodichiarazioni relative al mancato possesso di altre cittadinanze.<\/p>\n<p><strong>La documentazione <\/strong>necessaria da produrre<strong> in originale <\/strong>\u00e8 disponibile ai seguenti links:<\/p>\n<p><strong><a href=\"https:\/\/conslione.esteri.it\/wp-content\/uploads\/2026\/02\/Discendenza-non-francesi-CASO-A1-1.pdf\" target=\"_blank\" rel=\"noopener\">CASO A.1<\/a>: <\/strong>Nonno\/a esclusivamente cittadino\/a italiano\/a al momento della nascita del richiedente (o al momento del decesso se avvenuto prima della nascita del richiedente).<\/p>\n<p><strong><a href=\"https:\/\/conslione.esteri.it\/wp-content\/uploads\/2026\/02\/Discendenza-non-francesi-CASO-A2.pdf\" target=\"_blank\" rel=\"noopener\">CASO A.2<\/a>: <\/strong>Genitore esclusivamente cittadino\/a italiano\/a al momento della nascita del richiedente (o al momento del decesso se avvenuto prima della nascita del richiedente).<\/p>\n<p><strong>\u00a0<\/strong><\/p>\n<p><strong>CASO B:\u00a0<\/strong><strong>Un <a href=\"https:\/\/conslione.esteri.it\/wp-content\/uploads\/2026\/02\/Discendenza-non-francesi-CASO-A1.pdf\" target=\"_blank\" rel=\"noopener\">genitore<\/a> (anche adottivo) cittadino italiano che \u00e8 stato residente in Italia per almeno due anni continuativi prima della data di nascita o di adozione del figlio.<\/strong><\/p>\n<p><strong>La documentazione <\/strong>necessaria da produrre <strong>in originale <\/strong>\u00e8 disponibile ai seguenti links:<\/p>\n<p><strong><a href=\"https:\/\/conslione.esteri.it\/wp-content\/uploads\/2026\/02\/Discendenza-non-francesi-CASO-B1.pdf\" target=\"_blank\" rel=\"noopener\">CASO B.1<\/a>:\u00a0<\/strong>Genitore cittadino italiano nato in Italia che \u00e8 stato residente in Italia per almeno due anni continuativi prima della data di nascita del figlio.<\/p>\n<p><strong><a href=\"https:\/\/conslione.esteri.it\/wp-content\/uploads\/2026\/02\/Discendenza-non-francesi-CASO-B2.pdf\" target=\"_blank\" rel=\"noopener\">CASO B.2<\/a>: <\/strong>Genitore italiano nato all\u2019estero che ha risieduto in Italia per almeno due anni consecutivi prima della nascita del figlio.<\/p>\n<p>&nbsp;<\/p>\n<p><strong>INFORMAZIONI IN MERITO ALLA DOCUMENTAZIONE NECESSARIA<\/strong><\/p>\n<ul>\n<li>Tutti i documenti devono essere presentati in originale e non saranno restituiti, a prescindere dall\u2019esito dell\u2019istanza di riconoscimento.<\/li>\n<li>La ricerca della documentazione \u00e8 esclusivo onere del richiedente.<\/li>\n<li>L\u2019Ufficio Cittadinanza potr\u00e0 richiedere ulteriore documentazione qualora gli elementi a disposizione fossero ritenuti insufficienti per una corretta valutazione dell\u2019istanza di cittadinanza.<\/li>\n<\/ul>\n<p><strong>Discordanze tra gli atti presentati<\/strong><\/p>\n<p>In caso ci siano nomi, cognomi, date e luoghi di nascita, et\u00e0 errati, altri errori, incongruenze e pi\u00f9 in generale mancanza di corrispondenze sugli atti di stato civile, queste discordanze vanno rettificate dall\u2019Autorit\u00e0 Straniera.<\/p>\n<p>Il richiedente dovr\u00e0 comprovare non solo la sussistenza del possesso della cittadinanza italiana, ma anche l\u2019insussistenza di interruzioni nella trasmissione della cittadinanza, in quanto non basta avere un\/a nonno\/a in possesso della sola cittadinanza italiana per ottenere il riconoscimento della cittadinanza italiana iure sanguinis, occorre altres\u00ec verificare che il richiedente \u00e8 figlio di padre o di madre in possesso della cittadinanza italiana che se non \u00e8 stata riconosciuta.<\/p>\n<p>&nbsp;<\/p>\n<p><strong>Attenzione <\/strong><\/p>\n<ul>\n<li>L\u2019acquisto volontario della cittadinanza straniera da parte di un cittadino italiano maggiorenne ha comportato fino ad una data recente (<em>salvo caso specifico<\/em>) la perdita automatica della cittadinanza italiana, senza che sia necessaria una espressa rinuncia. La perdita della cittadinanza italiana coinvolge anche i figli minorenni, nonostante questi non abbiano espresso la volont\u00e0 di essere naturalizzati. Ne consegue quindi che <strong>se l\u2019avo italiano ha acquisito per naturalizzazione la cittadinanza del paese di residenza prima della nascita o durante la minore et\u00e0 del discendente successivo, si \u00e8 interrotta la trasmissione della cittadinanza e non si ha diritto al riconoscimento della cittadinanza italiana\u00a0<\/strong>(cfr. artt 8 e 12 Legge n.555\/1912 e Convenzione di Strasburgo 1963).<\/li>\n<li>Recepiti gli orientamenti della suprema Corte di Cassazione (Cass. Civ. Sez. I, ord. n.454\/2024 e n.17161\/2023)<strong>, la circolare 3 ottobre 2024 n.43347 del Ministero dell\u2019Interno<\/strong>, emanata in applicazione delle nuove linee interpretative dettate dal predetto organo giudiziario, <strong>chiarisce che il<\/strong> <strong>cittadino italiano che<\/strong> \u2013 in vigenza della norma del 1912 (e, prima ancora, del codice civile del 1865) \u2013 <strong>ha perso la cittadinanza italiana<\/strong> in conseguenza dell\u2019acquisto volontario della cittadinanza straniera, <strong>ha fatto contestualmente perdere il nostro status civitatis al figlio minore <\/strong>con lui convivente anche nell\u2019ipotesi in cui quest\u2019ultimo sia nato in un paese, come gli Stati Uniti, Argentina, Brasile, ecc\u2026..dove si applica lo <em>ius soli<\/em> (e che pertanto, alla nascita, risultava bipolide: italiano per derivazione paterna in base al principio dello iure sanguinis e straniero in base al luogo di nascita in applicazione del principio dello <em>ius soli<\/em>).<\/li>\n<li>La donna italiana trasmette la cittadinanza solo a partire dal <strong>01\/01\/1948<\/strong> (a determinate condizioni) e a parit\u00e0 dell&#8217;uomo, pienamente dal <strong>27\/04\/1983<\/strong>. La donna italiana coniugata con cittadino francese acquistava automaticamente la cittadinanza francese fino all\u201911\/01\/1973 e perdeva la cittadinanza italiana. <strong>Per maggiori informazioni sulla perdita della cittadinanza avvenuta tra il 01\/01\/1948 e il 11\/01\/1973 a seguito di matrimonio con cittadino francese e sul possibile riconoscimento del possesso ininterrotto della cittadinanza per la donna e per i suoi discendenti, si prega di consultare la sezione\u00a0<\/strong><a href=\"https:\/\/consparigi.esteri.it\/it\/servizi-consolari-e-visti\/servizi-per-il-cittadino-straniero\/cittadinanza\/casi-particolari\/\"><strong>CASI PARTICOLARI<\/strong><\/a><strong>.<\/strong><\/li>\n<\/ul>\n<p>&nbsp;<\/p>\n<p style=\"text-align: center;\">********************************<\/p>\n<p><strong>COSTI E MODALIT\u00c0 DI PAGAMENTO<\/strong><\/p>\n<p>Per il trattamento della domanda di riconoscimento della cittadinanza italiana di persona maggiorenne \u00e8 dovuto un contributo previsto dalla legge che dal 01\/01\/2025 ammonta a <strong>600\u20ac<\/strong>.<\/p>\n<p>Si precisa che trattasi di un<strong> contributo di carattere obbligatorio richiesto dalla legge per la trattazione della pratica che non implica in alcun modo l\u2019esito positivo del procedimento<\/strong>.<\/p>\n<p>I<strong> cittadini di Paesi extra-EU <\/strong>sono altres\u00ec tenuti al<strong> pagamento di una percezione consolare di 20\u20ac per l\u2019autentica della firma <\/strong>da apporre sull\u2019istanza di riconoscimento in presenza del funzionario consolare (dietro presentazione del passaporto nazionale).<\/p>\n<p>Il pagamento dei diritti consolari pari a <strong>620\u20ac<\/strong> dovr\u00e0 essere effettuato con bonifico bancario sul conto corrente intestato a questo Consolato Generale d\u2019Italia:<\/p>\n<p><strong>Bonifico bancario intestato a: <\/strong>Consolato Generale d\u2019Italia \u201cBonifici per diritti consolari\u201d<\/p>\n<p>MONTE PASCHI BANQUE:<\/p>\n<p>IBAN FR76 3047 8000 1201 9112 3500 482<\/p>\n<p>BIC\/SWIFT MONTFRPPXXX<\/p>\n<p>\u00c8 obbligatorio indicare nella causale del bonifico: l\u2019intestatario della richiesta (se donna indicare il cognome da nubile) e la motivazione (Riconoscimento cittadinanza italiana). Le eventuali spese del bonifico sono a completo carico del richiedente.<\/p>\n<p>N.B. Non si accettano gli assegni.<\/p>\n<p><strong>\u00a0<\/strong><\/p>\n<p><strong>RICHIESTA DI APPUNTAMENTO<\/strong><\/p>\n<p><strong>Si prega di <\/strong><strong>richiedere l\u2019appuntamento soltanto quando in possesso di tutta la documentazione richiesta<\/strong><strong>, in originale, tradotta e legalizzata.<\/strong><\/p>\n<p>L\u2019appuntamento deve essere richiesto all\u2019ufficio \u201ccittadinanza\u201d scrivendo al seguente indirizzo e-mail:<strong><a href=\"mailto:cittadinanza.lione@esteri.it\">cittadinanza.lione@esteri.it<\/a>.<\/strong><\/p>\n<p>In allegato al messaggio di richiesta d\u2019appuntamento, si prega di inviare <strong><u>solamente<\/u><\/strong> i seguenti documenti:<\/p>\n<ul>\n<li>giustificativo di domicilio;<\/li>\n<li>titolo di soggiorno valido 2 anni al momento della presentazione della domanda;<\/li>\n<li>copia del passaporto in corso di validit\u00e0;<\/li>\n<li><a href=\"https:\/\/conslione.esteri.it\/wp-content\/uploads\/2025\/11\/Albero-Genealogico.xls\" target=\"_blank\" rel=\"noopener\">albero genealogico<\/a> compilato in formato EXCEL<\/li>\n<\/ul>\n","protected":false},"excerpt":{"rendered":"Il Consolato Generale d\u2019Italia a Lione \u00e8 l\u2019autorit\u00e0 competente in materia di riconoscimento di cittadinanza italiana jure sanguinis per i residenti nei seguenti dipartimenti: Ain (01), Ard\u00e8che (07), Dr\u00f4me (26), Is\u00e8re (38), Loira (42) e Rodano (69), Savoia (73) ed Alta Savoia (74) (Rodano-Alpi) Allier (03), Cantal (15), Haute-Loire (43) e Puy-de-D\u00f4me (63) (Alvernia) Corr\u00e8ze [&hellip;]","protected":false},"author":7,"featured_media":0,"parent":165,"menu_order":4,"comment_status":"closed","ping_status":"closed","template":"","meta":{"footnotes":""},"class_list":["post-2992","page","type-page","status-publish","hentry"],"_links":{"self":[{"href":"https:\/\/conslione.esteri.it\/it\/wp-json\/wp\/v2\/pages\/2992","targetHints":{"allow":["GET"]}}],"collection":[{"href":"https:\/\/conslione.esteri.it\/it\/wp-json\/wp\/v2\/pages"}],"about":[{"href":"https:\/\/conslione.esteri.it\/it\/wp-json\/wp\/v2\/types\/page"}],"author":[{"embeddable":true,"href":"https:\/\/conslione.esteri.it\/it\/wp-json\/wp\/v2\/users\/7"}],"replies":[{"embeddable":true,"href":"https:\/\/conslione.esteri.it\/it\/wp-json\/wp\/v2\/comments?post=2992"}],"version-history":[{"count":6,"href":"https:\/\/conslione.esteri.it\/it\/wp-json\/wp\/v2\/pages\/2992\/revisions"}],"predecessor-version":[{"id":5299,"href":"https:\/\/conslione.esteri.it\/it\/wp-json\/wp\/v2\/pages\/2992\/revisions\/5299"}],"up":[{"embeddable":true,"href":"https:\/\/conslione.esteri.it\/it\/wp-json\/wp\/v2\/pages\/165"}],"wp:attachment":[{"href":"https:\/\/conslione.esteri.it\/it\/wp-json\/wp\/v2\/media?parent=2992"}],"curies":[{"name":"wp","href":"https:\/\/api.w.org\/{rel}","templated":true}]}}