{"id":313,"date":"2023-01-31T17:12:06","date_gmt":"2023-01-31T16:12:06","guid":{"rendered":"https:\/\/conslione.esteri.it?page_id=313"},"modified":"2026-04-14T16:02:26","modified_gmt":"2026-04-14T14:02:26","slug":"permanenza-consolare-a-chambery","status":"publish","type":"page","link":"https:\/\/conslione.esteri.it\/it\/chi-siamo\/la-rete-consolare\/permanenza-consolare-a-chambery\/","title":{"rendered":"Permanenza Consolare a Chamb\u00e9ry"},"content":{"rendered":"<p><strong><span style=\"color: #3366ff;\">Orari: il luned\u00ec, dalle 9.00 alle 13.00 e dalle 14.00 alle 17.00<\/span><\/strong><\/p>\n<p>&nbsp;<\/p>\n<p><strong>SEDE DELLA PERMANENZA : presso LA DYNAMO, 24 avenue Daniel ROPS &#8211; Chamb\u00e9ry. <\/strong><strong>Linea bus : B fermata C\u00e9vennes (direzione Les Hauts de Chamb\u00e9ry)<\/strong><\/p>\n<p><strong>Il pubblico verr\u00e0 ricevuto esclusivamente su appuntamento (prenotazione possibile sul portale <a href=\"https:\/\/prenotami.esteri.it\/\">Prenot@mi<\/a>\u00a0) e sar\u00e0 consentito l&#8217;accesso ad un utente per volta.<\/strong><\/p>\n<p>Si ricorda ai gentili utenti di rispettare sempre, sia nella fila all\u2019esterno dei locali che all\u2019interno degli stessi, la distanza di almeno un metro gli uni dagli altri. Si raccomanda la puntualit\u00e0, anche al fine di evitare assembramenti all\u2019esterno degli uffici. Si raccomanda altres\u00ec la presenza dei soli destinatari dell\u2019erogazione dei servizi. Familiari e accompagnatori saranno cortesemente invitati ad attendere all\u2019esterno.<\/p>\n<p><a href=\"https:\/\/conslione.esteri.it\/it\/servizi-consolari-e-visti\/servizi-per-il-cittadino-italiano\/carta-didentita-elettronica-cie\/\"><strong>CARTE D&#8217;IDENTITA ELETTRONICHE<\/strong><\/a><\/p>\n<p>La richiesta di CIE va effettuata esclusivamente sul portale\u00a0<a href=\"https:\/\/prenotami.esteri.it\/\">Prenot@mi<\/a><\/p>\n<p>La prenotazione sul portale PRENOT@MI per le CIE \u00e9 possibile solo per prendere appuntamenti presso il Consolato Generale d\u2019Italia a Lione.<strong>Ci\u00f2 in quanto la procedura inerente il rilascio della CIE prevede l&#8217;utilizzo di apparecchiature informatiche in uso solo presso il Consolato Generale e non presso le permanenze di Chamb\u00e9ry e Grenoble.<\/strong>.<\/p>\n<p><strong>RILEVAZIONE DELLE IMPRONTE E ACQUISIZIONE DELLA FIRMA DIGITALE PER IL RILASCIO DEL PASSAPORTO<\/strong><\/p>\n<p><strong>Attenzione<\/strong>\u00a0questo servizio viene effettuato dopo che l&#8217;utente ha preso appuntamento presso la permanenza di Chamb\u00e9ry, tramite il portale\u00a0<a href=\"https:\/\/prenotami.esteri.it\/\">Prenot@mi<\/a>.<\/p>\n<p>Il giorno dell&#8217;appuntamento\u00a0il connazionale potr\u00e0 presentare tutta la documentazione presentandosi personalmente alla Permanenza consolare a Chambery.<\/p>\n<p>Il nuovo passaporto sar\u00e0 inviato successivamente per posta raccomandata direttamente all\u2019interessato.<\/p>\n<p>Per qualunque altra richiesta, i connazionali dovranno rivolgersi al Consolato Generale d\u2019Italia a Lione.<\/p>\n","protected":false},"excerpt":{"rendered":"Orari: il luned\u00ec, dalle 9.00 alle 13.00 e dalle 14.00 alle 17.00 &nbsp; SEDE DELLA PERMANENZA : presso LA DYNAMO, 24 avenue Daniel ROPS &#8211; Chamb\u00e9ry. Linea bus : B fermata C\u00e9vennes (direzione Les Hauts de Chamb\u00e9ry) Il pubblico verr\u00e0 ricevuto esclusivamente su appuntamento (prenotazione possibile sul portale Prenot@mi\u00a0) e sar\u00e0 consentito l&#8217;accesso ad un [&hellip;]","protected":false},"author":7,"featured_media":0,"parent":65,"menu_order":0,"comment_status":"closed","ping_status":"closed","template":"","meta":{"footnotes":""},"class_list":["post-313","page","type-page","status-publish","hentry"],"_links":{"self":[{"href":"https:\/\/conslione.esteri.it\/it\/wp-json\/wp\/v2\/pages\/313","targetHints":{"allow":["GET"]}}],"collection":[{"href":"https:\/\/conslione.esteri.it\/it\/wp-json\/wp\/v2\/pages"}],"about":[{"href":"https:\/\/conslione.esteri.it\/it\/wp-json\/wp\/v2\/types\/page"}],"author":[{"embeddable":true,"href":"https:\/\/conslione.esteri.it\/it\/wp-json\/wp\/v2\/users\/7"}],"replies":[{"embeddable":true,"href":"https:\/\/conslione.esteri.it\/it\/wp-json\/wp\/v2\/comments?post=313"}],"version-history":[{"count":6,"href":"https:\/\/conslione.esteri.it\/it\/wp-json\/wp\/v2\/pages\/313\/revisions"}],"predecessor-version":[{"id":5422,"href":"https:\/\/conslione.esteri.it\/it\/wp-json\/wp\/v2\/pages\/313\/revisions\/5422"}],"up":[{"embeddable":true,"href":"https:\/\/conslione.esteri.it\/it\/wp-json\/wp\/v2\/pages\/65"}],"wp:attachment":[{"href":"https:\/\/conslione.esteri.it\/it\/wp-json\/wp\/v2\/media?parent=313"}],"curies":[{"name":"wp","href":"https:\/\/api.w.org\/{rel}","templated":true}]}}