{"id":326,"date":"2023-02-01T10:21:00","date_gmt":"2023-02-01T09:21:00","guid":{"rendered":"https:\/\/conslione.esteri.it?page_id=326"},"modified":"2023-10-02T13:42:20","modified_gmt":"2023-10-02T11:42:20","slug":"benvenuto","status":"publish","type":"page","link":"https:\/\/conslione.esteri.it\/it\/chi-siamo\/il-console-generale\/benvenuto\/","title":{"rendered":"Benvenuto"},"content":{"rendered":"<p>Care e cari connazionali, cari visitatori,<\/p>\n<p>benvenuti sul sito del Consolato Generale d\u2019Italia a Lione, che mi auguro possa essere per tutti voi un utile strumento per conoscere il Consolato Generale stesso e le modalit\u00e0 di erogazione dei servizi consolari.<\/p>\n<p>Nell\u2019assumere l\u2019incarico di Console Generale, \u00a0rivolgo a tutti voi un caloroso saluto. \u00c8 per me un grande onore poter servire il nostro Paese in una regione in cui la collettivit\u00e0 italiana \u00e8 in forte espansione e cos\u00ec attiva sul territorio.<\/p>\n<p>Assolver\u00f2 i miei compiti con entusiasmo, garantendo il massimo impegno anche dei miei collaboratori, affinch\u00e9 i servizi erogati dal Consolato siano sempre pi\u00f9 efficienti e possano rispondere sempre meglio alle vostre esigenze.<\/p>\n<p>Colgo l\u2019occasione per rivolgere i miei saluti anche alle Autorit\u00e0 locali francesi con le quali esistono profondi legami di collaborazione e amicizia, che mi auguro possano essere ulteriormente consolidati negli anni a venire.<\/p>\n<p>Chiara Petracca<\/p>\n","protected":false},"excerpt":{"rendered":"Care e cari connazionali, cari visitatori, benvenuti sul sito del Consolato Generale d\u2019Italia a Lione, che mi auguro possa essere per tutti voi un utile strumento per conoscere il Consolato Generale stesso e le modalit\u00e0 di erogazione dei servizi consolari. Nell\u2019assumere l\u2019incarico di Console Generale, \u00a0rivolgo a tutti voi un caloroso saluto. \u00c8 per me [&hellip;]","protected":false},"author":7,"featured_media":0,"parent":61,"menu_order":0,"comment_status":"closed","ping_status":"closed","template":"","meta":{"footnotes":""},"class_list":["post-326","page","type-page","status-publish","hentry"],"_links":{"self":[{"href":"https:\/\/conslione.esteri.it\/it\/wp-json\/wp\/v2\/pages\/326","targetHints":{"allow":["GET"]}}],"collection":[{"href":"https:\/\/conslione.esteri.it\/it\/wp-json\/wp\/v2\/pages"}],"about":[{"href":"https:\/\/conslione.esteri.it\/it\/wp-json\/wp\/v2\/types\/page"}],"author":[{"embeddable":true,"href":"https:\/\/conslione.esteri.it\/it\/wp-json\/wp\/v2\/users\/7"}],"replies":[{"embeddable":true,"href":"https:\/\/conslione.esteri.it\/it\/wp-json\/wp\/v2\/comments?post=326"}],"version-history":[{"count":4,"href":"https:\/\/conslione.esteri.it\/it\/wp-json\/wp\/v2\/pages\/326\/revisions"}],"predecessor-version":[{"id":1624,"href":"https:\/\/conslione.esteri.it\/it\/wp-json\/wp\/v2\/pages\/326\/revisions\/1624"}],"up":[{"embeddable":true,"href":"https:\/\/conslione.esteri.it\/it\/wp-json\/wp\/v2\/pages\/61"}],"wp:attachment":[{"href":"https:\/\/conslione.esteri.it\/it\/wp-json\/wp\/v2\/media?parent=326"}],"curies":[{"name":"wp","href":"https:\/\/api.w.org\/{rel}","templated":true}]}}