{"id":3828,"date":"2025-06-27T12:50:27","date_gmt":"2025-06-27T10:50:27","guid":{"rendered":"https:\/\/conslione.esteri.it\/?page_id=3828"},"modified":"2026-01-05T12:38:54","modified_gmt":"2026-01-05T11:38:54","slug":"avvocati","status":"publish","type":"page","link":"https:\/\/conslione.esteri.it\/it\/servizi-consolari-e-visti\/servizi-per-il-cittadino-italiano\/liste-professionisti-ed-enti\/avvocati\/","title":{"rendered":"Avvocati"},"content":{"rendered":"<p><strong>I nominativi riportati vengono forniti \u2013\u00a0<u>in ordine alfabetico<\/u>\u00a0\u2013 a titolo informativo e non esaustivo. Il Consolato Generale non sottopone a verifica la loro attivit\u00e0, n\u00e9 risponde per il loro operato. Il Consolato Generale non pu\u00f2 pertanto assumere alcuna responsabilit\u00e0 sugli esiti di eventuali rapporti che avverranno su base del tutto diretta e privatistica. Questo Consolato Generale declina ogni responsabilit\u00e0 da danni derivanti da imprecisioni od omissioni nei dati personali forniti dai professionisti.<\/strong><\/p>\n<p>&nbsp;<\/p>\n<h4><strong>ORDINE DEGLI AVVOCATI DI LIONE E VIENNE<\/strong><\/h4>\n<p>&nbsp;<\/p>\n<p><strong>Avv. Giorgio BIANCO<\/strong><\/p>\n<p>Giambrone &amp; Partners France Selas<\/p>\n<p><a href=\"https:\/\/www.google.com\/maps\/search\/41+Cours+de+la+Libert%C3%A9+-+69003+Lyon?entry=gmail&amp;source=g\">41 Cours de la Libert\u00e9 &#8211; 69003 Lyon<\/a><\/p>\n<p>Tel. 04.81.06.13.85<\/p>\n<p>E-mail: <a href=\"mailto:giorgio.bianco@giambronelaw.com\">giorgio.bianco@giambronelaw.com<\/a><\/p>\n<p>Website: <a href=\"http:\/\/www.giambronelaw.fr\/\">www.giambronelaw.fr<\/a><\/p>\n<p>&nbsp;<\/p>\n<p><strong>Avv. Thierry BONNET<\/strong><\/p>\n<p>20 Rue Childebert &#8211; 69002 Lyon<\/p>\n<p>Tel. +33 (0)6 8502 1706<\/p>\n<p>Tel. Studio Castaldi: +33 (0) 4 81 06 24 00<\/p>\n<p>E-mail\u00a0: <a href=\"mailto:tbonnet@castaldipartners.com\">tbonnet@castaldipartners.com<\/a><\/p>\n<p>Website: <a href=\"https:\/\/www.castaldipartners.com\/fr\/bonnet_thierry\/\">https:\/\/www.castaldipartners.com\/fr\/bonnet_thierry\/<\/a><\/p>\n<p>&nbsp;<\/p>\n<p><strong>Avv. Vincent CALAME-SCHMIDT\u00a0 <\/strong><\/p>\n<p>3 rue Clos Suiphon &#8211; 69003 LYON<\/p>\n<p>Tel.\u00a0 07 69 03 35 99<\/p>\n<p>e-mail\u00a0: <a href=\"mailto:calame-schmidt.vincent@protonmail.com\">calame-schmidt.vincent@protonmail.com<\/a><\/p>\n<p>&nbsp;<\/p>\n<p><strong>Avv. Lara CAVALLI<\/strong><\/p>\n<p>119 rue Pierre Corneille &#8211; 69003 LYON<\/p>\n<p>Tel. 07 61 66 54 05<\/p>\n<p>Tel. 04 37 43 08 94<\/p>\n<p>E-mail: <a href=\"mailto:lc@cavalli-avocat.fr\">lc@cavalli-avocat.fr<\/a><\/p>\n<p>&nbsp;<\/p>\n<p><strong>Avv. Marion COSTANTINO-COUSTIER<\/strong><\/p>\n<p>23 quai Sarrail &#8211; 69006 LYON<\/p>\n<p>Cell. 06 70 80 96 99<\/p>\n<p>E-mail: <a href=\"mailto:m.coustier@narratives.law\">m.coustier@narratives.law<\/a><\/p>\n<p>Website: <a href=\"https:\/\/costantino-coustier-avocat.fr\/\">https:\/\/costantino-coustier-avocat.fr\/<\/a><\/p>\n<p>&nbsp;<\/p>\n<p><strong>Avv. Angela FALQUI<\/strong><\/p>\n<p>Giambrone &amp; Partners France Selas<\/p>\n<p>41 Cours de la Libert\u00e9 &#8211; 69003 Lyon<\/p>\n<p>Tel. 04 81\u00a006\u00a013 85<\/p>\n<p>E-mail: <a href=\"mailto:angela.falqui@giambronelaw.com\">angela.falqui@giambronelaw.com<\/a><\/p>\n<p>Website: <a href=\"http:\/\/www.giambronelaw.fr\/\">www.giambronelaw.fr<\/a><\/p>\n<p>&nbsp;<\/p>\n<p><strong>Avv<\/strong>. <strong>Louise POURIAS<\/strong><\/p>\n<p>13, Boulevard Eug\u00e8ne Arnaud &#8211; 38200 Vienne<\/p>\n<p>Cell. 07.69.51.71.92<\/p>\n<p>E-mail: <a href=\"mailto:contact@pourias-avocat.com\">contact@pourias-avocat.com<\/a><\/p>\n<p>&nbsp;<\/p>\n<p><strong>Avv. Augusta PUPO<\/strong><\/p>\n<p>8, Rue Joseph Serlin &#8211; 69001 LYON<\/p>\n<p>Tel. (+33) 06 67 27 53 00<\/p>\n<p>E-Mail: <a href=\"mailto:ap@pupo-legal.com\">ap@pupo-legal.com<\/a><\/p>\n<p>&nbsp;<\/p>\n<p><strong>Avv Alexandra RECCHIA PAULIN<\/strong><\/p>\n<p>20 Quai Victor Augagneur &#8211; 69003 Lyon<\/p>\n<p>Tel: 04.72.60.79.69<\/p>\n<p>E-mail: <a href=\"mailto:alexandra.recchia-paulin@avocat.fr\">alexandra.recchia-paulin@avocat.fr<\/a><\/p>\n<p>Website: <a href=\"https:\/\/www.alexandrarecchia-avocat.com\/\">https:\/\/www.alexandrarecchia-avocat.com\/<\/a><\/p>\n<p>&nbsp;<\/p>\n<p><strong>Avv. Ga\u00eblle RUSSO <\/strong><\/p>\n<p>35 rue de Marseille \u2013 69007 Lyon<\/p>\n<p>Tel: 06 64 86 13 64<\/p>\n<p>E-mail: <a href=\"mailto:grusso.avocat@gmail.com\">grusso.avocat@gmail.com<\/a><\/p>\n<p>&nbsp;<\/p>\n<h4><strong>ORDINE DEGLI AVVOCATI DI GRENOBLE<\/strong><\/h4>\n<p>&nbsp;<\/p>\n<p><strong>Avv. Ingrid ALAMPI<\/strong><\/p>\n<p>5, Cours Jean Jaur\u00e8s &#8211; 38000 GRENOBLE<\/p>\n<p>Tel. 04.76.43.31.13<\/p>\n<p>e-mail : <a href=\"mailto:contact@alampi-avocat.fr\">contact@alampi-avocat.fr<\/a><\/p>\n<p>&nbsp;<\/p>\n<p><strong>Avv. Diego SPINELLA<\/strong><\/p>\n<p>Europa Avocats &#8211; 1, Place Firmin Gauthier \u2013 38000 GRENOBLE<\/p>\n<p>Tel. 06.28.93.00.40<\/p>\n<p>E-mail: <a href=\"mailto:spinella@europa-avocats.com\">spinella@europa-avocats.com<\/a><\/p>\n<p>Website: <a href=\"https:\/\/www.europa-avocats.com\/\">https:\/\/www.europa-avocats.com\/<\/a><\/p>\n<p>&nbsp;<\/p>\n<h4><strong>ORDINE DEGLI AVVOCATI DI CHAMBERY E ANNECY<\/strong><\/h4>\n<p>&nbsp;<\/p>\n<p><strong>Avv. Paul SALVISBERG<\/strong><\/p>\n<p>Padzunass Salvisberg &amp; Associ\u00e9s<br \/>\n95, Place de l\u2019Europe &#8211; 73200 ALBERTVILLE<\/p>\n<p>Tel. 06 63 51 44 14<\/p>\n<p>E-mail: <a href=\"mailto:paul@avocat-padzunass-salvisberg.fr\">paul@avocat-padzunass-salvisberg.fr<\/a><\/p>\n<p>&nbsp;<\/p>\n<p><strong>Avv. Diego SPINELLA<\/strong><\/p>\n<p>1 rue g\u00e9n\u00e9ral Ferri\u00e9 &#8211; 73000 CHAMBERY<\/p>\n<p>Tel. 06.28.93.00.40<\/p>\n<p>E-mail: <a href=\"mailto:spinella@europa-avocats.com\">spinella@europa-avocats.com<\/a><\/p>\n<p>Website: <a href=\"https:\/\/www.europa-avocats.com\/\">https:\/\/www.europa-avocats.com\/<\/a><\/p>\n<p>&nbsp;<\/p>\n","protected":false},"excerpt":{"rendered":"I nominativi riportati vengono forniti \u2013\u00a0in ordine alfabetico\u00a0\u2013 a titolo informativo e non esaustivo. Il Consolato Generale non sottopone a verifica la loro attivit\u00e0, n\u00e9 risponde per il loro operato. Il Consolato Generale non pu\u00f2 pertanto assumere alcuna responsabilit\u00e0 sugli esiti di eventuali rapporti che avverranno su base del tutto diretta e privatistica. Questo Consolato [&hellip;]","protected":false},"author":14,"featured_media":0,"parent":3822,"menu_order":2,"comment_status":"closed","ping_status":"closed","template":"","meta":{"footnotes":""},"class_list":["post-3828","page","type-page","status-publish","hentry"],"_links":{"self":[{"href":"https:\/\/conslione.esteri.it\/it\/wp-json\/wp\/v2\/pages\/3828","targetHints":{"allow":["GET"]}}],"collection":[{"href":"https:\/\/conslione.esteri.it\/it\/wp-json\/wp\/v2\/pages"}],"about":[{"href":"https:\/\/conslione.esteri.it\/it\/wp-json\/wp\/v2\/types\/page"}],"author":[{"embeddable":true,"href":"https:\/\/conslione.esteri.it\/it\/wp-json\/wp\/v2\/users\/14"}],"replies":[{"embeddable":true,"href":"https:\/\/conslione.esteri.it\/it\/wp-json\/wp\/v2\/comments?post=3828"}],"version-history":[{"count":6,"href":"https:\/\/conslione.esteri.it\/it\/wp-json\/wp\/v2\/pages\/3828\/revisions"}],"predecessor-version":[{"id":4750,"href":"https:\/\/conslione.esteri.it\/it\/wp-json\/wp\/v2\/pages\/3828\/revisions\/4750"}],"up":[{"embeddable":true,"href":"https:\/\/conslione.esteri.it\/it\/wp-json\/wp\/v2\/pages\/3822"}],"wp:attachment":[{"href":"https:\/\/conslione.esteri.it\/it\/wp-json\/wp\/v2\/media?parent=3828"}],"curies":[{"name":"wp","href":"https:\/\/api.w.org\/{rel}","templated":true}]}}