{"id":436,"date":"2023-02-02T10:13:45","date_gmt":"2023-02-02T09:13:45","guid":{"rendered":"https:\/\/conslione.esteri.it?page_id=436"},"modified":"2025-02-13T12:56:10","modified_gmt":"2025-02-13T11:56:10","slug":"prenota-appuntamento","status":"publish","type":"page","link":"https:\/\/conslione.esteri.it\/it\/servizi-consolari-e-visti\/servizi-per-il-cittadino-italiano\/altri-servizi\/prenota-appuntamento\/","title":{"rendered":"Prenota Appuntamento"},"content":{"rendered":"<p>Per il rilascio del Passaporto e della Carta d&#8217;Identit\u00e0 Elettronica \u00e8 necessario effettuare la prenotazione sul portale <a href=\"https:\/\/prenotami.esteri.it\/\">Prenot@mi<\/a> (V. link sotto)<\/p>\n<p><strong>L&#8217;appuntamento \u00e8 individuale e nominale, anche per i figli minorenni a partire dai 12 anni.<\/strong><\/p>\n<p>&nbsp;<\/p>\n<p><a href=\"https:\/\/prenotami.esteri.it\/\"><img loading=\"lazy\" decoding=\"async\" src=\"https:\/\/conslione.esteri.it\/consolato_lione\/resource\/img\/2021\/06\/prenotami.jpg\" alt=\"prenotami\" width=\"300\" height=\"120\" \/><\/a><\/p>\n<p>AVVERTENZA : Nella sezione<em>\u00a0I miei appuntamenti<\/em>\u00a0del Portale <a href=\"https:\/\/prenotami.esteri.it\/\">Prenot@mi<\/a> \u00e8 possibile consultare tutti gli appuntamenti prenotati. In questa sezione del Portale <a href=\"https:\/\/prenotami.esteri.it\/\">Prenot@mi<\/a> il cittadino pu\u00f2 visualizzare sia le prenotazioni effettuate direttamente sul calendario che le richieste di prenotazione in lista d\u2019attesa.<\/p>\n<p><strong>A PARTIRE DAL 10\u00b0 E FINO AL 3\u00b0 GIORNO DALLA DATA DELL\u2019APPUNTAMENTO IL CITTADINO DOVR\u00c0 OBBLIGATORIAMENTE CONFERMARE LA PRENOTAZIONE RICHIESTA.<\/strong><\/p>\n<p><a href=\"https:\/\/conslione.esteri.it\/wp-content\/uploads\/2025\/02\/MANUALE-PRENOTAMI.docx\">E&#8217; in linea il manuale di utilizzo del portale Prenot@mi.<\/a><\/p>\n<p>Prima di\u00a0fissare un appuntamento, si consiglia\u00a0di leggere attentamente\u00a0le indicazioni presenti alla pagina\u00a0<a href=\"https:\/\/conslione.esteri.it\/it\/servizi-consolari-e-visti\/servizi-per-il-cittadino-italiano\/passaporti-e-carte-didentita\/\">Passaporti<\/a>\u00a0o\u00a0<a href=\"https:\/\/conslione.esteri.it\/it\/servizi-consolari-e-visti\/servizi-per-il-cittadino-italiano\/carta-didentita-elettronica-cie\/\">CIE<\/a><\/p>\n<p><strong>Attenzione<\/strong>: se si utilizza per la prima volta il sistema di prenotazione appuntamenti online occorre preventivamente registrarsi fornendo tutte le informazioni richieste.<br \/>\nE\u2019 necessario\u00a0<strong>possedere un indirizzo di posta elettronica<\/strong>\u00a0che verr\u00e0 richiesto in fase di definizione dell\u2019utenza, e dove verr\u00e0 inviata la conferma della registrazione con il dettaglio delle credenziali di accesso.<br \/>\nPer accessi successivi al sistema, sar\u00e0 sufficiente inserire il proprio nome-utente e password definiti la prima volta in fase di registrazione.<\/p>\n<p>&nbsp;<\/p>\n","protected":false},"excerpt":{"rendered":"Per il rilascio del Passaporto e della Carta d&#8217;Identit\u00e0 Elettronica \u00e8 necessario effettuare la prenotazione sul portale Prenot@mi (V. link sotto) L&#8217;appuntamento \u00e8 individuale e nominale, anche per i figli minorenni a partire dai 12 anni. &nbsp; AVVERTENZA : Nella sezione\u00a0I miei appuntamenti\u00a0del Portale Prenot@mi \u00e8 possibile consultare tutti gli appuntamenti prenotati. In questa sezione [&hellip;]","protected":false},"author":7,"featured_media":0,"parent":156,"menu_order":0,"comment_status":"closed","ping_status":"closed","template":"","meta":{"footnotes":""},"class_list":["post-436","page","type-page","status-publish","hentry"],"_links":{"self":[{"href":"https:\/\/conslione.esteri.it\/it\/wp-json\/wp\/v2\/pages\/436","targetHints":{"allow":["GET"]}}],"collection":[{"href":"https:\/\/conslione.esteri.it\/it\/wp-json\/wp\/v2\/pages"}],"about":[{"href":"https:\/\/conslione.esteri.it\/it\/wp-json\/wp\/v2\/types\/page"}],"author":[{"embeddable":true,"href":"https:\/\/conslione.esteri.it\/it\/wp-json\/wp\/v2\/users\/7"}],"replies":[{"embeddable":true,"href":"https:\/\/conslione.esteri.it\/it\/wp-json\/wp\/v2\/comments?post=436"}],"version-history":[{"count":1,"href":"https:\/\/conslione.esteri.it\/it\/wp-json\/wp\/v2\/pages\/436\/revisions"}],"predecessor-version":[{"id":3172,"href":"https:\/\/conslione.esteri.it\/it\/wp-json\/wp\/v2\/pages\/436\/revisions\/3172"}],"up":[{"embeddable":true,"href":"https:\/\/conslione.esteri.it\/it\/wp-json\/wp\/v2\/pages\/156"}],"wp:attachment":[{"href":"https:\/\/conslione.esteri.it\/it\/wp-json\/wp\/v2\/media?parent=436"}],"curies":[{"name":"wp","href":"https:\/\/api.w.org\/{rel}","templated":true}]}}